{"id":15451,"date":"2021-02-18T12:24:07","date_gmt":"2021-02-18T11:24:07","guid":{"rendered":"https:\/\/fxbuggy.com\/calculo-del-iva\/"},"modified":"2025-11-19T09:47:03","modified_gmt":"2025-11-19T08:47:03","slug":"calculo-del-iva","status":"publish","type":"page","link":"https:\/\/fxbuggy.com\/es\/calculo-del-iva\/","title":{"rendered":"C\u00e1lculo del IVA"},"content":{"rendered":"<p><b>Si procede, el IVA se cargar\u00e1 durante el proceso de pago. El IVA se calcular\u00e1 del siguiente modo: <\/b><\/p>\n<ul>\n<li>Cliente en los Pa\u00edses Bajos: se cobrar\u00e1 el 21% de IVA<\/li>\n<li>Cliente particular fuera de Holanda, pero dentro de la UE: se cobrar\u00e1 el 21% de IVA<\/li>\n<li>Cliente comercial fuera de Holanda, pero dentro de la UE: No se cobrar\u00e1 IVA. Se requiere un n\u00famero de IVA v\u00e1lido, que debe introducirse durante el proceso de pago. <\/li>\n<li>Clientes de fuera de la UE: No se cargar\u00e1 el IVA durante el pago. El posible IVA lo cobran las aduanas del pa\u00eds de entrega. <\/li>\n<\/ul>\n<p>Cualquier impuesto sobre las ventas que se aplique se indicar\u00e1 una vez que hayas introducido tu direcci\u00f3n de facturaci\u00f3n y\/o de env\u00edo durante el proceso de pago.<\/p>\n","protected":false},"excerpt":{"rendered":"<p>Si procede, el IVA se cargar\u00e1 durante el proceso de pago. El IVA se calcular\u00e1 del siguiente modo: Cliente en los Pa\u00edses Bajos: se cobrar\u00e1 el 21% de IVA Cliente particular fuera de Holanda, pero dentro de la UE: se cobrar\u00e1 el 21% de IVA Cliente comercial fuera de Holanda, pero dentro de la UE:<\/p>\n","protected":false},"author":1261,"featured_media":0,"parent":0,"menu_order":0,"comment_status":"closed","ping_status":"closed","template":"","meta":{"_acf_changed":false,"_monsterinsights_skip_tracking":false,"_monsterinsights_sitenote_active":false,"_monsterinsights_sitenote_note":"","_monsterinsights_sitenote_category":0,"footnotes":""},"class_list":["post-15451","page","type-page","status-publish","hentry"],"acf":[],"_links":{"self":[{"href":"https:\/\/fxbuggy.com\/es\/wp-json\/wp\/v2\/pages\/15451","targetHints":{"allow":["GET"]}}],"collection":[{"href":"https:\/\/fxbuggy.com\/es\/wp-json\/wp\/v2\/pages"}],"about":[{"href":"https:\/\/fxbuggy.com\/es\/wp-json\/wp\/v2\/types\/page"}],"author":[{"embeddable":true,"href":"https:\/\/fxbuggy.com\/es\/wp-json\/wp\/v2\/users\/1261"}],"replies":[{"embeddable":true,"href":"https:\/\/fxbuggy.com\/es\/wp-json\/wp\/v2\/comments?post=15451"}],"version-history":[{"count":1,"href":"https:\/\/fxbuggy.com\/es\/wp-json\/wp\/v2\/pages\/15451\/revisions"}],"predecessor-version":[{"id":15463,"href":"https:\/\/fxbuggy.com\/es\/wp-json\/wp\/v2\/pages\/15451\/revisions\/15463"}],"wp:attachment":[{"href":"https:\/\/fxbuggy.com\/es\/wp-json\/wp\/v2\/media?parent=15451"}],"curies":[{"name":"wp","href":"https:\/\/api.w.org\/{rel}","templated":true}]}}