{"id":15462,"date":"2020-04-09T12:45:47","date_gmt":"2020-04-09T10:45:47","guid":{"rendered":"https:\/\/fxbuggy.com\/declaracion-de-privacidad\/"},"modified":"2020-04-09T12:45:47","modified_gmt":"2020-04-09T10:45:47","slug":"declaracion-de-privacidad","status":"publish","type":"page","link":"https:\/\/fxbuggy.com\/es\/declaracion-de-privacidad\/","title":{"rendered":"Declaraci\u00f3n de privacidad"},"content":{"rendered":"<h2>DECLARACI\u00d3N DE PRIVACIDAD APLICADA POR<\/h2>\n<h2>CONSOLIDADA FX Buggy\u00a9 B.V.<\/h2>\n<h3>1. INTRODUCCI\u00d3N DECLARACI\u00d3N DE PRIVACIDAD<\/h3>\n<p>FX Buggy\u00a9 B.V. se compromete a proteger tu privacidad. Esta declaraci\u00f3n detalla las medidas que tomamos para proteger tu informaci\u00f3n personal cuando visitas nuestros sitios web. Describe la informaci\u00f3n personal que recopilamos, los fines para los que utilizamos dicha informaci\u00f3n y tus opciones con respecto al uso que hacemos de ella. Tambi\u00e9n se tratan aqu\u00ed las medidas que tomamos para proteger tu informaci\u00f3n personal y c\u00f3mo puedes revisarla y corregirla. Al acceder a nuestros sitios web, aceptas las pr\u00e1cticas de recopilaci\u00f3n y uso de la informaci\u00f3n descritas en esta declaraci\u00f3n de privacidad.    <\/p>\n<h3>2. POL\u00cdTICA DE PRIVACIDAD<\/h3>\n<p>Si nos proporcionas informaci\u00f3n u otros materiales, aceptas que hagamos uso de ellos. FX Buggy\u00a9 B.V. no est\u00e1 obligado en modo alguno a comprobar la informaci\u00f3n que env\u00edes al sitio web de FX Buggy\u00a9 B.V.. Al enviarnos informaci\u00f3n o reaccionar, das tu consentimiento para que FX Buggy\u00a9 B.V. utilice dicha informaci\u00f3n, la publique o la modifique de la forma que FX Buggy\u00a9 B.V. considere conveniente.  <\/p>\n<h3>3. NUESTRA RECOPILACI\u00d3N DE INFORMACI\u00d3N<\/h3>\n<p>Informaci\u00f3n recopilada directamente de ti Por lo general, puedes visitar las p\u00e1ginas web de FX Buggy\u00a9 B.V. sin introducir ninguna informaci\u00f3n personal. En determinadas p\u00e1ginas, podemos pedirte informaci\u00f3n personal para prestarte un servicio o realizar una transacci\u00f3n que hayas solicitado. La informaci\u00f3n personal que recopilamos puede incluir:  <\/p>\n<ol>\n<li>datos de contacto, como tu nombre, cargo, nombre de la empresa\/organizaci\u00f3n, direcci\u00f3n de correo electr\u00f3nico, n\u00fameros de tel\u00e9fono y direcci\u00f3n f\u00edsica;<\/li>\n<li>informaci\u00f3n sobre tu empresa;<\/li>\n<li>tus preferencias de marketing por correo electr\u00f3nico;<\/li>\n<li>informaci\u00f3n financiera (incluida la informaci\u00f3n de la tarjeta de cr\u00e9dito o de la cuenta);<\/li>\n<li>informaci\u00f3n como tu nacionalidad y pa\u00eds de residencia que nos permita determinar tu elegibilidad seg\u00fan las normas de control de exportaciones.<\/li>\n<li>informaci\u00f3n utilizada para personalizar y facilitar tu uso de nuestros sitios web, incluida la informaci\u00f3n t\u00e9cnica y de inicio de sesi\u00f3n;<\/li>\n<li>consultas y pedidos de nuestros productos y servicios;<\/li>\n<li>informaci\u00f3n que nos ayude a identificar los productos y servicios que mejor se adapten a tus necesidades;<\/li>\n<li>informaci\u00f3n sobre la inscripci\u00f3n al acto; y<\/li>\n<li>tus comentarios sobre nuestros sitios web y nuestros productos y servicios en general.<\/li>\n<\/ol>\n<p>No est\u00e1s obligado a facilitar ninguno de estos datos, pero si no lo haces, es posible que no podamos prestarte el servicio solicitado o completar tu transacci\u00f3n. Recogemos informaci\u00f3n sobre tu visita a nuestros sitios, incluidas las p\u00e1ginas que ves, el n\u00famero de bytes transferidos, los enlaces en los que haces clic, los materiales a los que accedes y otras acciones realizadas dentro de los sitios de FX Buggy\u00a9 B.V.. En los sitios a los que accedes con una identificaci\u00f3n de usuario, podemos conectar esta informaci\u00f3n con tu identidad para determinar tus intereses potenciales en nuestros productos y servicios. Tambi\u00e9n recopilamos cierta informaci\u00f3n est\u00e1ndar que tu navegador env\u00eda a cada sitio web que visitas, como tu direcci\u00f3n de Protocolo de Internet (IP), el tipo y capacidades de tu navegador y tu idioma, tu sistema operativo, la fecha y hora en que accedes al sitio y el sitio web desde el que enlazaste con nuestro sitio.   <\/p>\n<h3>4. SERVICIOS Y TRANSACCIONES<\/h3>\n<p>Utilizamos tu informaci\u00f3n personal para prestar servicios o realizar transacciones que hayas solicitado, como proporcionar informaci\u00f3n sobre los productos FX Buggy\u00a9 B.V., registrar los productos adquiridos, procesar pedidos de productos, gestionar reclamaciones de garant\u00eda, sustituir manuales de productos, responder a solicitudes de atenci\u00f3n al cliente, facilitar el uso de nuestros sitios web, etc. Con el fin de ofrecerte una experiencia m\u00e1s coherente en tus interacciones con FX Buggy\u00a9 B.V., la informaci\u00f3n recogida por nuestros sitios web puede combinarse con la informaci\u00f3n que recopilamos por otros medios. <\/p>\n<h3>5. MEJORA DEL SITIO WEB<\/h3>\n<p>Podemos utilizar tu informaci\u00f3n personal para mejorar nuestros sitios web y los productos o servicios relacionados con FX Buggy\u00a9 B.V., o para facilitar el uso de nuestros sitios web eliminando la necesidad de que introduzcas repetidamente la misma informaci\u00f3n o personalizando nuestros sitios web seg\u00fan tus preferencias o intereses particulares.<\/p>\n<h3>6. COMUNICACIONES<\/h3>\n<p>Con tu permiso, podemos utilizar tu informaci\u00f3n personal recopilada a trav\u00e9s de nuestros sitios web para informarte sobre productos o servicios disponibles en FX Buggy\u00a9 B.V.. Cuando recopilemos informaci\u00f3n que pueda utilizarse para ponernos en contacto contigo acerca de nuestros productos y servicios, siempre te daremos la oportunidad de optar por no recibir dichas comunicaciones. Adem\u00e1s, cada comunicaci\u00f3n por correo electr\u00f3nico que enviamos incluye un enlace para darse de baja que te permite detener la entrega de ese tipo de comunicaci\u00f3n. Si decides darte de baja, te eliminaremos de la lista correspondiente en un plazo de 10 d\u00edas laborables.   <\/p>\n<h3>7. SOLICITUDES DE EMPLEO<\/h3>\n<p>En relaci\u00f3n con una solicitud o consulta de empleo, puedes proporcionarnos informaci\u00f3n sobre ti, como un curr\u00edculum vitae. Podemos utilizar esta informaci\u00f3n a trav\u00e9s de FX Buggy\u00a9 B.V. y sus subsidiarias y filiales controladas con el fin de considerar tu empleo. Conservaremos la informaci\u00f3n para futuras consideraciones a menos que nos indiques lo contrario.  <\/p>\n<h3>8. NUESTRO USO DE COOKIES Y BALIZAS WEB<\/h3>\n<p>Las cookies son peque\u00f1os archivos que los sitios web guardan en tu disco duro o en la memoria de tu navegador. Podemos utilizarlas para hacer un seguimiento del n\u00famero de veces que has visitado el sitio, para hacer un seguimiento del n\u00famero de visitantes del sitio, para determinar y analizar el uso que hacen los visitantes de nuestros sitios (incluida la eficacia de la publicidad en l\u00ednea), para almacenar informaci\u00f3n que nos facilitas, como tus preferencias, y para almacenar informaci\u00f3n t\u00e9cnica \u00fatil para tus interacciones con nuestros sitios web. Podemos utilizar cookies de sesi\u00f3n (cookies que se eliminan cuando finaliza la sesi\u00f3n de tu navegador) para almacenar tu ID de usuario, elementos de tu perfil de usuario, para facilitar tu movimiento por nuestros sitios web (especialmente en relaci\u00f3n con la b\u00fasqueda de informaci\u00f3n y la realizaci\u00f3n de pedidos) y otra informaci\u00f3n \u00fatil para administrar la sesi\u00f3n. Tienes la posibilidad de aceptar o rechazar las cookies. La mayor\u00eda de los navegadores de Internet aceptan autom\u00e1ticamente las cookies, pero normalmente puedes modificar la configuraci\u00f3n de tu navegador para rechazar las cookies o para que te avise cuando se coloque una cookie en tu ordenador. Si decides rechazar las cookies, es posible que no puedas disfrutar plenamente de las funciones de los sitios web de FX Buggy\u00a9 B.V. o de otros sitios web que visites. Nuestros sitios tambi\u00e9n pueden contener im\u00e1genes electr\u00f3nicas conocidas como balizas web &#8211; a veces denominadas gifs de un solo p\u00edxel &#8211; que nos permiten contar el n\u00famero de usuarios que han visitado esas p\u00e1ginas. Podemos incluir balizas web en mensajes de correo electr\u00f3nico promocionales o en boletines informativos para determinar si los mensajes se han abierto y se ha actuado en consecuencia.       <\/p>\n<h3>9. DIVULGACI\u00d3N DE TU INFORMACI\u00d3N PERSONAL<\/h3>\n<p>Excepto en los casos descritos a continuaci\u00f3n, la informaci\u00f3n personal que proporciones a FX Buggy\u00a9 B.V. a trav\u00e9s de nuestros sitios web no se compartir\u00e1 fuera de FX Buggy\u00a9 B.V. y sus subsidiarias y filiales controladas sin tu permiso.<\/p>\n<h3>10. DIVULGACI\u00d3N A PROVEEDORES DE SERVICIOS<\/h3>\n<p>FX Buggy\u00a9 B.V. contrata a otras empresas para que presten servicios en nuestro nombre, como alojar sitios web, enviar informaci\u00f3n, procesar transacciones y analizar nuestros sitios web. S\u00f3lo proporcionamos a estas empresas los elementos de tu informaci\u00f3n personal que necesitan para prestar dichos servicios. Estas empresas y sus empleados tienen prohibido utilizar esa informaci\u00f3n personal para cualquier otro fin.  <\/p>\n<h3>11. DIVULGACI\u00d3N EN RELACI\u00d3N CON LAS TRANSACCIONES<\/h3>\n<p>En relaci\u00f3n con determinadas transacciones, podemos revelar parte o la totalidad de tus datos personales a instituciones financieras, entidades gubernamentales y empresas de transporte o servicios postales que participen en el cumplimiento.<\/p>\n<h3>12. RIESGOS RELACIONADOS CON ADQUISICIONES O DESINVERSIONES<\/h3>\n<p>Pueden surgir circunstancias en las que, por razones estrat\u00e9gicas u otras razones empresariales, FX Buggy\u00a9 B.V. decida vender, comprar, fusionar o reorganizar de otro modo negocios en algunos pa\u00edses. Dicha transacci\u00f3n puede implicar la divulgaci\u00f3n de informaci\u00f3n personal a compradores potenciales o reales, o recibirla de los vendedores. Es pr\u00e1ctica de FX Buggy\u00a9 B.V. buscar la protecci\u00f3n adecuada para la informaci\u00f3n en este tipo de transacciones.  <\/p>\n<h3>13. DIVULGACI\u00d3N DE OTROS MOTIVOS<\/h3>\n<p>Podemos revelar informaci\u00f3n personal si as\u00ed lo exige la ley o en la creencia de buena fe de que dicha acci\u00f3n es necesaria para cumplir con requisitos legales o con un proceso legal que se nos haya notificado, para proteger y defender nuestros derechos o propiedad, o en circunstancias urgentes para proteger la seguridad personal de cualquier individuo.<\/p>\n<h3>14. SEGURIDAD<\/h3>\n<p>FX Buggy\u00a9 B.V. se compromete a proteger la seguridad de tu informaci\u00f3n personal. Utilizamos diversas tecnolog\u00edas y procedimientos de seguridad para ayudar a proteger tu informaci\u00f3n personal del acceso, uso o divulgaci\u00f3n no autorizados. Por ejemplo, almacenamos la informaci\u00f3n personal que nos proporcionas en sistemas inform\u00e1ticos de acceso limitado situados en instalaciones de acceso limitado. En el caso de los sitios en los que inicias sesi\u00f3n, es tu responsabilidad garantizar la seguridad de tu contrase\u00f1a y no revelar esta informaci\u00f3n a terceros. Cuando te desplazas por un sitio en el que has iniciado sesi\u00f3n, o de un sitio a otro que utiliza el mismo mecanismo de inicio de sesi\u00f3n, verificamos tu identidad mediante una cookie encriptada colocada en tu m\u00e1quina.    <\/p>\n<h3>15. REVISI\u00d3N DE TUS DATOS PERSONALES<\/h3>\n<p>En algunos casos, puedes revisar y corregir la informaci\u00f3n personal proporcionada a trav\u00e9s de nuestros sitios web yendo a la p\u00e1gina en la que proporcionaste la informaci\u00f3n. En todos los casos, puedes presentar una solicitud para revisar y corregir tu informaci\u00f3n personal recopilada a trav\u00e9s de nuestros sitios web o pedir a FX Buggy\u00a9 B.V. que deje de utilizarla rellenando nuestro formulario de Contacto. Podemos tomar medidas para verificar tu identidad antes de proporcionarte acceso a tu informaci\u00f3n personal. Puedes ayudarnos a mantener la exactitud de tu informaci\u00f3n notific\u00e1ndonos cualquier cambio en tu direcci\u00f3n postal, n\u00famero de tel\u00e9fono o direcci\u00f3n de correo electr\u00f3nico.   <\/p>\n<h3>16. CONSENTIMIENTO PARA TRANSFERENCIAS INTERNACIONALES DE INFORMACI\u00d3N PERSONAL<\/h3>\n<p>La informaci\u00f3n personal que recopilamos en nuestros sitios web puede enviarse a Estados Unidos o a cualquier otro pa\u00eds en el que FX Buggy\u00a9 B.V. o sus filiales, subsidiarias o agentes tengan instalaciones. Tambi\u00e9n podemos almacenar y procesar la informaci\u00f3n all\u00ed. Aunque las leyes que protegen la informaci\u00f3n personal en esos pa\u00edses pueden diferir de las leyes del lugar donde vives, tomaremos medidas razonables para garantizar la protecci\u00f3n de tu privacidad. Al utilizar nuestros sitios web y facilitarnos tu informaci\u00f3n, consientes la transferencia de los datos fuera de tu pa\u00eds.   <\/p>\n<h3>17. ENLACES A OTROS SITIOS<\/h3>\n<p>Nuestros sitios web pueden contener enlaces a otros sitios, como distribuidores y afiliados de ventas de FX Buggy\u00a9 B.V., organizaciones profesionales y gubernamentales, y publicaciones. Tambi\u00e9n enlazamos con proveedores externos que alojan, mantienen y operan programas de formaci\u00f3n en l\u00ednea. Aunque intentamos enlazar s\u00f3lo con sitios que comparten nuestros altos est\u00e1ndares y respeto por la privacidad, no somos responsables del contenido, seguridad o pr\u00e1cticas de privacidad empleadas por otros sitios.  <\/p>\n<h3>18. APLICACI\u00d3N DE ESTA DECLARACI\u00d3N DE PRIVACIDAD<\/h3>\n<p>Si tienes alguna pregunta sobre esta declaraci\u00f3n o sobre nuestro tratamiento de tu informaci\u00f3n personal, ponte en contacto con nosotros. Atenderemos r\u00e1pidamente tu inquietud y nos esforzaremos por alcanzar una soluci\u00f3n satisfactoria. <\/p>\n<h3>19. CAMBIOS EN ESTA DECLARACI\u00d3N DE PRIVACIDAD<\/h3>\n<p>FX Buggy\u00a9 B.V. puede actualizar ocasionalmente esta declaraci\u00f3n de privacidad. Cuando lo hagamos, revisaremos la fecha de \u00ab\u00faltima actualizaci\u00f3n\u00bb en la parte superior e inferior de la declaraci\u00f3n de privacidad. Obtendremos tu consentimiento expreso para cualquier actualizaci\u00f3n de esta declaraci\u00f3n de privacidad que ampl\u00ede materialmente el uso compartido o el uso de tu informaci\u00f3n personal de formas no reveladas en esta declaraci\u00f3n de privacidad en el momento de su recopilaci\u00f3n.  <\/p>\n","protected":false},"excerpt":{"rendered":"<p>DECLARACI\u00d3N DE PRIVACIDAD APLICADA POR CONSOLIDADA FX Buggy\u00a9 B.V. 1. INTRODUCCI\u00d3N DECLARACI\u00d3N DE PRIVACIDAD FX Buggy\u00a9 B.V. se compromete a proteger tu privacidad. Esta declaraci\u00f3n detalla las medidas que tomamos para proteger tu informaci\u00f3n personal cuando visitas nuestros sitios web. Describe la informaci\u00f3n personal que recopilamos, los fines para los que utilizamos dicha informaci\u00f3n y<\/p>\n","protected":false},"author":1261,"featured_media":0,"parent":0,"menu_order":0,"comment_status":"closed","ping_status":"closed","template":"","meta":{"_acf_changed":false,"_monsterinsights_skip_tracking":false,"_monsterinsights_sitenote_active":false,"_monsterinsights_sitenote_note":"","_monsterinsights_sitenote_category":0,"footnotes":""},"class_list":["post-15462","page","type-page","status-publish","hentry"],"acf":[],"_links":{"self":[{"href":"https:\/\/fxbuggy.com\/es\/wp-json\/wp\/v2\/pages\/15462","targetHints":{"allow":["GET"]}}],"collection":[{"href":"https:\/\/fxbuggy.com\/es\/wp-json\/wp\/v2\/pages"}],"about":[{"href":"https:\/\/fxbuggy.com\/es\/wp-json\/wp\/v2\/types\/page"}],"author":[{"embeddable":true,"href":"https:\/\/fxbuggy.com\/es\/wp-json\/wp\/v2\/users\/1261"}],"replies":[{"embeddable":true,"href":"https:\/\/fxbuggy.com\/es\/wp-json\/wp\/v2\/comments?post=15462"}],"version-history":[{"count":0,"href":"https:\/\/fxbuggy.com\/es\/wp-json\/wp\/v2\/pages\/15462\/revisions"}],"wp:attachment":[{"href":"https:\/\/fxbuggy.com\/es\/wp-json\/wp\/v2\/media?parent=15462"}],"curies":[{"name":"wp","href":"https:\/\/api.w.org\/{rel}","templated":true}]}}