{"id":15464,"date":"2020-01-17T09:59:58","date_gmt":"2020-01-17T08:59:58","guid":{"rendered":"https:\/\/fxbuggy.com\/condiciones-generales\/"},"modified":"2020-01-17T09:59:58","modified_gmt":"2020-01-17T08:59:58","slug":"condiciones-generales","status":"publish","type":"page","link":"https:\/\/fxbuggy.com\/es\/condiciones-generales\/","title":{"rendered":"Condiciones generales"},"content":{"rendered":"<h2>CONDICIONES DE USO<\/h2>\n<h2>APLICADO POR CONSOLIDADO FX Buggy\u00a9 B.V.<\/h2>\n<h3>1. ACUERDO CON ESTAS CONDICIONES DE USO<\/h3>\n<p>Este sitio web (\u00abFXBuggy.com\u00bb) y todos los productos a los que se hace referencia en \u00e9l (sin incluir los sitios a los que se hace referencia) est\u00e1n gestionados por FX Buggy\u00a9 B.V., una sociedad de responsabilidad limitada establecida en Heeten, Pa\u00edses Bajos. Al acceder o visitar el sitio web, y\/o comprar cualquier Producto FX Buggy\u00a9 B.V. aceptas estar vinculado y obligado por estos T\u00e9rminos y Condiciones del Usuario (\u00abT\u00e9rminos y Condiciones\u00bb). <\/p>\n<h3>2. ENLACES A OTROS SITIOS WEB<\/h3>\n<p>Los enlaces a sitios web de terceros s\u00f3lo se incluyen en este sitio web para comodidad de los usuarios y no implican que FX Buggy\u00a9 B.V. apruebe o recomiende los sitios web a los que se ofrecen enlaces, ya que FX Buggy\u00a9 B.V. no tiene ning\u00fan tipo de control sobre el contenido de dichos sitios web. FX Buggy\u00a9 B.V. no es responsable de esos sitios web de terceros, ni de la informaci\u00f3n que ofrecen, ni de los enlaces contenidos en esos sitios web de terceros. <\/p>\n<h3>3. LIMITACI\u00d3N DE GARANT\u00cdA, RESPONSABILIDAD Y EXACTITUD<\/h3>\n<p>FX Buggy\u00a9 B.V. no hace promesa alguna de que su sitio web o sus productos est\u00e9n libres de inexactitudes, defectos, errores y\/u omisiones. FX Buggy\u00a9 B.V. ofrece sus productos y su sitio web, incluida toda la informaci\u00f3n que contiene para los visitantes\/usuarios sin garant\u00eda (expresa o impl\u00edcita) en cuanto a comerciabilidad, idoneidad para un fin determinado, y\/o no infracci\u00f3n o curso de ejecuci\u00f3n. En ning\u00fan caso FX Buggy\u00a9 B.V. ser\u00e1 responsable de da\u00f1os indirectos, incidentales, especiales, consecuentes o punitivos, incluyendo, pero sin limitarse a, la p\u00e9rdida de beneficios, datos, uso, fondo de comercio, interrupci\u00f3n del negocio y\/u otras p\u00e9rdidas intangibles resultantes o relacionadas con el uso, la incapacidad de hacer uso o la utilizaci\u00f3n del sitio web, los productos de FX Buggy\u00a9 B.V. o un sitio web enlazado. El alcance de la responsabilidad de FX Buggy\u00a9 B.V., si la hubiera, es la sustituci\u00f3n de cualquier Producto FX Buggy\u00a9 B.V. defectuoso o la devoluci\u00f3n del precio de compra del Producto defectuoso. o la devoluci\u00f3n del precio de compra del Producto defectuoso, a discreci\u00f3n exclusiva de FX Buggy\u00a9 B.V..   <\/p>\n<h3>4. DESCARGO DE RESPONSABILIDAD<\/h3>\n<p>Las actividades deportivas motorizadas son inherentemente peligrosas y existe un riesgo significativo de lesiones. FX Buggy\u00a9 B.V., sus empleados y revendedores no son responsables de ninguna lesi\u00f3n causada por el uso de cualquiera de los dise\u00f1os o productos de FX Buggy\u00a9 B.V.. El uso de estos productos es estrictamente por tu cuenta y riesgo. Todos los planos, piezas y servicios de FX Buggy\u00a9 B.V. son \u00fanicamente para uso \u00aboff road\u00bb. Ninguno de los planos, piezas o servicios de FX Buggy\u00a9 B.V. est\u00e1 pensado para ser legal o adecuado para su uso en carretera.    <\/p>\n<p>Los productos o planos de FX Buggy\u00a9 B.V. no pueden utilizarse en ning\u00fan caso en el territorio de EE.UU. y Canad\u00e1<br \/>\n.<\/p>\n<h3>5. POL\u00cdTICA DE PRIVACIDAD<\/h3>\n<p>Si nos proporcionas informaci\u00f3n u otros materiales, aceptas que hagamos uso de ellos. FX Buggy\u00a9 B.V. no est\u00e1 obligado en modo alguno a comprobar la informaci\u00f3n que env\u00edes al sitio web de FX Buggy\u00a9 B.V.. Al enviarnos informaci\u00f3n o reaccionar, das tu consentimiento para que FX Buggy\u00a9 B.V. utilice dicha informaci\u00f3n, la publique o la modifique de la forma que FX Buggy\u00a9 B.V. considere conveniente.  <\/p>\n<h3>6. LEY APLICABLE Y ELECCI\u00d3N DEL FORO<\/h3>\n<p>La legislaci\u00f3n holandesa se aplica a los T\u00e9rminos y Condiciones del Usuario y a tu uso del sitio web, los productos de FX Buggy\u00a9 B.V. y cualquier disputa que pueda surgir entre el usuario, comprador, y FX Buggy\u00a9 B.V.. El lugar\/foro para resolver cualquier disputa ser\u00e1 ante un Juez competente del Tribunal de Distrito de los Pa\u00edses Bajos Centrales. La no presentaci\u00f3n en el foro acordado someter\u00e1 al usuario al pago de los honorarios y costes legales de FX Buggy\u00a9 B.V..  <\/p>\n<h3>7. MODIFICACI\u00d3N DE LAS CONDICIONES DE USO<\/h3>\n<p>FX Buggy\u00a9 B.V. se reserva el derecho a modificar en cualquier momento los T\u00e9rminos y Condiciones del Usuario bajo los cuales se ofrece el sitio web y sus Productos. Cuando visitas este sitio web, utilizas los servicios y\/o Productos de FX Buggy\u00a9 B.V., te comprometes a aceptar dichas modificaciones. <\/p>\n<h3>8. EL ACUERDO.<\/h3>\n<p>El acuerdo se celebra en el momento en que el consumidor acepta la oferta. Si el consumidor ha aceptado la oferta electr\u00f3nicamente, el empresario confirmar\u00e1 inmediatamente la recepci\u00f3n de la aceptaci\u00f3n de la oferta electr\u00f3nicamente. Mientras el empresario no haya confirmado la recepci\u00f3n de esta aceptaci\u00f3n, el consumidor puede rescindir el acuerdo. Si el acuerdo se concluye electr\u00f3nicamente, el empresario tomar\u00e1 las medidas t\u00e9cnicas y organizativas apropiadas para asegurar la transferencia electr\u00f3nica de datos y garantizar\u00e1 un entorno web seguro. Si el consumidor puede pagar electr\u00f3nicamente, el empresario tomar\u00e1 las medidas de seguridad adecuadas.    <\/p>\n<p>El empresario puede -dentro de la legalidad- informarse de si el consumidor puede hacer frente a sus obligaciones de pago, as\u00ed como de todos aquellos hechos y factores que sean importantes para una buena conclusi\u00f3n del acuerdo a distancia. Si, sobre la base de esta investigaci\u00f3n, el empresario tiene buenas razones para no celebrar el acuerdo, tiene derecho a rechazar un pedido o solicitud o a imponer condiciones especiales para su ejecuci\u00f3n. <\/p>\n<p>El empresario enviar\u00e1 la siguiente informaci\u00f3n al consumidor a m\u00e1s tardar en el momento de la entrega del producto, servicio o contenido digital, por escrito o de forma que pueda ser almacenada por el consumidor de forma accesible en un soporte duradero:<\/p>\n<ol>\n<li>La direcci\u00f3n del establecimiento del empresario al que el consumidor puede dirigirse para presentar reclamaciones;<\/li>\n<li>las condiciones y la forma en que el consumidor puede ejercer el derecho de desistimiento, o una declaraci\u00f3n clara sobre la exclusi\u00f3n del derecho de desistimiento;<\/li>\n<li>la informaci\u00f3n sobre las garant\u00edas y el servicio existente despu\u00e9s de la compra;<\/li>\n<li>el precio, incluidos todos los impuestos, del producto, servicio o contenido digital; en su caso, los gastos de entrega; y la forma de pago, entrega o aplicaci\u00f3n del acuerdo a distancia;<\/li>\n<li>los requisitos para cancelar el acuerdo si \u00e9ste tiene una duraci\u00f3n superior a un a\u00f1o o es de duraci\u00f3n indefinida;\n<ol>\n<li>si el consumidor tiene derecho de desistimiento, el modelo de formulario de desistimiento.<\/li>\n<li>En el caso de una transacci\u00f3n ampliada, la disposici\u00f3n del p\u00e1rrafo anterior s\u00f3lo se aplica a la primera entrega.<\/li>\n<\/ol>\n<\/li>\n<\/ol>\n<h3>9. No hay derecho de desistimiento<\/h3>\n<p>El Cliente no tiene derecho de desistimiento en:<\/p>\n<ul>\n<li>Documentos como planos, instrucciones de construcci\u00f3n, archivos Cad en 3D o 2D o cualquier otra copia de archivos que no puedan probarse como \u00abdevueltos\u00bb. FX Buggy\u00a9 B.V. no puede reembolsar estos archivos, ya que el cliente puede reservar, retener o retener varias copias de este producto. <\/li>\n<li>Productos da\u00f1ados, usados o en mal estado a juicio de FX Buggy\u00a9 B.V. mediante devoluci\u00f3n de la mercanc\u00eda.<\/li>\n<\/ul>\n<h3>10. DERECHO DE DESISTIMIENTO<\/h3>\n<ol>\n<li>El consumidor puede rescindir un contrato relativo a la compra de un producto durante un periodo de reflexi\u00f3n de al menos 14 d\u00edas sin indicar los motivos. El empresario puede preguntar al consumidor el motivo de la rescisi\u00f3n, pero no obligarle a exponer sus motivos. <\/li>\n<li>El periodo de reflexi\u00f3n a que se refiere el punto 10.1 comienza el d\u00eda siguiente a aquel en que el consumidor, o un tercero designado previamente por el consumidor, que no sea el transportista, haya recibido el producto, o:\n<ol>\n<li>si el consumidor ha pedido varios productos en el mismo pedido: el d\u00eda en que el consumidor, o un tercero designado por \u00e9l, haya recibido el \u00faltimo producto. El empresario podr\u00e1, siempre que haya informado claramente al consumidor antes del proceso de pedido, rechazar un pedido de varios productos con plazos de entrega diferentes. <\/li>\n<li>si la entrega de un producto consta de varios env\u00edos o partes: el d\u00eda en que el consumidor, o un tercero designado por \u00e9l, haya recibido el \u00faltimo env\u00edo o parte;<\/li>\n<li>para los acuerdos de entrega regular de productos durante un periodo determinado: el d\u00eda en que el consumidor, o un tercero designado por \u00e9l, haya recibido el primer producto.<\/li>\n<\/ol>\n<\/li>\n<\/ol>\n<h3>11. OBLIGACIONES DEL CONSUMIDOR DURANTE LA COBERTURA<\/h3>\n<ol>\n<li>Durante el periodo de reflexi\u00f3n mencionado en el punto 10.1, el consumidor manipular\u00e1 el producto y el embalaje con cuidado. S\u00f3lo desembalar\u00e1 o utilizar\u00e1 el producto en la medida necesaria para determinar su naturaleza, caracter\u00edsticas y funcionamiento. El principio b\u00e1sico aqu\u00ed es que el consumidor s\u00f3lo puede manipular e inspeccionar el producto como lo har\u00eda en una tienda.  <\/li>\n<li>El consumidor s\u00f3lo es responsable de la reducci\u00f3n de valor del producto que sea resultado de una forma de manipular el producto que vaya m\u00e1s all\u00e1 de lo permitido en el punto 10.1.<\/li>\n<li>El consumidor no es responsable de la reducci\u00f3n del valor del producto si el empresario no le ha proporcionado toda la informaci\u00f3n legalmente requerida sobre el derecho de desistimiento antes o en el momento de la celebraci\u00f3n del contrato.<\/li>\n<\/ol>\n<h3>12. EJERCICIO DEL DERECHO DE DESISTIMIENTO POR EL CONSUMIDOR Y SUS COSTES<\/h3>\n<ol>\n<li>Si el consumidor hace uso de su derecho de desistimiento, deber\u00e1 comunicarlo al empresario dentro del plazo de desistimiento mediante el modelo de formulario de desistimiento o de otra forma inequ\u00edvoca.<\/li>\n<li>Tan pronto como sea posible, pero en un plazo de 14 d\u00edas a partir del d\u00eda siguiente a la notificaci\u00f3n mencionada en el punto 11.1, el consumidor devuelve el producto o lo entrega a (un agente de) el empresario. Esto no es necesario si el empresario se ha ofrecido a recoger el producto \u00e9l mismo. En cualquier caso, el consumidor habr\u00e1 respetado el plazo de devoluci\u00f3n si devuelve el producto antes de que haya expirado el periodo de reflexi\u00f3n.  <\/li>\n<li>El consumidor devuelve el producto con todos los accesorios suministrados, si es razonablemente posible en su estado y embalaje originales, y de acuerdo con las instrucciones razonables y claras proporcionadas por el empresario.<\/li>\n<li>El riesgo y la carga de la prueba del ejercicio correcto y oportuno del derecho de desistimiento recaen en el consumidor.<\/li>\n<li>El consumidor corre con los gastos directos de devoluci\u00f3n del producto.<\/li>\n<li>Si el consumidor ejerce su derecho de desistimiento, todos los acuerdos adicionales quedar\u00e1n disueltos por ministerio de la ley.<\/li>\n<\/ol>\n<h3>13. OBLIGACIONES DEL EMPRESARIO RETIRADA<\/h3>\n<ol>\n<li>Si el comerciante hace posible que el consumidor se retire electr\u00f3nicamente, enviar\u00e1 inmediatamente un acuse de recibo tras recibir esta notificaci\u00f3n.<\/li>\n<li>El empresario reembolsa todos los pagos realizados por el consumidor sin demora, pero en un plazo de 14 d\u00edas a partir del d\u00eda en que haya recibido el producto o hasta que el consumidor demuestre que ha devuelto el producto, lo que ocurra primero.<\/li>\n<li>El empresario utiliza el mismo m\u00e9todo de pago que el consumidor utiliz\u00f3 para el reembolso, a menos que el consumidor acepte un m\u00e9todo diferente. El reembolso es gratuito para el consumidor. <\/li>\n<\/ol>\n<h3>14. EXCLUSI\u00d3N DERECHO DE DESISTIMIENTO<\/h3>\n<p>El empresario puede excluir los siguientes productos y servicios del derecho de desistimiento, pero s\u00f3lo si lo ha indicado claramente en la oferta, al menos con tiempo suficiente para la celebraci\u00f3n del contrato:<\/p>\n<ol>\n<li>Productos o servicios cuyo precio depende de las fluctuaciones del mercado financiero sobre las que el empresario no tiene influencia y que pueden producirse dentro del plazo de desistimiento.<\/li>\n<li>Productos fabricados seg\u00fan las especificaciones del consumidor, que no son prefabricados y que se fabrican en funci\u00f3n de una elecci\u00f3n o decisi\u00f3n individual del consumidor, o que est\u00e1n claramente destinados a una persona concreta;<\/li>\n<li>Productos que se estropean r\u00e1pidamente o tienen una vida \u00fatil limitada;<\/li>\n<li>Productos precintados que por razones de protecci\u00f3n de la salud o de higiene no son aptos para ser devueltos y cuyo precinto se ha roto despu\u00e9s de la entrega;<\/li>\n<li>Productos que se mezclan irremediablemente con otros productos despu\u00e9s de la entrega debido a su naturaleza;<\/li>\n<li>La entrega de contenidos digitales que no sean en soporte material, pero s\u00f3lo si\n<ol>\n<li>la prestaci\u00f3n ha comenzado con el consentimiento previo y expreso del consumidor; y<\/li>\n<li>el consumidor ha declarado que pierde as\u00ed su derecho de desistimiento.<\/li>\n<\/ol>\n<\/li>\n<\/ol>\n<h3>15. INTRODUCCI\u00d3N DECLARACI\u00d3N DE PRIVACIDAD<\/h3>\n<p>FX Buggy\u00a9 B.V. se compromete a proteger tu privacidad. Puedes consultar la declaraci\u00f3n de privacidad completa en nuestro sitio web a trav\u00e9s <a href=\"https:\/\/fxbuggy.com\/es\/declaracion-de-privacidad\/\" target=\"_blank\" rel=\"noopener noreferrer\">de este enlace<\/a>. La declaraci\u00f3n de privacidad consiste en los pasos detallados que damos para proteger tu informaci\u00f3n personal cuando visitas nuestros sitios web. Describe la informaci\u00f3n personal que recopilamos, los fines para los que utilizamos dicha informaci\u00f3n y tus opciones en relaci\u00f3n con el uso que hacemos de ella. Tambi\u00e9n se tratan aqu\u00ed las medidas que tomamos para proteger tu informaci\u00f3n personal y c\u00f3mo puedes revisarla y corregirla. Al acceder a nuestros sitios web, aceptas las pr\u00e1cticas de recopilaci\u00f3n y uso de la informaci\u00f3n descritas en esta declaraci\u00f3n de privacidad.     <\/p>\n<h3>16. DERECHOS DE AUTOR Y MARCAS REGISTRADAS<\/h3>\n<p>Todo el dise\u00f1o del sitio web, texto, gr\u00e1ficos, logotipos, iconos de botones, clips de audio y v\u00eddeo, la selecci\u00f3n y disposici\u00f3n de los mismos, precios e informaci\u00f3n financiera, dise\u00f1os y planes de productos, y todo el software es propiedad exclusiva de FX Buggy\u00a9 B.V., o de su proveedor de contenidos, Copyrights \u00a9 2020, FX Buggy\u00a9 B.V., TODOS LOS DERECHOS RESERVADOS. Se concede permiso para copiar electr\u00f3nicamente e imprimir en papel partes de este sitio web con fines personales y no comerciales, incluida la revisi\u00f3n de la informaci\u00f3n aqu\u00ed contenida, para comprender y\/o utilizar los servicios y Productos de FX Buggy\u00a9 B.V. o para utilizar este sitio web como recurso para el uso de los Productos o servicios de FX Buggy\u00a9 B.V.. B.V.. Queda estrictamente prohibido cualquier otro uso de los materiales de este sitio web -incluida la reproducci\u00f3n para fines distintos de los indicados anteriormente, la modificaci\u00f3n, distribuci\u00f3n o republicaci\u00f3n- sin el permiso previo por escrito de FX Buggy\u00a9 B.V..  <\/p>\n<p>Salvo que se indique en el contexto o en el presente documento, todas las marcas comerciales, marcas de servicio, imagen comercial, nombres de productos y nombres de empresas o logotipos citados en el presente documento son propiedad de FX Buggy\u00a9 B.V. con TODOS LOS DERECHOS RESERVADOS.<\/p>\n","protected":false},"excerpt":{"rendered":"<p>CONDICIONES DE USO APLICADO POR CONSOLIDADO FX Buggy\u00a9 B.V. 1. ACUERDO CON ESTAS CONDICIONES DE USO Este sitio web (\u00abFXBuggy.com\u00bb) y todos los productos a los que se hace referencia en \u00e9l (sin incluir los sitios a los que se hace referencia) est\u00e1n gestionados por FX Buggy\u00a9 B.V., una sociedad de responsabilidad limitada establecida en<\/p>\n","protected":false},"author":1261,"featured_media":0,"parent":0,"menu_order":0,"comment_status":"closed","ping_status":"closed","template":"","meta":{"_acf_changed":false,"_monsterinsights_skip_tracking":false,"_monsterinsights_sitenote_active":false,"_monsterinsights_sitenote_note":"","_monsterinsights_sitenote_category":0,"footnotes":""},"class_list":["post-15464","page","type-page","status-publish","hentry"],"acf":[],"_links":{"self":[{"href":"https:\/\/fxbuggy.com\/es\/wp-json\/wp\/v2\/pages\/15464","targetHints":{"allow":["GET"]}}],"collection":[{"href":"https:\/\/fxbuggy.com\/es\/wp-json\/wp\/v2\/pages"}],"about":[{"href":"https:\/\/fxbuggy.com\/es\/wp-json\/wp\/v2\/types\/page"}],"author":[{"embeddable":true,"href":"https:\/\/fxbuggy.com\/es\/wp-json\/wp\/v2\/users\/1261"}],"replies":[{"embeddable":true,"href":"https:\/\/fxbuggy.com\/es\/wp-json\/wp\/v2\/comments?post=15464"}],"version-history":[{"count":0,"href":"https:\/\/fxbuggy.com\/es\/wp-json\/wp\/v2\/pages\/15464\/revisions"}],"wp:attachment":[{"href":"https:\/\/fxbuggy.com\/es\/wp-json\/wp\/v2\/media?parent=15464"}],"curies":[{"name":"wp","href":"https:\/\/api.w.org\/{rel}","templated":true}]}}