{"id":15084,"date":"2023-12-22T05:52:10","date_gmt":"2023-12-22T04:52:10","guid":{"rendered":"https:\/\/fxbuggy.com\/shop\/sin categor\u00eda\/pomo-de-la-palanca-de-cambios-para-buggy-crosskart\/"},"modified":"2023-12-22T05:52:10","modified_gmt":"2023-12-22T04:52:10","slug":"pomo-de-la-palanca-de-cambios-para-buggy-crosskart","status":"publish","type":"product","link":"https:\/\/fxbuggy.com\/es\/shop\/palanca-de-cambios\/pomo-de-la-palanca-de-cambios-para-buggy-crosskart\/","title":{"rendered":"Pomo de la palanca de cambios para Buggy Crosskart"},"content":{"rendered":"","protected":false},"excerpt":{"rendered":"<p>Este es el pomo de la palanca de cambios para tu Buggy Crosskart. Este pomo de palanca de cambios es una empu\u00f1adura ergon\u00f3mica para trasladar tu movimiento de cambio al cable de empuje y tracci\u00f3n. Este pomo de palanca de cambios est\u00e1 formado por una sola pieza de aluminio. El pomo de la palanca de cambios tiene un aspecto muy duro y robusto. El pomo de la palanca de cambios se puede montar con un tornillo M10 en el casquillo que est\u00e1 soldado a la placa principal.<\/p>\n","protected":false},"featured_media":13429,"comment_status":"open","ping_status":"closed","template":"","meta":{"_acf_changed":false,"_monsterinsights_skip_tracking":false,"_monsterinsights_sitenote_active":false,"_monsterinsights_sitenote_note":"","_monsterinsights_sitenote_category":0},"product_brand":[],"product_cat":[124],"product_tag":[],"class_list":{"0":"post-15084","1":"product","2":"type-product","3":"status-publish","4":"has-post-thumbnail","6":"product_cat-palanca-de-cambios","8":"first","9":"instock","10":"taxable","11":"shipping-taxable","12":"purchasable","13":"product-type-simple"},"acf":[],"_links":{"self":[{"href":"https:\/\/fxbuggy.com\/es\/wp-json\/wp\/v2\/product\/15084","targetHints":{"allow":["GET"]}}],"collection":[{"href":"https:\/\/fxbuggy.com\/es\/wp-json\/wp\/v2\/product"}],"about":[{"href":"https:\/\/fxbuggy.com\/es\/wp-json\/wp\/v2\/types\/product"}],"replies":[{"embeddable":true,"href":"https:\/\/fxbuggy.com\/es\/wp-json\/wp\/v2\/comments?post=15084"}],"wp:featuredmedia":[{"embeddable":true,"href":"https:\/\/fxbuggy.com\/es\/wp-json\/wp\/v2\/media\/13429"}],"wp:attachment":[{"href":"https:\/\/fxbuggy.com\/es\/wp-json\/wp\/v2\/media?parent=15084"}],"wp:term":[{"taxonomy":"product_brand","embeddable":true,"href":"https:\/\/fxbuggy.com\/es\/wp-json\/wp\/v2\/product_brand?post=15084"},{"taxonomy":"product_cat","embeddable":true,"href":"https:\/\/fxbuggy.com\/es\/wp-json\/wp\/v2\/product_cat?post=15084"},{"taxonomy":"product_tag","embeddable":true,"href":"https:\/\/fxbuggy.com\/es\/wp-json\/wp\/v2\/product_tag?post=15084"}],"curies":[{"name":"wp","href":"https:\/\/api.w.org\/{rel}","templated":true}]}}