{"id":15085,"date":"2023-12-21T12:44:29","date_gmt":"2023-12-21T11:44:29","guid":{"rendered":"https:\/\/fxbuggy.com\/shop\/sin categor\u00eda\/discos-de-freno-juego-de-2-o205-mm-para-suspension-delantera\/"},"modified":"2023-12-21T12:44:29","modified_gmt":"2023-12-21T11:44:29","slug":"discos-de-freno-juego-de-2-o205-mm-para-suspension-delantera","status":"publish","type":"product","link":"https:\/\/fxbuggy.com\/es\/shop\/suspension-delantera\/discos-de-freno-juego-de-2-o205-mm-para-suspension-delantera\/","title":{"rendered":"Discos de freno (juego de 2) \u00d8205 mm para suspensi\u00f3n delantera"},"content":{"rendered":"","protected":false},"excerpt":{"rendered":"<p>Este juego de discos de freno est\u00e1 especialmente dise\u00f1ado para ajustarse a los montantes de la suspensi\u00f3n delantera del Buggy Crosskart FX1000. Este juego de discos de freno consta de dos discos y es adecuado para las pinzas de freno Wilwood PS-1.<\/p>\n<ul>\n<li>Tama\u00f1o: \u00d8205 mm<\/li>\n<li>Material: acero<\/li>\n<li>Set de 2<\/li>\n<\/ul>\n","protected":false},"featured_media":13418,"comment_status":"open","ping_status":"closed","template":"","meta":{"_acf_changed":false,"_monsterinsights_skip_tracking":false,"_monsterinsights_sitenote_active":false,"_monsterinsights_sitenote_note":"","_monsterinsights_sitenote_category":0},"product_brand":[],"product_cat":[125],"product_tag":[],"class_list":{"0":"post-15085","1":"product","2":"type-product","3":"status-publish","4":"has-post-thumbnail","6":"product_cat-suspension-delantera","8":"first","9":"instock","10":"taxable","11":"shipping-taxable","12":"purchasable","13":"product-type-simple"},"acf":[],"_links":{"self":[{"href":"https:\/\/fxbuggy.com\/es\/wp-json\/wp\/v2\/product\/15085","targetHints":{"allow":["GET"]}}],"collection":[{"href":"https:\/\/fxbuggy.com\/es\/wp-json\/wp\/v2\/product"}],"about":[{"href":"https:\/\/fxbuggy.com\/es\/wp-json\/wp\/v2\/types\/product"}],"replies":[{"embeddable":true,"href":"https:\/\/fxbuggy.com\/es\/wp-json\/wp\/v2\/comments?post=15085"}],"wp:featuredmedia":[{"embeddable":true,"href":"https:\/\/fxbuggy.com\/es\/wp-json\/wp\/v2\/media\/13418"}],"wp:attachment":[{"href":"https:\/\/fxbuggy.com\/es\/wp-json\/wp\/v2\/media?parent=15085"}],"wp:term":[{"taxonomy":"product_brand","embeddable":true,"href":"https:\/\/fxbuggy.com\/es\/wp-json\/wp\/v2\/product_brand?post=15085"},{"taxonomy":"product_cat","embeddable":true,"href":"https:\/\/fxbuggy.com\/es\/wp-json\/wp\/v2\/product_cat?post=15085"},{"taxonomy":"product_tag","embeddable":true,"href":"https:\/\/fxbuggy.com\/es\/wp-json\/wp\/v2\/product_tag?post=15085"}],"curies":[{"name":"wp","href":"https:\/\/api.w.org\/{rel}","templated":true}]}}