{"id":15086,"date":"2023-12-22T09:51:52","date_gmt":"2023-12-22T08:51:52","guid":{"rendered":"https:\/\/fxbuggy.com\/shop\/sin categor\u00eda\/juego-de-juntas-de-direccion-para-buggy-crosskart\/"},"modified":"2023-12-22T09:51:52","modified_gmt":"2023-12-22T08:51:52","slug":"juego-de-juntas-de-direccion-para-buggy-crosskart","status":"publish","type":"product","link":"https:\/\/fxbuggy.com\/es\/shop\/direccion\/juego-de-juntas-de-direccion-para-buggy-crosskart\/","title":{"rendered":"Juego de Juntas de Direcci\u00f3n para Buggy Crosskart"},"content":{"rendered":"","protected":false},"excerpt":{"rendered":"<p>Este es el juego completo de articulaciones para la columna de direcci\u00f3n del Buggy Crosskart. Se ha utilizado un m\u00e9todo de fabricaci\u00f3n muy preciso para las piezas de la articulaci\u00f3n de direcci\u00f3n, con el fin de obtener una transmisi\u00f3n de direcci\u00f3n s\u00f3lida. Los mu\u00f1ones de direcci\u00f3n encajan perfectamente en los soportes de direcci\u00f3n, lo que contribuye a una direcci\u00f3n muy precisa y directa.<\/p>\n<p>&nbsp;<\/p>\n","protected":false},"featured_media":13434,"comment_status":"open","ping_status":"closed","template":"","meta":{"_acf_changed":false,"_monsterinsights_skip_tracking":false,"_monsterinsights_sitenote_active":false,"_monsterinsights_sitenote_note":"","_monsterinsights_sitenote_category":0},"product_brand":[],"product_cat":[126],"product_tag":[],"class_list":{"0":"post-15086","1":"product","2":"type-product","3":"status-publish","4":"has-post-thumbnail","6":"product_cat-direccion","8":"first","9":"instock","10":"taxable","11":"shipping-taxable","12":"purchasable","13":"product-type-simple"},"acf":[],"_links":{"self":[{"href":"https:\/\/fxbuggy.com\/es\/wp-json\/wp\/v2\/product\/15086","targetHints":{"allow":["GET"]}}],"collection":[{"href":"https:\/\/fxbuggy.com\/es\/wp-json\/wp\/v2\/product"}],"about":[{"href":"https:\/\/fxbuggy.com\/es\/wp-json\/wp\/v2\/types\/product"}],"replies":[{"embeddable":true,"href":"https:\/\/fxbuggy.com\/es\/wp-json\/wp\/v2\/comments?post=15086"}],"wp:featuredmedia":[{"embeddable":true,"href":"https:\/\/fxbuggy.com\/es\/wp-json\/wp\/v2\/media\/13434"}],"wp:attachment":[{"href":"https:\/\/fxbuggy.com\/es\/wp-json\/wp\/v2\/media?parent=15086"}],"wp:term":[{"taxonomy":"product_brand","embeddable":true,"href":"https:\/\/fxbuggy.com\/es\/wp-json\/wp\/v2\/product_brand?post=15086"},{"taxonomy":"product_cat","embeddable":true,"href":"https:\/\/fxbuggy.com\/es\/wp-json\/wp\/v2\/product_cat?post=15086"},{"taxonomy":"product_tag","embeddable":true,"href":"https:\/\/fxbuggy.com\/es\/wp-json\/wp\/v2\/product_tag?post=15086"}],"curies":[{"name":"wp","href":"https:\/\/api.w.org\/{rel}","templated":true}]}}