{"id":15088,"date":"2023-12-22T06:07:43","date_gmt":"2023-12-22T05:07:43","guid":{"rendered":"https:\/\/fxbuggy.com\/shop\/sin categor\u00eda\/cable-push-pull-de-baja-friccion-incluido-el-varillaje\/"},"modified":"2023-12-22T06:07:43","modified_gmt":"2023-12-22T05:07:43","slug":"cable-push-pull-de-baja-friccion-incluido-el-varillaje","status":"publish","type":"product","link":"https:\/\/fxbuggy.com\/es\/shop\/palanca-de-cambios\/cable-push-pull-de-baja-friccion-incluido-el-varillaje\/","title":{"rendered":"Cable Push-Pull de baja fricci\u00f3n, incluido el varillaje"},"content":{"rendered":"<ul>\n<li>Cable Push-Pull de baja fricci\u00f3n y alta calidad<\/li>\n<li>Cable interior de acero inoxidable reforzado<\/li>\n<li>Garantizado hasta 1.000.000 de golpes<\/li>\n<li>Longitud: 1400 mm<\/li>\n<li>Cabeza de r\u00f3tula M6 en el lado de la caja de cambios<\/li>\n<li>Extremo de la horquilla en el lado de la palanca de cambios<\/li>\n<\/ul>\n","protected":false},"excerpt":{"rendered":"<p>Este es el Cable Push-Pull de baja fricci\u00f3n para transferir suavemente tu movimiento de cambio de la palanca de cambios a la caja de cambios de tu Buggy Crosskart. El cable push-pull de 1400 mm de alta calidad tiene una gran capacidad de carga. El cable tiene un radio de curvatura muy peque\u00f1o y est\u00e1 garantizado hasta 1.000.000 de carreras. La parte interior del cable de empuje y tracci\u00f3n es de acero inoxidable reforzado. El cable es extremadamente suave y adecuado para altas frecuencias de desplazamiento. Este juego incluye la horquilla para el lado de la palanca de cambios y la r\u00f3tula M6 para el lado de la caja de cambios.<\/p>\n","protected":false},"featured_media":13431,"comment_status":"open","ping_status":"closed","template":"","meta":{"_acf_changed":false,"_monsterinsights_skip_tracking":false,"_monsterinsights_sitenote_active":false,"_monsterinsights_sitenote_note":"","_monsterinsights_sitenote_category":0},"product_brand":[],"product_cat":[124],"product_tag":[],"class_list":{"0":"post-15088","1":"product","2":"type-product","3":"status-publish","4":"has-post-thumbnail","6":"product_cat-palanca-de-cambios","8":"first","9":"instock","10":"taxable","11":"shipping-taxable","12":"purchasable","13":"product-type-simple"},"acf":[],"_links":{"self":[{"href":"https:\/\/fxbuggy.com\/es\/wp-json\/wp\/v2\/product\/15088","targetHints":{"allow":["GET"]}}],"collection":[{"href":"https:\/\/fxbuggy.com\/es\/wp-json\/wp\/v2\/product"}],"about":[{"href":"https:\/\/fxbuggy.com\/es\/wp-json\/wp\/v2\/types\/product"}],"replies":[{"embeddable":true,"href":"https:\/\/fxbuggy.com\/es\/wp-json\/wp\/v2\/comments?post=15088"}],"wp:featuredmedia":[{"embeddable":true,"href":"https:\/\/fxbuggy.com\/es\/wp-json\/wp\/v2\/media\/13431"}],"wp:attachment":[{"href":"https:\/\/fxbuggy.com\/es\/wp-json\/wp\/v2\/media?parent=15088"}],"wp:term":[{"taxonomy":"product_brand","embeddable":true,"href":"https:\/\/fxbuggy.com\/es\/wp-json\/wp\/v2\/product_brand?post=15088"},{"taxonomy":"product_cat","embeddable":true,"href":"https:\/\/fxbuggy.com\/es\/wp-json\/wp\/v2\/product_cat?post=15088"},{"taxonomy":"product_tag","embeddable":true,"href":"https:\/\/fxbuggy.com\/es\/wp-json\/wp\/v2\/product_tag?post=15088"}],"curies":[{"name":"wp","href":"https:\/\/api.w.org\/{rel}","templated":true}]}}