{"id":15098,"date":"2023-12-22T04:47:18","date_gmt":"2023-12-22T03:47:18","guid":{"rendered":"https:\/\/fxbuggy.com\/shop\/sin categor\u00eda\/juego-de-pinzas-y-pastillas-de-freno-wilwood-ps-1\/"},"modified":"2023-12-22T04:47:18","modified_gmt":"2023-12-22T03:47:18","slug":"juego-de-pinzas-y-pastillas-de-freno-wilwood-ps-1","status":"publish","type":"product","link":"https:\/\/fxbuggy.com\/es\/shop\/suspension-delantera\/juego-de-pinzas-y-pastillas-de-freno-wilwood-ps-1\/","title":{"rendered":"Juego de pinzas y pastillas de freno Wilwood PS-1"},"content":{"rendered":"<ul>\n<li>N\u00famero de pistones por pinza: 2<\/li>\n<li>Tipo de pist\u00f3n: Inoxidable<\/li>\n<li>Material de la pinza: Aluminio forjado<\/li>\n<\/ul>\n","protected":false},"excerpt":{"rendered":"<p>Se trata de un juego completo de pinzas y pastillas de freno para la suspensi\u00f3n delantera de tu Crosskart Buggy. El juego consta de dos pinzas de freno Wilwood PS-1 (izquierda y derecha) y las cuatro pastillas de freno Wilwood.<\/p>\n<p>La pinza PS-1 de Wilwood es compacta, ligera (s\u00f3lo 0,422 kg) y combina la resistencia de la construcci\u00f3n en aluminio fundido con un elegante dise\u00f1o de perfil bajo. Esta pinza utiliza dos pistones de acero inoxidable de 1,00&#8243; de di\u00e1metro de copa profunda para minimizar la transferencia de calor de la pastilla de 0,30&#8243; de grosor al l\u00edquido de frenos, a la vez que emplea juntas cuadradas de pist\u00f3n de alta temperatura para controlar la retracci\u00f3n del pist\u00f3n. Los conductos internos de l\u00edquido de frenos cruzados eliminan el uso de tubos cruzados externos.<\/p>\n","protected":false},"featured_media":13424,"comment_status":"open","ping_status":"closed","template":"","meta":{"_acf_changed":false,"_monsterinsights_skip_tracking":false,"_monsterinsights_sitenote_active":false,"_monsterinsights_sitenote_note":"","_monsterinsights_sitenote_category":0},"product_brand":[],"product_cat":[125],"product_tag":[],"class_list":{"0":"post-15098","1":"product","2":"type-product","3":"status-publish","4":"has-post-thumbnail","6":"product_cat-suspension-delantera","8":"first","9":"instock","10":"taxable","11":"shipping-taxable","12":"purchasable","13":"product-type-simple"},"acf":[],"_links":{"self":[{"href":"https:\/\/fxbuggy.com\/es\/wp-json\/wp\/v2\/product\/15098","targetHints":{"allow":["GET"]}}],"collection":[{"href":"https:\/\/fxbuggy.com\/es\/wp-json\/wp\/v2\/product"}],"about":[{"href":"https:\/\/fxbuggy.com\/es\/wp-json\/wp\/v2\/types\/product"}],"replies":[{"embeddable":true,"href":"https:\/\/fxbuggy.com\/es\/wp-json\/wp\/v2\/comments?post=15098"}],"wp:featuredmedia":[{"embeddable":true,"href":"https:\/\/fxbuggy.com\/es\/wp-json\/wp\/v2\/media\/13424"}],"wp:attachment":[{"href":"https:\/\/fxbuggy.com\/es\/wp-json\/wp\/v2\/media?parent=15098"}],"wp:term":[{"taxonomy":"product_brand","embeddable":true,"href":"https:\/\/fxbuggy.com\/es\/wp-json\/wp\/v2\/product_brand?post=15098"},{"taxonomy":"product_cat","embeddable":true,"href":"https:\/\/fxbuggy.com\/es\/wp-json\/wp\/v2\/product_cat?post=15098"},{"taxonomy":"product_tag","embeddable":true,"href":"https:\/\/fxbuggy.com\/es\/wp-json\/wp\/v2\/product_tag?post=15098"}],"curies":[{"name":"wp","href":"https:\/\/api.w.org\/{rel}","templated":true}]}}