{"id":15101,"date":"2023-12-21T11:02:24","date_gmt":"2023-12-21T10:02:24","guid":{"rendered":"https:\/\/fxbuggy.com\/shop\/sin categor\u00eda\/juego-de-amortiguadores-protech-delanteros-y-traseros\/"},"modified":"2023-12-21T11:02:24","modified_gmt":"2023-12-21T10:02:24","slug":"juego-de-amortiguadores-protech-delanteros-y-traseros","status":"publish","type":"product","link":"https:\/\/fxbuggy.com\/es\/shop\/suspension-delantera\/juego-de-amortiguadores-protech-delanteros-y-traseros\/","title":{"rendered":"Juego de amortiguadores Protech Delanteros y Traseros"},"content":{"rendered":"<ul>\n<li>Plataforma de asiento de muelles regulable<\/li>\n<li>Cojinete esf\u00e9rico superior e inferior de 1\/2<\/li>\n<li>Ajuste \u00fanico que regula el rebote y el choque en un solo giro<\/li>\n<\/ul>\n","protected":false},"excerpt":{"rendered":"<h3>Mejora tu Crosskart con amortiguadores ProTech ajustables individuales<\/h3>\n<p>Eleva el rendimiento de tu buggy crosskart con nuestro juego de amortiguadores ProTech ajustables individuales de FX Buggy, seleccionados por expertos. Este juego incluye dos amortiguadores 400S para la parte delantera y dos amortiguadores 600S para la parte trasera, cada uno de ellos emparejado con muelles de precisi\u00f3n y preajustados a los requisitos espec\u00edficos de longitud y peso de tu silla de paseo. Dise\u00f1ados para estar listos para la competici\u00f3n nada m\u00e1s sacarlos de la caja, estos amortiguadores son tu billete para una maniobrabilidad y estabilidad superiores en cualquier terreno.<\/p>\n<h3>Series ProTech 400S y 600S: Dise\u00f1adas para la precisi\u00f3n<\/h3>\n<p>Fabricados con aluminio de alta calidad de especificaci\u00f3n 6262, los amortiguadores ProTech 400S son perfectos para los buggies que necesitan muelles de 1,9&#8243; de D.I., mientras que los amortiguadores 600S admiten muelles de 2,25&#8243; de D.I. Ambas series incorporan un cojinete esf\u00e9rico superior e inferior de 1\/2&#8243;, que garantiza la durabilidad y un funcionamiento suave. La belleza de estos amortiguadores reside en su dise\u00f1o de ajuste \u00fanico, que te permite modificar los ajustes de baches y rebotes con un solo giro sin esfuerzo. Este proceso de ajuste simplificado hace que la puesta a punto de la suspensi\u00f3n de tu silla de paseo sea m\u00e1s sencilla que nunca, garantizando un rendimiento \u00f3ptimo con las m\u00ednimas molestias.<\/p>\n<h3>Ajuste \u00fanico para m\u00e1xima eficacia<\/h3>\n<p>La funci\u00f3n de ajuste individual de nuestros amortiguadores ProTech cambia las reglas del juego para los conductores que buscan una forma eficaz de optimizar el manejo de su buggy. Con la capacidad de ajustar simult\u00e1neamente el rebote y el tope, puedes ajustar f\u00e1cilmente la suspensi\u00f3n para adaptarla a cualquier condici\u00f3n del terreno o preferencia. Esta sencillez no sacrifica la precisi\u00f3n, sino que garantiza que tu buggy siga respondiendo con agilidad, listo para afrontar curvas, aceleraciones y deceleraciones con una gracia inigualable.<\/p>\n<h3>Preajustado para tu comodidad<\/h3>\n<p>Comprendiendo la importancia de un ajuste perfecto, nos aseguramos de que cada juego de amortiguadores est\u00e9 preajustado para adaptarse a las especificaciones \u00fanicas de tu buggy crosskart. Este proceso de preajuste garantiza que los amortiguadores no s\u00f3lo son compatibles con tu veh\u00edculo, sino que tambi\u00e9n est\u00e1n optimizados para su peso y dimensiones, proporcionando una soluci\u00f3n perfecta, lista para la competici\u00f3n, que mejora tu experiencia de conducci\u00f3n desde el momento en que los instalas.<\/p>\n","protected":false},"featured_media":13414,"comment_status":"open","ping_status":"closed","template":"","meta":{"_acf_changed":false,"_monsterinsights_skip_tracking":false,"_monsterinsights_sitenote_active":false,"_monsterinsights_sitenote_note":"","_monsterinsights_sitenote_category":0},"product_brand":[],"product_cat":[125,127],"product_tag":[],"class_list":{"0":"post-15101","1":"product","2":"type-product","3":"status-publish","4":"has-post-thumbnail","6":"product_cat-suspension-delantera","7":"product_cat-suspension-trasera","9":"first","10":"instock","11":"taxable","12":"shipping-taxable","13":"purchasable","14":"product-type-simple"},"acf":[],"_links":{"self":[{"href":"https:\/\/fxbuggy.com\/es\/wp-json\/wp\/v2\/product\/15101","targetHints":{"allow":["GET"]}}],"collection":[{"href":"https:\/\/fxbuggy.com\/es\/wp-json\/wp\/v2\/product"}],"about":[{"href":"https:\/\/fxbuggy.com\/es\/wp-json\/wp\/v2\/types\/product"}],"replies":[{"embeddable":true,"href":"https:\/\/fxbuggy.com\/es\/wp-json\/wp\/v2\/comments?post=15101"}],"wp:featuredmedia":[{"embeddable":true,"href":"https:\/\/fxbuggy.com\/es\/wp-json\/wp\/v2\/media\/13414"}],"wp:attachment":[{"href":"https:\/\/fxbuggy.com\/es\/wp-json\/wp\/v2\/media?parent=15101"}],"wp:term":[{"taxonomy":"product_brand","embeddable":true,"href":"https:\/\/fxbuggy.com\/es\/wp-json\/wp\/v2\/product_brand?post=15101"},{"taxonomy":"product_cat","embeddable":true,"href":"https:\/\/fxbuggy.com\/es\/wp-json\/wp\/v2\/product_cat?post=15101"},{"taxonomy":"product_tag","embeddable":true,"href":"https:\/\/fxbuggy.com\/es\/wp-json\/wp\/v2\/product_tag?post=15101"}],"curies":[{"name":"wp","href":"https:\/\/api.w.org\/{rel}","templated":true}]}}