{"id":15104,"date":"2023-12-22T05:28:02","date_gmt":"2023-12-22T04:28:02","guid":{"rendered":"https:\/\/fxbuggy.com\/shop\/sin%20categor\u00eda\/juego-completo-de-montante-delantero\/"},"modified":"2025-11-07T06:58:57","modified_gmt":"2025-11-07T05:58:57","slug":"juego-completo-de-montante-delantero","status":"publish","type":"product","link":"https:\/\/fxbuggy.com\/es\/shop\/suspension-delantera\/juego-completo-de-montante-delantero\/","title":{"rendered":"Juego completo de montante delantero"},"content":{"rendered":"<ul>\n<li>Cubos de rueda macizos de aluminio anodizado negro de una sola pieza<\/li>\n<li>Adecuado para llantas con patr\u00f3n de tornillos 110\/4 y agujero central de llanta de \u00d868mm<\/li>\n<li>Discos de freno de \u00d8205 mm (acero arenado resistente a la abrasi\u00f3n)<\/li>\n<li>Dise\u00f1ado para pinzas de freno Wilwood PS-1 (n\u00ba 120-5453 \/ n\u00ba 120-5456) y pastillas (n\u00ba 150-4091)<\/li>\n<li>Las piezas que no necesitan soldarse se cincan<\/li>\n<\/ul>\n","protected":false},"excerpt":{"rendered":"<p>Estos son los montantes delanteros completos para tu crosskart buggy. Este conjunto incluye todos los componentes para construir el montante de tu Crosskart Buggy. <\/p>\n<p>Los cubos de rueda son de aluminio de una sola pieza y tienen un acabado anodizado negro. El mecanismo de freno est\u00e1 dise\u00f1ado para una pinza Wilwood ps-1 izquierda y derecha (se pide por separado) con montaje flotante. Los montantes est\u00e1n dise\u00f1ados para llantas de 12&#8243; con un patr\u00f3n de tornillos 110\/4.  <\/p>\n","protected":false},"featured_media":13427,"comment_status":"open","ping_status":"closed","template":"","meta":{"_acf_changed":false,"_monsterinsights_skip_tracking":false,"_monsterinsights_sitenote_active":false,"_monsterinsights_sitenote_note":"","_monsterinsights_sitenote_category":0},"product_brand":[],"product_cat":[125],"product_tag":[],"class_list":{"0":"post-15104","1":"product","2":"type-product","3":"status-publish","4":"has-post-thumbnail","6":"product_cat-suspension-delantera","8":"first","9":"instock","10":"taxable","11":"shipping-taxable","12":"purchasable","13":"product-type-simple"},"acf":[],"_links":{"self":[{"href":"https:\/\/fxbuggy.com\/es\/wp-json\/wp\/v2\/product\/15104","targetHints":{"allow":["GET"]}}],"collection":[{"href":"https:\/\/fxbuggy.com\/es\/wp-json\/wp\/v2\/product"}],"about":[{"href":"https:\/\/fxbuggy.com\/es\/wp-json\/wp\/v2\/types\/product"}],"replies":[{"embeddable":true,"href":"https:\/\/fxbuggy.com\/es\/wp-json\/wp\/v2\/comments?post=15104"}],"wp:featuredmedia":[{"embeddable":true,"href":"https:\/\/fxbuggy.com\/es\/wp-json\/wp\/v2\/media\/13427"}],"wp:attachment":[{"href":"https:\/\/fxbuggy.com\/es\/wp-json\/wp\/v2\/media?parent=15104"}],"wp:term":[{"taxonomy":"product_brand","embeddable":true,"href":"https:\/\/fxbuggy.com\/es\/wp-json\/wp\/v2\/product_brand?post=15104"},{"taxonomy":"product_cat","embeddable":true,"href":"https:\/\/fxbuggy.com\/es\/wp-json\/wp\/v2\/product_cat?post=15104"},{"taxonomy":"product_tag","embeddable":true,"href":"https:\/\/fxbuggy.com\/es\/wp-json\/wp\/v2\/product_tag?post=15104"}],"curies":[{"name":"wp","href":"https:\/\/api.w.org\/{rel}","templated":true}]}}