{"id":15118,"date":"2023-12-21T05:56:37","date_gmt":"2023-12-21T04:56:37","guid":{"rendered":"https:\/\/fxbuggy.com\/shop\/sin%20categor\u00eda\/cubo-central-para-suspension-trasera\/"},"modified":"2025-11-07T06:58:38","modified_gmt":"2025-11-07T05:58:38","slug":"cubo-central-para-suspension-trasera","status":"publish","type":"product","link":"https:\/\/fxbuggy.com\/es\/shop\/suspension-trasera\/cubo-central-para-suspension-trasera\/","title":{"rendered":"Cubo central para suspensi\u00f3n trasera"},"content":{"rendered":"","protected":false},"excerpt":{"rendered":"<p>El cubo central est\u00e1 dise\u00f1ado para transferir la potencia del motor de tu moto a los ejes de transmisi\u00f3n. El buje central de acero de una pieza es muy s\u00f3lido. Este buje est\u00e1 dise\u00f1ado para la suspensi\u00f3n trasera del buggy crosskart FX1000.<\/p>\n<ul>\n<li>Material: acero<\/li>\n<\/ul>\n","protected":false},"featured_media":13403,"comment_status":"open","ping_status":"closed","template":"","meta":{"_acf_changed":false,"_monsterinsights_skip_tracking":false,"_monsterinsights_sitenote_active":false,"_monsterinsights_sitenote_note":"","_monsterinsights_sitenote_category":0},"product_brand":[],"product_cat":[127],"product_tag":[],"class_list":{"0":"post-15118","1":"product","2":"type-product","3":"status-publish","4":"has-post-thumbnail","6":"product_cat-suspension-trasera","8":"first","9":"instock","10":"taxable","11":"shipping-taxable","12":"purchasable","13":"product-type-simple"},"acf":[],"_links":{"self":[{"href":"https:\/\/fxbuggy.com\/es\/wp-json\/wp\/v2\/product\/15118","targetHints":{"allow":["GET"]}}],"collection":[{"href":"https:\/\/fxbuggy.com\/es\/wp-json\/wp\/v2\/product"}],"about":[{"href":"https:\/\/fxbuggy.com\/es\/wp-json\/wp\/v2\/types\/product"}],"replies":[{"embeddable":true,"href":"https:\/\/fxbuggy.com\/es\/wp-json\/wp\/v2\/comments?post=15118"}],"wp:featuredmedia":[{"embeddable":true,"href":"https:\/\/fxbuggy.com\/es\/wp-json\/wp\/v2\/media\/13403"}],"wp:attachment":[{"href":"https:\/\/fxbuggy.com\/es\/wp-json\/wp\/v2\/media?parent=15118"}],"wp:term":[{"taxonomy":"product_brand","embeddable":true,"href":"https:\/\/fxbuggy.com\/es\/wp-json\/wp\/v2\/product_brand?post=15118"},{"taxonomy":"product_cat","embeddable":true,"href":"https:\/\/fxbuggy.com\/es\/wp-json\/wp\/v2\/product_cat?post=15118"},{"taxonomy":"product_tag","embeddable":true,"href":"https:\/\/fxbuggy.com\/es\/wp-json\/wp\/v2\/product_tag?post=15118"}],"curies":[{"name":"wp","href":"https:\/\/api.w.org\/{rel}","templated":true}]}}