{"id":15119,"date":"2023-12-21T06:33:14","date_gmt":"2023-12-21T05:33:14","guid":{"rendered":"https:\/\/fxbuggy.com\/shop\/sin%20categor\u00eda\/cubos-de-rueda-juego-de-2-incluidos-los-esparragos-para-la-parte-trasera\/"},"modified":"2025-11-07T06:58:31","modified_gmt":"2025-11-07T05:58:31","slug":"cubos-de-rueda-juego-de-2-incluidos-los-esparragos-para-la-parte-trasera","status":"publish","type":"product","link":"https:\/\/fxbuggy.com\/es\/shop\/suspension-trasera\/cubos-de-rueda-juego-de-2-incluidos-los-esparragos-para-la-parte-trasera\/","title":{"rendered":"Cubos de rueda (juego de 2) incluidos los esp\u00e1rragos para la parte trasera"},"content":{"rendered":"<ul>\n<li>Cubos de rueda de acero macizo de una pieza<\/li>\n<li>Adecuado para llantas con patr\u00f3n de tornillos 110\/4<\/li>\n<li>Acero cincado<\/li>\n<\/ul>\n","protected":false},"excerpt":{"rendered":"<p>Este es un juego de dos bujes de rueda adecuados para la suspensi\u00f3n trasera del Buggy Crosskart FX1000. Estos bujes de rueda constan de una sola pieza de acero cincado y son muy s\u00f3lidos.  Los cubos de rueda son adecuados para llantas con un patr\u00f3n de tornillos de 110\/4. Necesitar\u00e1s al menos llantas de 12&#8243; para que encajen en los montantes traseros. Los esp\u00e1rragos de las ruedas est\u00e1n incluidos.<\/p>\n","protected":false},"featured_media":13405,"comment_status":"open","ping_status":"closed","template":"","meta":{"_acf_changed":false,"_monsterinsights_skip_tracking":false,"_monsterinsights_sitenote_active":false,"_monsterinsights_sitenote_note":"","_monsterinsights_sitenote_category":0},"product_brand":[],"product_cat":[127],"product_tag":[],"class_list":{"0":"post-15119","1":"product","2":"type-product","3":"status-publish","4":"has-post-thumbnail","6":"product_cat-suspension-trasera","8":"first","9":"instock","10":"taxable","11":"shipping-taxable","12":"purchasable","13":"product-type-simple"},"acf":[],"_links":{"self":[{"href":"https:\/\/fxbuggy.com\/es\/wp-json\/wp\/v2\/product\/15119","targetHints":{"allow":["GET"]}}],"collection":[{"href":"https:\/\/fxbuggy.com\/es\/wp-json\/wp\/v2\/product"}],"about":[{"href":"https:\/\/fxbuggy.com\/es\/wp-json\/wp\/v2\/types\/product"}],"replies":[{"embeddable":true,"href":"https:\/\/fxbuggy.com\/es\/wp-json\/wp\/v2\/comments?post=15119"}],"wp:featuredmedia":[{"embeddable":true,"href":"https:\/\/fxbuggy.com\/es\/wp-json\/wp\/v2\/media\/13405"}],"wp:attachment":[{"href":"https:\/\/fxbuggy.com\/es\/wp-json\/wp\/v2\/media?parent=15119"}],"wp:term":[{"taxonomy":"product_brand","embeddable":true,"href":"https:\/\/fxbuggy.com\/es\/wp-json\/wp\/v2\/product_brand?post=15119"},{"taxonomy":"product_cat","embeddable":true,"href":"https:\/\/fxbuggy.com\/es\/wp-json\/wp\/v2\/product_cat?post=15119"},{"taxonomy":"product_tag","embeddable":true,"href":"https:\/\/fxbuggy.com\/es\/wp-json\/wp\/v2\/product_tag?post=15119"}],"curies":[{"name":"wp","href":"https:\/\/api.w.org\/{rel}","templated":true}]}}