{"id":15122,"date":"2023-12-20T12:11:56","date_gmt":"2023-12-20T11:11:56","guid":{"rendered":"https:\/\/fxbuggy.com\/shop\/sin%20categor\u00eda\/530-pinon-del-plato-60-dientes-acero\/"},"modified":"2025-11-07T06:58:52","modified_gmt":"2025-11-07T05:58:52","slug":"530-pinon-del-plato-60-dientes-acero","status":"publish","type":"product","link":"https:\/\/fxbuggy.com\/es\/shop\/suspension-trasera\/530-pinon-del-plato-60-dientes-acero\/","title":{"rendered":"530 Pi\u00f1\u00f3n del plato, 60 dientes, acero"},"content":{"rendered":"","protected":false},"excerpt":{"rendered":"<p>Este pi\u00f1\u00f3n de plato est\u00e1 especialmente dise\u00f1ado para ajustarse al buje central de la suspensi\u00f3n trasera del Buggy FX1000 Crosskart. Este plato es adecuado para una cadena est\u00e1ndar 530.<\/p>\n<ul>\n<li>Tipo de cadena: 530<\/li>\n<li>Dientes: 60<\/li>\n<li>Material: acero<\/li>\n<\/ul>\n","protected":false},"featured_media":13396,"comment_status":"open","ping_status":"closed","template":"","meta":{"_acf_changed":false,"_monsterinsights_skip_tracking":false,"_monsterinsights_sitenote_active":false,"_monsterinsights_sitenote_note":"","_monsterinsights_sitenote_category":0},"product_brand":[],"product_cat":[127],"product_tag":[],"class_list":{"0":"post-15122","1":"product","2":"type-product","3":"status-publish","4":"has-post-thumbnail","6":"product_cat-suspension-trasera","8":"first","9":"instock","10":"taxable","11":"shipping-taxable","12":"purchasable","13":"product-type-simple"},"acf":[],"_links":{"self":[{"href":"https:\/\/fxbuggy.com\/es\/wp-json\/wp\/v2\/product\/15122","targetHints":{"allow":["GET"]}}],"collection":[{"href":"https:\/\/fxbuggy.com\/es\/wp-json\/wp\/v2\/product"}],"about":[{"href":"https:\/\/fxbuggy.com\/es\/wp-json\/wp\/v2\/types\/product"}],"replies":[{"embeddable":true,"href":"https:\/\/fxbuggy.com\/es\/wp-json\/wp\/v2\/comments?post=15122"}],"wp:featuredmedia":[{"embeddable":true,"href":"https:\/\/fxbuggy.com\/es\/wp-json\/wp\/v2\/media\/13396"}],"wp:attachment":[{"href":"https:\/\/fxbuggy.com\/es\/wp-json\/wp\/v2\/media?parent=15122"}],"wp:term":[{"taxonomy":"product_brand","embeddable":true,"href":"https:\/\/fxbuggy.com\/es\/wp-json\/wp\/v2\/product_brand?post=15122"},{"taxonomy":"product_cat","embeddable":true,"href":"https:\/\/fxbuggy.com\/es\/wp-json\/wp\/v2\/product_cat?post=15122"},{"taxonomy":"product_tag","embeddable":true,"href":"https:\/\/fxbuggy.com\/es\/wp-json\/wp\/v2\/product_tag?post=15122"}],"curies":[{"name":"wp","href":"https:\/\/api.w.org\/{rel}","templated":true}]}}