{"id":15124,"date":"2023-12-20T12:24:34","date_gmt":"2023-12-20T11:24:34","guid":{"rendered":"https:\/\/fxbuggy.com\/shop\/sin%20categor\u00eda\/disco-de-freno-o260-mm-para-suspension-trasera\/"},"modified":"2025-11-07T06:58:46","modified_gmt":"2025-11-07T05:58:46","slug":"disco-de-freno-o260-mm-para-suspension-trasera","status":"publish","type":"product","link":"https:\/\/fxbuggy.com\/es\/shop\/suspension-trasera\/disco-de-freno-o260-mm-para-suspension-trasera\/","title":{"rendered":"Disco de freno \u00d8260 mm para suspensi\u00f3n trasera"},"content":{"rendered":"","protected":false},"excerpt":{"rendered":"<p>Este disco de freno est\u00e1 especialmente dise\u00f1ado para ajustarse al buje central de la suspensi\u00f3n trasera del Buggy FX1000 Crosskart. Este disco de freno es adecuado para una pinza de freno izquierda Honda PC 35<\/p>\n<ul>\n<li>Tama\u00f1o: \u00d8260 mm<\/li>\n<li>Material: acero<\/li>\n<\/ul>\n","protected":false},"featured_media":13398,"comment_status":"open","ping_status":"closed","template":"","meta":{"_acf_changed":false,"_monsterinsights_skip_tracking":false,"_monsterinsights_sitenote_active":false,"_monsterinsights_sitenote_note":"","_monsterinsights_sitenote_category":0},"product_brand":[],"product_cat":[127],"product_tag":[],"class_list":{"0":"post-15124","1":"product","2":"type-product","3":"status-publish","4":"has-post-thumbnail","6":"product_cat-suspension-trasera","8":"first","9":"instock","10":"taxable","11":"shipping-taxable","12":"purchasable","13":"product-type-simple"},"acf":[],"_links":{"self":[{"href":"https:\/\/fxbuggy.com\/es\/wp-json\/wp\/v2\/product\/15124","targetHints":{"allow":["GET"]}}],"collection":[{"href":"https:\/\/fxbuggy.com\/es\/wp-json\/wp\/v2\/product"}],"about":[{"href":"https:\/\/fxbuggy.com\/es\/wp-json\/wp\/v2\/types\/product"}],"replies":[{"embeddable":true,"href":"https:\/\/fxbuggy.com\/es\/wp-json\/wp\/v2\/comments?post=15124"}],"wp:featuredmedia":[{"embeddable":true,"href":"https:\/\/fxbuggy.com\/es\/wp-json\/wp\/v2\/media\/13398"}],"wp:attachment":[{"href":"https:\/\/fxbuggy.com\/es\/wp-json\/wp\/v2\/media?parent=15124"}],"wp:term":[{"taxonomy":"product_brand","embeddable":true,"href":"https:\/\/fxbuggy.com\/es\/wp-json\/wp\/v2\/product_brand?post=15124"},{"taxonomy":"product_cat","embeddable":true,"href":"https:\/\/fxbuggy.com\/es\/wp-json\/wp\/v2\/product_cat?post=15124"},{"taxonomy":"product_tag","embeddable":true,"href":"https:\/\/fxbuggy.com\/es\/wp-json\/wp\/v2\/product_tag?post=15124"}],"curies":[{"name":"wp","href":"https:\/\/api.w.org\/{rel}","templated":true}]}}