{"id":15126,"date":"2021-03-03T18:51:28","date_gmt":"2021-03-03T17:51:28","guid":{"rendered":"https:\/\/fxbuggy.com\/shop\/sin categor\u00eda\/bisagra-completa-de-tipo-1-juego-de-8\/"},"modified":"2021-03-03T18:51:28","modified_gmt":"2021-03-03T17:51:28","slug":"bisagra-completa-de-tipo-1-juego-de-8","status":"publish","type":"product","link":"https:\/\/fxbuggy.com\/es\/shop\/suspension-delantera\/bisagra-completa-de-tipo-1-juego-de-8\/","title":{"rendered":"Bisagra completa de tipo 1 (juego de 8)"},"content":{"rendered":"","protected":false},"excerpt":{"rendered":"<p>Se trata de un juego de 8 bisagras de tipo 1 completas. La bisagra de tipo 1 est\u00e1 dise\u00f1ada espec\u00edficamente para movimientos de rotaci\u00f3n de baja fricci\u00f3n. La bisagra de tipo 1 se utiliza en varios lugares de la silla FX1000. Por ejemplo, en los brazos A, la caja de pedales y la palanca de cambios.<\/p>\n<p>La bisagra de tipo 1 consta de un casquillo interior de acero, 2 cojinetes de pl\u00e1stico (POM), 2 juntas t\u00f3ricas y un casquillo de soldadura. El di\u00e1metro interior del casquillo es adecuado para un tornillo M10 o 3\/8\u2033.<\/p>\n<p>La bisagra de tipo 1 se utiliza en el buggy FX1000 de la siguiente manera:<\/p>\n<p>8 x para los brazos A de la suspensi\u00f3n trasera<br \/>\n8 x para los brazos A de la suspensi\u00f3n delantera<br \/>\n3 x para los pedales de la caja de pedales<br \/>\n1 x para la palanca de cambios<\/p>\n<p>Este juego consta de 8 bisagras completas, por lo que es adecuado para los brazos A de la suspensi\u00f3n delantera o trasera.<\/p>\n","protected":false},"featured_media":13368,"comment_status":"closed","ping_status":"closed","template":"","meta":{"_acf_changed":false,"_monsterinsights_skip_tracking":false,"_monsterinsights_sitenote_active":false,"_monsterinsights_sitenote_note":"","_monsterinsights_sitenote_category":0},"product_brand":[],"product_cat":[125,127],"product_tag":[],"class_list":{"0":"post-15126","1":"product","2":"type-product","3":"status-publish","4":"has-post-thumbnail","6":"product_cat-suspension-delantera","7":"product_cat-suspension-trasera","9":"first","10":"instock","11":"taxable","12":"shipping-taxable","13":"purchasable","14":"product-type-simple"},"acf":[],"_links":{"self":[{"href":"https:\/\/fxbuggy.com\/es\/wp-json\/wp\/v2\/product\/15126","targetHints":{"allow":["GET"]}}],"collection":[{"href":"https:\/\/fxbuggy.com\/es\/wp-json\/wp\/v2\/product"}],"about":[{"href":"https:\/\/fxbuggy.com\/es\/wp-json\/wp\/v2\/types\/product"}],"replies":[{"embeddable":true,"href":"https:\/\/fxbuggy.com\/es\/wp-json\/wp\/v2\/comments?post=15126"}],"wp:featuredmedia":[{"embeddable":true,"href":"https:\/\/fxbuggy.com\/es\/wp-json\/wp\/v2\/media\/13368"}],"wp:attachment":[{"href":"https:\/\/fxbuggy.com\/es\/wp-json\/wp\/v2\/media?parent=15126"}],"wp:term":[{"taxonomy":"product_brand","embeddable":true,"href":"https:\/\/fxbuggy.com\/es\/wp-json\/wp\/v2\/product_brand?post=15126"},{"taxonomy":"product_cat","embeddable":true,"href":"https:\/\/fxbuggy.com\/es\/wp-json\/wp\/v2\/product_cat?post=15126"},{"taxonomy":"product_tag","embeddable":true,"href":"https:\/\/fxbuggy.com\/es\/wp-json\/wp\/v2\/product_tag?post=15126"}],"curies":[{"name":"wp","href":"https:\/\/api.w.org\/{rel}","templated":true}]}}