{"id":15141,"date":"2020-03-10T06:17:55","date_gmt":"2020-03-10T05:17:55","guid":{"rendered":"https:\/\/fxbuggy.com\/shop\/sin categor\u00eda\/plan-completo-fx1000-crosskart-buggy\/"},"modified":"2020-03-10T06:17:55","modified_gmt":"2020-03-10T05:17:55","slug":"plan-completo-fx1000-crosskart-buggy","status":"publish","type":"product","link":"https:\/\/fxbuggy.com\/es\/shop\/planos-de-construccion\/plan-completo-fx1000-crosskart-buggy\/","title":{"rendered":"Plan Completo FX1000 Crosskart Buggy"},"content":{"rendered":"<ul>\n<li>Distancia entre ejes 2080 mm<\/li>\n<li>Ancho de v\u00eda +\/- 1500 mm<\/li>\n<li>Longitud total +\/- 2800 mm<\/li>\n<li>Bastidor tubular para una rigidez \u00f3ptima<\/li>\n<li>Suspensi\u00f3n delantera y trasera independiente de doble brazo en A<\/li>\n<li>Relaci\u00f3n de la cremallera de direcci\u00f3n 2,5:1<\/li>\n<li>Adecuado para motores de motocicleta accionados por cadena con caja de cambios secuencial interna<\/li>\n<li>Dise\u00f1ado para motores con potencias de hasta 180 CV y un par motor no superior a 120 Nm (Si tu motor supera estas cifras, ponte en contacto con nosotros antes de la compra)<\/li>\n<li>Peso aprox. 360 kg (sin conductor) <\/li>\n<li>Caja de pedales con m\u00faltiples desviaciones de recorrido para embrague y acelerador<\/li>\n<li>Cilindro maestro Wilwood en t\u00e1ndem con pinzas delanteras Wilwood<\/li>\n<li>Dise\u00f1ado para transmisiones BMW E34<\/li>\n<li>Posibilidad de diferentes patrones de tornillos para las bridas de las ruedas<\/li>\n<li>Bujes de bisagra de baja fricci\u00f3n en los brazos A, los pedales y la palanca de cambios<\/li>\n<li>Bisagra de baja fricci\u00f3n en el sistema de direcci\u00f3n, incluidas las articulaciones HD de la columna de direcci\u00f3n<\/li>\n<\/ul>\n","protected":false},"excerpt":{"rendered":"<h2>Planos de construcci\u00f3n del \u00faltimo Crosskart Buggy todoterreno<\/h2>\n<p>Sum\u00e9rgete en el coraz\u00f3n del automovilismo con los planos de construcci\u00f3n del buggy crosskart todoterreno FX1000, dise\u00f1ado para entusiastas como t\u00fa que sue\u00f1an con la experiencia de un piloto de rally sin el presupuesto del WRC. Nuestro completo paquete te pone al alcance de la mano la emoci\u00f3n de las pistas de grava y los terrenos de dureza media, ofreci\u00e9ndote la mezcla perfecta de adrenalina y precisi\u00f3n de ingenier\u00eda. <\/p>\n<h3>\u00bfPor qu\u00e9 elegir los Planos del Edificio FX 1000?<\/h3>\n<ul>\n<li><strong>Paquete todo incluido:<\/strong> Esto no es s\u00f3lo un conjunto de planos; es una puerta de entrada a la construcci\u00f3n del buggy de tus sue\u00f1os. Con 278 p\u00e1ginas de instrucciones de montaje muy detalladas, dibujos de producci\u00f3n, listas de piezas y descripciones, no hemos dejado piedra sin remover. Desde la suspensi\u00f3n trasera hasta el sistema de direcci\u00f3n, todos los aspectos de tu buggy est\u00e1n cubiertos.  <\/li>\n<li><strong>Dise\u00f1ada para el rendimiento:<\/strong> Con una distancia entre ejes corta, un centro de gravedad bajo y una suspensi\u00f3n delantera y trasera independiente de doble brazo en A, la FX 1000 est\u00e1 dise\u00f1ada para ofrecer agilidad y control. Ya sea pilotando, derrapando o compitiendo, es una m\u00e1quina que promete ofrecer emoci\u00f3n. <\/li>\n<li><strong>Gu\u00eda paso a paso:<\/strong> Hacemos que la construcci\u00f3n sea accesible para todos, independientemente de tu experiencia previa. Nuestros planos est\u00e1n meticulosamente organizados para guiarte a trav\u00e9s de cada fase del proceso de construcci\u00f3n, garantizando una construcci\u00f3n satisfactoria y con \u00e9xito. <\/li>\n<li><strong>Comienzo inmediato:<\/strong> En el momento de la compra, puedes descargarte el plan completo en formato PDF. Comienza tu proyecto al instante y disfruta de la comodidad de tener toda la informaci\u00f3n que necesitas al alcance de la mano. <\/li>\n<li><strong>Preparado para la personalizaci\u00f3n:<\/strong> Para los que quieran hacer realmente suyo el buggy, tambi\u00e9n est\u00e1n disponibles <a href=\"https:\/\/fxbuggy.com\/shop\/laser-files\/\">los archivos l\u00e1ser DXF<\/a> para una personalizaci\u00f3n completa. Adapta cada pieza a tus necesidades y emb\u00e1rcate en una construcci\u00f3n exclusivamente tuya. <\/li>\n<\/ul>\n<p>Este es el plano completo e incluye todo lo que necesitas para construir tu buggy kart cross off road. Este plano incluye todos los planos siguientes: <\/p>\n<ul>\n<li>Plan de Suspensi\u00f3n Trasera<\/li>\n<li>Plan Centro Hub<\/li>\n<li>Plano de suspensi\u00f3n delantera<\/li>\n<li>Plano del armaz\u00f3n tubular<\/li>\n<li>Plano de la caja de pedales<\/li>\n<li>Plan del Sistema de Direcci\u00f3n<\/li>\n<li>Plano de montaje de la palanca de cambios<\/li>\n<\/ul>\n<h3>\u00bfListo para construir el Buggy de tus sue\u00f1os?<\/h3>\n<p>Limpia tu garaje, prepara tu lugar de trabajo y llama a tus amigos: es hora de empezar tu proyecto de buggy todoterreno. Con los planos del FX 1000, no s\u00f3lo est\u00e1s construyendo un buggy; est\u00e1s creando una experiencia. Descarga tus planos hoy mismo y da el primer paso hacia tu aventura automovil\u00edstica.  <\/p>\n","protected":false},"featured_media":7888,"comment_status":"open","ping_status":"closed","template":"","meta":{"_acf_changed":false,"_monsterinsights_skip_tracking":false,"_monsterinsights_sitenote_active":false,"_monsterinsights_sitenote_note":"","_monsterinsights_sitenote_category":0},"product_brand":[],"product_cat":[128],"product_tag":[],"class_list":{"0":"post-15141","1":"product","2":"type-product","3":"status-publish","4":"has-post-thumbnail","6":"product_cat-planos-de-construccion","8":"first","9":"instock","10":"featured","11":"downloadable","12":"virtual","13":"sold-individually","14":"taxable","15":"purchasable","16":"product-type-simple"},"acf":[],"_links":{"self":[{"href":"https:\/\/fxbuggy.com\/es\/wp-json\/wp\/v2\/product\/15141","targetHints":{"allow":["GET"]}}],"collection":[{"href":"https:\/\/fxbuggy.com\/es\/wp-json\/wp\/v2\/product"}],"about":[{"href":"https:\/\/fxbuggy.com\/es\/wp-json\/wp\/v2\/types\/product"}],"replies":[{"embeddable":true,"href":"https:\/\/fxbuggy.com\/es\/wp-json\/wp\/v2\/comments?post=15141"}],"wp:featuredmedia":[{"embeddable":true,"href":"https:\/\/fxbuggy.com\/es\/wp-json\/wp\/v2\/media\/7888"}],"wp:attachment":[{"href":"https:\/\/fxbuggy.com\/es\/wp-json\/wp\/v2\/media?parent=15141"}],"wp:term":[{"taxonomy":"product_brand","embeddable":true,"href":"https:\/\/fxbuggy.com\/es\/wp-json\/wp\/v2\/product_brand?post=15141"},{"taxonomy":"product_cat","embeddable":true,"href":"https:\/\/fxbuggy.com\/es\/wp-json\/wp\/v2\/product_cat?post=15141"},{"taxonomy":"product_tag","embeddable":true,"href":"https:\/\/fxbuggy.com\/es\/wp-json\/wp\/v2\/product_tag?post=15141"}],"curies":[{"name":"wp","href":"https:\/\/api.w.org\/{rel}","templated":true}]}}