{"id":15177,"date":"2020-02-10T12:29:25","date_gmt":"2020-02-10T11:29:25","guid":{"rendered":"https:\/\/fxbuggy.com\/shop\/sin categor\u00eda\/kit-sistema-de-direccion-para-buggy-crosskart\/"},"modified":"2020-02-10T12:29:25","modified_gmt":"2020-02-10T11:29:25","slug":"kit-sistema-de-direccion-para-buggy-crosskart","status":"publish","type":"product","link":"https:\/\/fxbuggy.com\/es\/shop\/direccion\/kit-sistema-de-direccion-para-buggy-crosskart\/","title":{"rendered":"Kit Sistema de Direcci\u00f3n para Buggy Crosskart"},"content":{"rendered":"<ul>\n<li>Pi\u00f1\u00f3n y cremallera de relaci\u00f3n corta, incluidos los protectores<\/li>\n<li>Conjunto estable de bisagras de la columna de direcci\u00f3n (\u00e1ngulo m\u00e1ximo de 45\u00ba)<\/li>\n<li>Placas de montaje del chasis para bisagras y cremallera de direcci\u00f3n<\/li>\n<li>Volante de 300 mm<\/li>\n<li>Juntas de columna de direcci\u00f3n HD<\/li>\n<li>Cabezas de r\u00f3tula HD de alta desalineaci\u00f3n<\/li>\n<\/ul>\n","protected":false},"excerpt":{"rendered":"<p>Este es el kit completo del sistema de direcci\u00f3n para tu buggy crosskart todoterreno. Este kit contiene todas las piezas para dirigir tu buggy de forma r\u00e1pida y directa. El sistema de direcci\u00f3n tiene una cremallera de relaci\u00f3n corta (relaci\u00f3n: 1,2) que incluye botas de protecci\u00f3n.  <\/p>\n<p>Se ha utilizado un m\u00e9todo de fabricaci\u00f3n muy preciso para la columna de direcci\u00f3n con el fin de obtener una transmisi\u00f3n de direcci\u00f3n s\u00f3lida. Los mu\u00f1ones de direcci\u00f3n encajan perfectamente en los soportes de direcci\u00f3n, lo que contribuye a una direcci\u00f3n muy precisa y directa.<\/p>\n<p>El kit incluye un volante de 300 mm para cambiar r\u00e1pidamente de direcci\u00f3n. Se ha construido una bisagra de articulaci\u00f3n HD estable para los puntos de vuelco de la columna de direcci\u00f3n. Los conjuntos de bisagra, cremallera de direcci\u00f3n y volante incluyen todos los soportes y fijaciones de montaje. Tambi\u00e9n se incluye el plano de construcci\u00f3n. La columna de direcci\u00f3n est\u00e1 fabricada con tubos sin soldadura de \u00d824 x 3,0 mm. Las barras de direcci\u00f3n o tubos de \u00d826 x 2,0 mm. En el lado vertical se utilizan r\u00f3tulas de alta desalineaci\u00f3n HD.      <\/p>\n","protected":false},"featured_media":9594,"comment_status":"open","ping_status":"closed","template":"","meta":{"_acf_changed":false,"_monsterinsights_skip_tracking":false,"_monsterinsights_sitenote_active":false,"_monsterinsights_sitenote_note":"","_monsterinsights_sitenote_category":0},"product_brand":[],"product_cat":[126,129],"product_tag":[],"class_list":{"0":"post-15177","1":"product","2":"type-product","3":"status-publish","4":"has-post-thumbnail","6":"product_cat-direccion","7":"product_cat-kits-completos","9":"first","10":"instock","11":"taxable","12":"shipping-taxable","13":"purchasable","14":"product-type-simple"},"acf":[],"_links":{"self":[{"href":"https:\/\/fxbuggy.com\/es\/wp-json\/wp\/v2\/product\/15177","targetHints":{"allow":["GET"]}}],"collection":[{"href":"https:\/\/fxbuggy.com\/es\/wp-json\/wp\/v2\/product"}],"about":[{"href":"https:\/\/fxbuggy.com\/es\/wp-json\/wp\/v2\/types\/product"}],"replies":[{"embeddable":true,"href":"https:\/\/fxbuggy.com\/es\/wp-json\/wp\/v2\/comments?post=15177"}],"wp:featuredmedia":[{"embeddable":true,"href":"https:\/\/fxbuggy.com\/es\/wp-json\/wp\/v2\/media\/9594"}],"wp:attachment":[{"href":"https:\/\/fxbuggy.com\/es\/wp-json\/wp\/v2\/media?parent=15177"}],"wp:term":[{"taxonomy":"product_brand","embeddable":true,"href":"https:\/\/fxbuggy.com\/es\/wp-json\/wp\/v2\/product_brand?post=15177"},{"taxonomy":"product_cat","embeddable":true,"href":"https:\/\/fxbuggy.com\/es\/wp-json\/wp\/v2\/product_cat?post=15177"},{"taxonomy":"product_tag","embeddable":true,"href":"https:\/\/fxbuggy.com\/es\/wp-json\/wp\/v2\/product_tag?post=15177"}],"curies":[{"name":"wp","href":"https:\/\/api.w.org\/{rel}","templated":true}]}}