{"id":15218,"date":"2022-01-14T17:06:33","date_gmt":"2022-01-14T16:06:33","guid":{"rendered":"https:\/\/fxbuggy.com\/shop\/sin categor\u00eda\/fx1000-crosskart-buggy-kit-ampliado\/"},"modified":"2022-01-14T17:06:33","modified_gmt":"2022-01-14T16:06:33","slug":"fx1000-crosskart-buggy-kit-ampliado","status":"publish","type":"product","link":"https:\/\/fxbuggy.com\/es\/shop\/buggy-completo\/fx1000-crosskart-buggy-kit-ampliado\/","title":{"rendered":"FX1000 Crosskart Buggy &#8211; Kit ampliado"},"content":{"rendered":"<ul>\n<li>Distancia entre ejes 2080 mm<\/li>\n<li>Ancho de v\u00eda +\/- 1500 mm<\/li>\n<li>Longitud total +\/- 2800 mm<\/li>\n<li>Bastidor tubular para una rigidez \u00f3ptima<\/li>\n<li>Suspensi\u00f3n delantera y trasera independiente de doble brazo en A<\/li>\n<li>Relaci\u00f3n de la cremallera de direcci\u00f3n 2,5:1<\/li>\n<li>Adecuado para motores de motocicleta accionados por cadena con caja de cambios secuencial interna<\/li>\n<li>Dise\u00f1ado para motores con potencias de hasta 180 CV y un par motor no superior a 120 Nm (Si tu motor supera estas cifras, ponte en contacto con nosotros antes de la compra)<\/li>\n<li>Peso aprox. 360 kg (sin conductor) <\/li>\n<li>Caja de pedales con m\u00faltiples desviaciones de recorrido para embrague y acelerador<\/li>\n<li>Cilindro maestro Wilwood en t\u00e1ndem con pinzas delanteras Wilwood<\/li>\n<li>Dise\u00f1ado para transmisiones BMW E34<\/li>\n<li>Las bridas de rueda tienen un patr\u00f3n de tornillos 110\/4 y un agujero central de llanta de \u00d890mm<\/li>\n<li>Bujes de bisagra de baja fricci\u00f3n en los brazos A, los pedales y la palanca de cambios<\/li>\n<li>Bisagra de baja fricci\u00f3n en el sistema de direcci\u00f3n, incluidas las articulaciones HD de la columna de direcci\u00f3n<\/li>\n<\/ul>\n","protected":false},"excerpt":{"rendered":"<p>Este kit se encuentra entre el <a href=\"https:\/\/fxbuggy.com\/es\/shop\/buggy-completo\/fx1000-crosskart-buggy-kit-base\/\">Kit Base<\/a> y el <a href=\"https:\/\/fxbuggy.com\/es\/shop\/buggy-completo\/fx1000-crosskart-buggy-kit-completo\/\">Kit Completo<\/a>. Este kit contiene la mayor\u00eda de las piezas para construir el buggy crosskart, con la diferencia de poder utilizar piezas para personalizar tu buggy seg\u00fan tus preferencias personales. <\/p>\n<p>Con este kit llevaremos el mundo del automovilismo a tu garaje. Ac\u00e9rcate todo lo que puedas a la experiencia de conducci\u00f3n del WRC por una fracci\u00f3n del presupuesto. El buggy crosskart todoterreno FX1000 est\u00e1 especialmente dise\u00f1ado para pistas de grava y terrenos medianamente abruptos. Con su corta distancia entre ejes, su bajo centro de gravedad y su suspensi\u00f3n delantera y trasera independiente de doble brazo en A, es una bestia f\u00e1cil de domar.   <\/p>\n<p>El FX1000 es un veh\u00edculo todoterreno de altas prestaciones. La bestia es una pasada para conducir a alta velocidad. \u00bfC\u00f3mo lo conseguimos? Nuestro buggy se ha dise\u00f1ado pensando en el rendimiento y cuenta con un chasis tubular r\u00edgido, doble suspensi\u00f3n independiente y una cremallera de direcci\u00f3n de relaci\u00f3n corta para una direcci\u00f3n precisa.   <\/p>\n","protected":false},"featured_media":10990,"comment_status":"closed","ping_status":"closed","template":"","meta":{"_acf_changed":false,"_monsterinsights_skip_tracking":false,"_monsterinsights_sitenote_active":false,"_monsterinsights_sitenote_note":"","_monsterinsights_sitenote_category":0},"product_brand":[],"product_cat":[130],"product_tag":[131],"class_list":{"0":"post-15218","1":"product","2":"type-product","3":"status-publish","4":"has-post-thumbnail","6":"product_cat-buggy-completo","7":"product_tag-descuento-en-el-envio","9":"first","10":"instock","11":"taxable","12":"shipping-taxable","13":"purchasable","14":"product-type-simple"},"acf":[],"_links":{"self":[{"href":"https:\/\/fxbuggy.com\/es\/wp-json\/wp\/v2\/product\/15218","targetHints":{"allow":["GET"]}}],"collection":[{"href":"https:\/\/fxbuggy.com\/es\/wp-json\/wp\/v2\/product"}],"about":[{"href":"https:\/\/fxbuggy.com\/es\/wp-json\/wp\/v2\/types\/product"}],"replies":[{"embeddable":true,"href":"https:\/\/fxbuggy.com\/es\/wp-json\/wp\/v2\/comments?post=15218"}],"wp:featuredmedia":[{"embeddable":true,"href":"https:\/\/fxbuggy.com\/es\/wp-json\/wp\/v2\/media\/10990"}],"wp:attachment":[{"href":"https:\/\/fxbuggy.com\/es\/wp-json\/wp\/v2\/media?parent=15218"}],"wp:term":[{"taxonomy":"product_brand","embeddable":true,"href":"https:\/\/fxbuggy.com\/es\/wp-json\/wp\/v2\/product_brand?post=15218"},{"taxonomy":"product_cat","embeddable":true,"href":"https:\/\/fxbuggy.com\/es\/wp-json\/wp\/v2\/product_cat?post=15218"},{"taxonomy":"product_tag","embeddable":true,"href":"https:\/\/fxbuggy.com\/es\/wp-json\/wp\/v2\/product_tag?post=15218"}],"curies":[{"name":"wp","href":"https:\/\/api.w.org\/{rel}","templated":true}]}}