{"id":15229,"date":"2019-01-24T06:48:35","date_gmt":"2019-01-24T05:48:35","guid":{"rendered":"https:\/\/fxbuggy.com\/shop\/sin categor\u00eda\/plano-de-la-caja-de-pedales-para-el-buggy-crosskart\/"},"modified":"2019-01-24T06:48:35","modified_gmt":"2019-01-24T05:48:35","slug":"plano-de-la-caja-de-pedales-para-el-buggy-crosskart","status":"publish","type":"product","link":"https:\/\/fxbuggy.com\/es\/shop\/planos-de-construccion\/plano-de-la-caja-de-pedales-para-el-buggy-crosskart\/","title":{"rendered":"Plano de la caja de pedales para el Buggy Crosskart"},"content":{"rendered":"<ul>\n<li>F\u00e1cil montaje en tubos de chasis de \u00d840 mm<\/li>\n<li>Posibilidad de variaciones de posici\u00f3n<\/li>\n<li>M\u00faltiples soportes de montaje<\/li>\n<li>Posibilidad de 4 ajustes para las desviaciones del recorrido del acelerador<\/li>\n<li>Posibilidad de 3 ajustes para las desviaciones del recorrido del embrague<\/li>\n<li>Adecuado para cilindro maestro Wilwood T-1<\/li>\n<li>Sistema de frenos delantero y trasero separados<\/li>\n<li>Muelle de retorno de torsi\u00f3n en cada pedal<\/li>\n<li>F\u00e1cil acceso para cambiar la configuraci\u00f3n<\/li>\n<li>Calcoman\u00eda de agarre para un apoyo positivo de los pies<\/li>\n<\/ul>\n","protected":false},"excerpt":{"rendered":"<p>Este es el plano t\u00e9cnico para construir la caja de pedales de tu buggy crosskart. Este plano contiene 53 p\u00e1ginas con planos de montaje y fabricaci\u00f3n muy detallados, listas de piezas y descripciones. <\/p>\n<p>La caja de pedales est\u00e1 especialmente dise\u00f1ada para buggies Crosskart con motores de motocicleta. La caja de pedales tiene diferentes opciones de recorrido gracias a una etapa de palanca adicional en el pedal del acelerador y del embrague para adaptarse a diferentes tipos de motor. A trav\u00e9s de la placa superior desmontable puedes cambiar f\u00e1cilmente la configuraci\u00f3n y el recorrido del cable del pedal del acelerador y del embrague. El cilindro maestro Wilwood T-1 te proporcionar\u00e1 un sistema de frenado s\u00f3lido y seguro gracias a sus conductos de freno delantero y trasero separados. Todos los pedales tienen su propio muelle de torsi\u00f3n para devolverlos a su posici\u00f3n neutra y en ambos extremos de recorrido un perno de ajuste para configurar los topes finales correctos (excepto el pedal de freno).    <\/p>\n<p>Este plan es un archivo descargable. Recibir\u00e1s un archivo PDF que podr\u00e1s descargar inmediatamente despu\u00e9s de la compra.  Si quieres fabricar tus propias piezas, aseg\u00farate de pedir tambi\u00e9n <a href=\"https:\/\/fxbuggy.com\/shop\/laser-files\/pedal-box-laser-files\/\">los archivos DXF de la caja de pedales<\/a>.<\/p>\n","protected":false},"featured_media":6086,"comment_status":"open","ping_status":"closed","template":"","meta":{"_acf_changed":false,"_monsterinsights_skip_tracking":false,"_monsterinsights_sitenote_active":false,"_monsterinsights_sitenote_note":"","_monsterinsights_sitenote_category":0},"product_brand":[],"product_cat":[128],"product_tag":[],"class_list":{"0":"post-15229","1":"product","2":"type-product","3":"status-publish","4":"has-post-thumbnail","6":"product_cat-planos-de-construccion","8":"first","9":"instock","10":"downloadable","11":"virtual","12":"sold-individually","13":"taxable","14":"purchasable","15":"product-type-simple"},"acf":[],"_links":{"self":[{"href":"https:\/\/fxbuggy.com\/es\/wp-json\/wp\/v2\/product\/15229","targetHints":{"allow":["GET"]}}],"collection":[{"href":"https:\/\/fxbuggy.com\/es\/wp-json\/wp\/v2\/product"}],"about":[{"href":"https:\/\/fxbuggy.com\/es\/wp-json\/wp\/v2\/types\/product"}],"replies":[{"embeddable":true,"href":"https:\/\/fxbuggy.com\/es\/wp-json\/wp\/v2\/comments?post=15229"}],"wp:featuredmedia":[{"embeddable":true,"href":"https:\/\/fxbuggy.com\/es\/wp-json\/wp\/v2\/media\/6086"}],"wp:attachment":[{"href":"https:\/\/fxbuggy.com\/es\/wp-json\/wp\/v2\/media?parent=15229"}],"wp:term":[{"taxonomy":"product_brand","embeddable":true,"href":"https:\/\/fxbuggy.com\/es\/wp-json\/wp\/v2\/product_brand?post=15229"},{"taxonomy":"product_cat","embeddable":true,"href":"https:\/\/fxbuggy.com\/es\/wp-json\/wp\/v2\/product_cat?post=15229"},{"taxonomy":"product_tag","embeddable":true,"href":"https:\/\/fxbuggy.com\/es\/wp-json\/wp\/v2\/product_tag?post=15229"}],"curies":[{"name":"wp","href":"https:\/\/api.w.org\/{rel}","templated":true}]}}