{"id":15241,"date":"2019-01-24T06:41:01","date_gmt":"2019-01-24T05:41:01","guid":{"rendered":"https:\/\/fxbuggy.com\/shop\/sin categor\u00eda\/plano-de-suspension-delantera-para-buggy-crosskart\/"},"modified":"2019-01-24T06:41:01","modified_gmt":"2019-01-24T05:41:01","slug":"plano-de-suspension-delantera-para-buggy-crosskart","status":"publish","type":"product","link":"https:\/\/fxbuggy.com\/es\/shop\/planos-de-construccion\/plano-de-suspension-delantera-para-buggy-crosskart\/","title":{"rendered":"Plano de Suspensi\u00f3n Delantera para Buggy Crosskart"},"content":{"rendered":"<ul>\n<li>Construcci\u00f3n independiente de doble brazo en A<\/li>\n<li>Casquillos de bisagra de PU de baja fricci\u00f3n incl. juntas t\u00f3ricas en los brazos A <\/li>\n<li>Diferentes patrones de pernos de brida de rueda de ATV disponibles<\/li>\n<li>Ancho de v\u00eda: 1470 mm<\/li>\n<li>Recorrido de las ruedas: 215 mm<\/li>\n<li>Recorrido del amortiguador: 120 mm<\/li>\n<li>Camber de balanceo a tope: 4,5\u00ba<\/li>\n<li>Radio de fregado \/ lanzador<\/li>\n<li>Se han tenido en cuenta los principios de Ackermann para obtener buenas propiedades de manipulaci\u00f3n.<\/li>\n<\/ul>\n","protected":false},"excerpt":{"rendered":"<p>Este es el plano t\u00e9cnico para construir la suspensi\u00f3n delantera de tu buggy crosskart. Este plano contiene 82 p\u00e1ginas con planos de montaje y fabricaci\u00f3n muy detallados, listas de piezas y descripciones. <\/p>\n<p>Esta suspensi\u00f3n delantera est\u00e1 especialmente dise\u00f1ada para uso todoterreno y proporciona una gran maniobrabilidad y buena tracci\u00f3n gracias a su formato independiente de doble brazo en A. Los montantes se basan en una pinza izquierda y derecha Wilwood ps-1 de montaje no flotante. En los planos se incluir\u00e1n dibujos detallados y un dibujo 1:1 para usar como plantilla para los brazos A inferior y superior. Los montantes est\u00e1n dise\u00f1ados para llantas de 12&#8243; e incluyen dibujos para diferentes patrones de tornillos. Se incluye un plano de dimensiones para el fabricante del amortiguador.    <\/p>\n<p>Este plan es un archivo descargable. Recibir\u00e1s un archivo PDF que podr\u00e1s descargar inmediatamente despu\u00e9s de la compra.  Si quieres fabricar tus propias piezas, aseg\u00farate de pedir tambi\u00e9n <a href=\"https:\/\/fxbuggy.com\/shop\/laser-files\/front-suspension-laser-files\/\">los archivos DXF de la suspensi\u00f3n delantera<\/a>.<\/p>\n","protected":false},"featured_media":15243,"comment_status":"open","ping_status":"closed","template":"","meta":{"_acf_changed":false,"_monsterinsights_skip_tracking":false,"_monsterinsights_sitenote_active":false,"_monsterinsights_sitenote_note":"","_monsterinsights_sitenote_category":0},"product_brand":[],"product_cat":[128],"product_tag":[],"class_list":{"0":"post-15241","1":"product","2":"type-product","3":"status-publish","4":"has-post-thumbnail","6":"product_cat-planos-de-construccion","8":"first","9":"instock","10":"downloadable","11":"virtual","12":"sold-individually","13":"taxable","14":"purchasable","15":"product-type-simple"},"acf":[],"_links":{"self":[{"href":"https:\/\/fxbuggy.com\/es\/wp-json\/wp\/v2\/product\/15241","targetHints":{"allow":["GET"]}}],"collection":[{"href":"https:\/\/fxbuggy.com\/es\/wp-json\/wp\/v2\/product"}],"about":[{"href":"https:\/\/fxbuggy.com\/es\/wp-json\/wp\/v2\/types\/product"}],"replies":[{"embeddable":true,"href":"https:\/\/fxbuggy.com\/es\/wp-json\/wp\/v2\/comments?post=15241"}],"wp:featuredmedia":[{"embeddable":true,"href":"https:\/\/fxbuggy.com\/es\/wp-json\/wp\/v2\/media\/15243"}],"wp:attachment":[{"href":"https:\/\/fxbuggy.com\/es\/wp-json\/wp\/v2\/media?parent=15241"}],"wp:term":[{"taxonomy":"product_brand","embeddable":true,"href":"https:\/\/fxbuggy.com\/es\/wp-json\/wp\/v2\/product_brand?post=15241"},{"taxonomy":"product_cat","embeddable":true,"href":"https:\/\/fxbuggy.com\/es\/wp-json\/wp\/v2\/product_cat?post=15241"},{"taxonomy":"product_tag","embeddable":true,"href":"https:\/\/fxbuggy.com\/es\/wp-json\/wp\/v2\/product_tag?post=15241"}],"curies":[{"name":"wp","href":"https:\/\/api.w.org\/{rel}","templated":true}]}}