{"id":15247,"date":"2019-01-24T06:45:45","date_gmt":"2019-01-24T05:45:45","guid":{"rendered":"https:\/\/fxbuggy.com\/shop\/sin categor\u00eda\/plan-de-suspension-trasera-para-buggy-crosskart\/"},"modified":"2019-01-24T06:45:45","modified_gmt":"2019-01-24T05:45:45","slug":"plan-de-suspension-trasera-para-buggy-crosskart","status":"publish","type":"product","link":"https:\/\/fxbuggy.com\/es\/shop\/planos-de-construccion\/plan-de-suspension-trasera-para-buggy-crosskart\/","title":{"rendered":"Plan de Suspensi\u00f3n Trasera para Buggy Crosskart"},"content":{"rendered":"<ul>\n<li>Construcci\u00f3n independiente de doble brazo en A<\/li>\n<li>Dise\u00f1ado para ejes de transmisi\u00f3n OEM BMW E34<\/li>\n<li>Casquillos de bisagra de PU de baja fricci\u00f3n con juntas t\u00f3ricas en los brazos A<\/li>\n<li>Sistema tensor de cadena<\/li>\n<li>Incluye plano de la rueda de cadena<\/li>\n<li>Diferentes patrones de pernos de brida de rueda de ATV disponibles<\/li>\n<li>Disco de freno central \u00d8260 mm<\/li>\n<li>Dise\u00f1ado para la pinza de freno delantera izquierda OEM Honda PC35.<\/li>\n<li>Ancho de v\u00eda: 1475 mm<\/li>\n<li>Recorrido de las ruedas: 241 mm<\/li>\n<li>Recorrido del amortiguador: 135 mm<\/li>\n<li>Balanceo \/ peralte a tope 6\u00ba<\/li>\n<\/ul>\n","protected":false},"excerpt":{"rendered":"<p>Este es el plano t\u00e9cnico para construir la suspensi\u00f3n trasera de tu buggy crosskart. Este plano contiene 84 p\u00e1ginas con planos de montaje y fabricaci\u00f3n muy detallados, listas de piezas y descripciones. <\/p>\n<p>Esta suspensi\u00f3n trasera est\u00e1 especialmente dise\u00f1ada para uso todoterreno y proporciona una gran maniobrabilidad y buena tracci\u00f3n gracias a su formato independiente de doble brazo en A. La suspensi\u00f3n trasera se basa en los ejes de transmisi\u00f3n de serie del BMW E34 con juntas atornilladas a ambos lados y est\u00e1n disponibles en todo el mundo. En los planos se incluir\u00e1n los planos completos del buje central con dibujos detallados y un dibujo 1:1 para usar como plantilla para los brazos en A inferior y superior. Los montantes est\u00e1n dise\u00f1ados para llantas de 12&#8243; y hay opciones para diferentes patrones de tornillos. Se incluye un plano de dimensiones para el fabricante del amortiguador.    <\/p>\n<p>Este plan es un archivo descargable. Recibir\u00e1s un archivo PDF que podr\u00e1s descargar inmediatamente despu\u00e9s de la compra.  Si quieres fabricar tus propias piezas, aseg\u00farate de pedir tambi\u00e9n <a href=\"https:\/\/fxbuggy.com\/shop\/laser-files\/rear-suspension-laser-files\/\">los archivos DXF de la suspensi\u00f3n trasera<\/a>.<\/p>\n","protected":false},"featured_media":6338,"comment_status":"open","ping_status":"closed","template":"","meta":{"_acf_changed":false,"_monsterinsights_skip_tracking":false,"_monsterinsights_sitenote_active":false,"_monsterinsights_sitenote_note":"","_monsterinsights_sitenote_category":0},"product_brand":[],"product_cat":[128],"product_tag":[],"class_list":{"0":"post-15247","1":"product","2":"type-product","3":"status-publish","4":"has-post-thumbnail","6":"product_cat-planos-de-construccion","8":"first","9":"instock","10":"downloadable","11":"virtual","12":"sold-individually","13":"taxable","14":"purchasable","15":"product-type-simple"},"acf":[],"_links":{"self":[{"href":"https:\/\/fxbuggy.com\/es\/wp-json\/wp\/v2\/product\/15247","targetHints":{"allow":["GET"]}}],"collection":[{"href":"https:\/\/fxbuggy.com\/es\/wp-json\/wp\/v2\/product"}],"about":[{"href":"https:\/\/fxbuggy.com\/es\/wp-json\/wp\/v2\/types\/product"}],"replies":[{"embeddable":true,"href":"https:\/\/fxbuggy.com\/es\/wp-json\/wp\/v2\/comments?post=15247"}],"wp:featuredmedia":[{"embeddable":true,"href":"https:\/\/fxbuggy.com\/es\/wp-json\/wp\/v2\/media\/6338"}],"wp:attachment":[{"href":"https:\/\/fxbuggy.com\/es\/wp-json\/wp\/v2\/media?parent=15247"}],"wp:term":[{"taxonomy":"product_brand","embeddable":true,"href":"https:\/\/fxbuggy.com\/es\/wp-json\/wp\/v2\/product_brand?post=15247"},{"taxonomy":"product_cat","embeddable":true,"href":"https:\/\/fxbuggy.com\/es\/wp-json\/wp\/v2\/product_cat?post=15247"},{"taxonomy":"product_tag","embeddable":true,"href":"https:\/\/fxbuggy.com\/es\/wp-json\/wp\/v2\/product_tag?post=15247"}],"curies":[{"name":"wp","href":"https:\/\/api.w.org\/{rel}","templated":true}]}}