{"id":15261,"date":"2020-12-11T14:57:58","date_gmt":"2020-12-11T13:57:58","guid":{"rendered":"https:\/\/fxbuggy.com\/shop\/sin categor\u00eda\/cremallera-de-direccion-solo-cremallera\/"},"modified":"2020-12-11T14:57:58","modified_gmt":"2020-12-11T13:57:58","slug":"cremallera-de-direccion-solo-cremallera","status":"publish","type":"product","link":"https:\/\/fxbuggy.com\/es\/shop\/direccion\/cremallera-de-direccion-solo-cremallera\/","title":{"rendered":"Cremallera de direcci\u00f3n (s\u00f3lo cremallera)"},"content":{"rendered":"<ul>\n<li>Relaci\u00f3n corta (relaci\u00f3n: 1,2)<\/li>\n<li>Recorrido total de 120 mm (60 mm a cada lado)<\/li>\n<li>460 mm de ancho total<\/li>\n<li>Juntas M10x1,25<\/li>\n<li>9\/16\u2033 30 dientes estriados<\/li>\n<\/ul>\n","protected":false},"excerpt":{"rendered":"<p>Cremallera de direcci\u00f3n de relaci\u00f3n corta para aplicaciones de buggy todoterreno. Relaci\u00f3n: la rotaci\u00f3n de 1,2 da un recorrido total de 120 mm. (60 mm a cada lado). La anchura desde ambas bolas de articulaci\u00f3n es de 460 mm. Las juntas de la cremallera de direcci\u00f3n son de rosca M10x1,25. (Se adapta al casquillo roscado: 01-5000-00018). El estriado de la columna de direcci\u00f3n es de 9\/16&#8243; y 30 dientes.<\/p>\n<p>Tambi\u00e9n disponible como <a href=\"https:\/\/fxbuggy.com\/shop\/steering\/steering-rack-assembly\/\">conjunto completo de cremallera de direcci\u00f3n<\/a> (03-0012-00002).<\/p>\n","protected":false},"featured_media":11723,"comment_status":"open","ping_status":"closed","template":"","meta":{"_acf_changed":false,"_monsterinsights_skip_tracking":false,"_monsterinsights_sitenote_active":false,"_monsterinsights_sitenote_note":"","_monsterinsights_sitenote_category":0},"product_brand":[],"product_cat":[126],"product_tag":[],"class_list":{"0":"post-15261","1":"product","2":"type-product","3":"status-publish","4":"has-post-thumbnail","6":"product_cat-direccion","8":"first","9":"instock","10":"taxable","11":"shipping-taxable","12":"purchasable","13":"product-type-simple"},"acf":[],"_links":{"self":[{"href":"https:\/\/fxbuggy.com\/es\/wp-json\/wp\/v2\/product\/15261","targetHints":{"allow":["GET"]}}],"collection":[{"href":"https:\/\/fxbuggy.com\/es\/wp-json\/wp\/v2\/product"}],"about":[{"href":"https:\/\/fxbuggy.com\/es\/wp-json\/wp\/v2\/types\/product"}],"replies":[{"embeddable":true,"href":"https:\/\/fxbuggy.com\/es\/wp-json\/wp\/v2\/comments?post=15261"}],"wp:featuredmedia":[{"embeddable":true,"href":"https:\/\/fxbuggy.com\/es\/wp-json\/wp\/v2\/media\/11723"}],"wp:attachment":[{"href":"https:\/\/fxbuggy.com\/es\/wp-json\/wp\/v2\/media?parent=15261"}],"wp:term":[{"taxonomy":"product_brand","embeddable":true,"href":"https:\/\/fxbuggy.com\/es\/wp-json\/wp\/v2\/product_brand?post=15261"},{"taxonomy":"product_cat","embeddable":true,"href":"https:\/\/fxbuggy.com\/es\/wp-json\/wp\/v2\/product_cat?post=15261"},{"taxonomy":"product_tag","embeddable":true,"href":"https:\/\/fxbuggy.com\/es\/wp-json\/wp\/v2\/product_tag?post=15261"}],"curies":[{"name":"wp","href":"https:\/\/api.w.org\/{rel}","templated":true}]}}