{"id":15271,"date":"2020-12-11T15:04:25","date_gmt":"2020-12-11T14:04:25","guid":{"rendered":"https:\/\/fxbuggy.com\/shop\/sin categor\u00eda\/volante\/"},"modified":"2020-12-11T15:04:25","modified_gmt":"2020-12-11T14:04:25","slug":"volante","status":"publish","type":"product","link":"https:\/\/fxbuggy.com\/es\/shop\/direccion\/volante\/","title":{"rendered":"Volante"},"content":{"rendered":"<ul>\n<li>Di\u00e1metro del volante \u00d8300 mm<\/li>\n<li>Cubo interior de acero<\/li>\n<li>Agujero central \u00d88 mm<\/li>\n<li>3 orificios de \u00d86 mm<\/li>\n<li>Cubierta de pl\u00e1stico<\/li>\n<\/ul>\n","protected":false},"excerpt":{"rendered":"<p>Volante con muescas para mayor agarre. El volante tiene un di\u00e1metro de \u00d8300 mm y un cubo interior de acero. Puntos de montaje: orificio central de \u00d88 mm y 3 orificios de \u00d86 mm. Viene con una funda de pl\u00e1stico.<\/p>\n","protected":false},"featured_media":11725,"comment_status":"open","ping_status":"closed","template":"","meta":{"_acf_changed":false,"_monsterinsights_skip_tracking":false,"_monsterinsights_sitenote_active":false,"_monsterinsights_sitenote_note":"","_monsterinsights_sitenote_category":0},"product_brand":[],"product_cat":[126],"product_tag":[],"class_list":{"0":"post-15271","1":"product","2":"type-product","3":"status-publish","4":"has-post-thumbnail","6":"product_cat-direccion","8":"first","9":"instock","10":"taxable","11":"shipping-taxable","12":"purchasable","13":"product-type-simple"},"acf":[],"_links":{"self":[{"href":"https:\/\/fxbuggy.com\/es\/wp-json\/wp\/v2\/product\/15271","targetHints":{"allow":["GET"]}}],"collection":[{"href":"https:\/\/fxbuggy.com\/es\/wp-json\/wp\/v2\/product"}],"about":[{"href":"https:\/\/fxbuggy.com\/es\/wp-json\/wp\/v2\/types\/product"}],"replies":[{"embeddable":true,"href":"https:\/\/fxbuggy.com\/es\/wp-json\/wp\/v2\/comments?post=15271"}],"wp:featuredmedia":[{"embeddable":true,"href":"https:\/\/fxbuggy.com\/es\/wp-json\/wp\/v2\/media\/11725"}],"wp:attachment":[{"href":"https:\/\/fxbuggy.com\/es\/wp-json\/wp\/v2\/media?parent=15271"}],"wp:term":[{"taxonomy":"product_brand","embeddable":true,"href":"https:\/\/fxbuggy.com\/es\/wp-json\/wp\/v2\/product_brand?post=15271"},{"taxonomy":"product_cat","embeddable":true,"href":"https:\/\/fxbuggy.com\/es\/wp-json\/wp\/v2\/product_cat?post=15271"},{"taxonomy":"product_tag","embeddable":true,"href":"https:\/\/fxbuggy.com\/es\/wp-json\/wp\/v2\/product_tag?post=15271"}],"curies":[{"name":"wp","href":"https:\/\/api.w.org\/{rel}","templated":true}]}}