{"id":15273,"date":"2020-01-16T10:31:29","date_gmt":"2020-01-16T09:31:29","guid":{"rendered":"https:\/\/fxbuggy.com\/shop\/sin%20categor\u00eda\/plano-de-bastidor-tubular-para-buggy-crosskart\/"},"modified":"2025-11-21T06:29:00","modified_gmt":"2025-11-21T05:29:00","slug":"plano-de-bastidor-tubular-para-buggy-crosskart","status":"publish","type":"product","link":"https:\/\/fxbuggy.com\/es\/shop\/planos-de-construccion\/plano-de-bastidor-tubular-para-buggy-crosskart\/","title":{"rendered":"Plano de bastidor tubular para Buggy Crosskart"},"content":{"rendered":"<ul>\n<li>Construcci\u00f3n robusta con tubos sin soldadura<\/li>\n<li>Espacio ajustable en el vano motor. (distancia entre ejes) <\/li>\n<li>Tubos principales sin soldadura \u00d840&#215;2,0, \u00d830&#215;2,0, \u00d828&#215;2,0 y \u00d822&#215;2,0 mm<\/li>\n<li>Casquillos silent blocks para el montaje del motor<\/li>\n<\/ul>\n","protected":false},"excerpt":{"rendered":"<p>Este es el plano t\u00e9cnico para construir un s\u00f3lido pero ligero bastidor tubular de jaula antivuelco para tu buggy crosskart. Este plano contiene 65 p\u00e1ginas con planos de montaje y fabricaci\u00f3n muy detallados, listas de piezas y descripciones. <\/p>\n<p>El bastidor tiene una construcci\u00f3n resistente con tubos sin soldadura y 1 barra antivuelco principal justo detr\u00e1s del asiento. Tiene un espacio ajustable en el vano motor con casquillos silent block para el montaje del motor. Viene con planos detallados de fabricaci\u00f3n y doblado, incluidos los puntos de montaje del brazo A y los amortiguadores. Los tubos principales son de \u00d840 x 2,0 mm con tubos secundarios de \u00d832 x 2,5 mm y tubos de refuerzo de \u00d828 x 2,0 mm.   <\/p>\n<p>Este plan es un archivo descargable. Recibir\u00e1s un archivo PDF que podr\u00e1s descargar inmediatamente despu\u00e9s de la compra.  Si quieres fabricar tus propias piezas, aseg\u00farate de obtener tambi\u00e9n <a href=\"https:\/\/fxbuggy.com\/es\/shop\/limas-laser\/limas-laser-de-bastidor-para-buggy-crosskart\/\">los archivos DXF del bastidor del buggy<\/a>.<\/p>\n","protected":false},"featured_media":6116,"comment_status":"open","ping_status":"closed","template":"","meta":{"_acf_changed":false,"_monsterinsights_skip_tracking":false,"_monsterinsights_sitenote_active":false,"_monsterinsights_sitenote_note":"","_monsterinsights_sitenote_category":0},"product_brand":[],"product_cat":[128],"product_tag":[],"class_list":{"0":"post-15273","1":"product","2":"type-product","3":"status-publish","4":"has-post-thumbnail","6":"product_cat-planos-de-construccion","8":"first","9":"instock","10":"sale","11":"downloadable","12":"virtual","13":"sold-individually","14":"taxable","15":"purchasable","16":"product-type-simple"},"acf":[],"_links":{"self":[{"href":"https:\/\/fxbuggy.com\/es\/wp-json\/wp\/v2\/product\/15273","targetHints":{"allow":["GET"]}}],"collection":[{"href":"https:\/\/fxbuggy.com\/es\/wp-json\/wp\/v2\/product"}],"about":[{"href":"https:\/\/fxbuggy.com\/es\/wp-json\/wp\/v2\/types\/product"}],"replies":[{"embeddable":true,"href":"https:\/\/fxbuggy.com\/es\/wp-json\/wp\/v2\/comments?post=15273"}],"wp:featuredmedia":[{"embeddable":true,"href":"https:\/\/fxbuggy.com\/es\/wp-json\/wp\/v2\/media\/6116"}],"wp:attachment":[{"href":"https:\/\/fxbuggy.com\/es\/wp-json\/wp\/v2\/media?parent=15273"}],"wp:term":[{"taxonomy":"product_brand","embeddable":true,"href":"https:\/\/fxbuggy.com\/es\/wp-json\/wp\/v2\/product_brand?post=15273"},{"taxonomy":"product_cat","embeddable":true,"href":"https:\/\/fxbuggy.com\/es\/wp-json\/wp\/v2\/product_cat?post=15273"},{"taxonomy":"product_tag","embeddable":true,"href":"https:\/\/fxbuggy.com\/es\/wp-json\/wp\/v2\/product_tag?post=15273"}],"curies":[{"name":"wp","href":"https:\/\/api.w.org\/{rel}","templated":true}]}}