{"id":15291,"date":"2020-01-20T10:30:05","date_gmt":"2020-01-20T09:30:05","guid":{"rendered":"https:\/\/fxbuggy.com\/shop\/sin categor\u00eda\/kit-de-caja-de-pedales-para-buggy-crosskart\/"},"modified":"2020-01-20T10:30:05","modified_gmt":"2020-01-20T09:30:05","slug":"kit-de-caja-de-pedales-para-buggy-crosskart","status":"publish","type":"product","link":"https:\/\/fxbuggy.com\/es\/shop\/kits-completos\/kit-de-caja-de-pedales-para-buggy-crosskart\/","title":{"rendered":"Kit de caja de pedales para Buggy Crosskart"},"content":{"rendered":"<ul>\n<li>F\u00e1cil montaje en tubos de chasis de \u00d840 mm<\/li>\n<li>Posibilidad de variaciones de posici\u00f3n<\/li>\n<li>M\u00faltiples soportes de montaje<\/li>\n<li>Posibilidad de 4 ajustes para las desviaciones del recorrido del acelerador<\/li>\n<li>Posibilidad de 3 ajustes para las desviaciones del recorrido del embrague<\/li>\n<li>Adecuado para cilindro maestro Wilwood T1<\/li>\n<li>Sistema de frenos delantero y trasero separados<\/li>\n<li>Incluye muelle de retorno de torsi\u00f3n en cada pedal<\/li>\n<li>F\u00e1cil acceso para cambiar la configuraci\u00f3n<\/li>\n<li>Calcoman\u00eda de agarre para un apoyo positivo de los pies<\/li>\n<\/ul>\n","protected":false},"excerpt":{"rendered":"<p>La caja de pedales est\u00e1 especialmente dise\u00f1ada para buggies Crosskart con motores de motocicleta. La caja de pedales tiene diferentes opciones de recorrido gracias a una etapa de palanca adicional en el pedal del acelerador y del embrague para adaptarse a diferentes tipos de motor. A trav\u00e9s de la placa superior desmontable puedes cambiar f\u00e1cilmente la configuraci\u00f3n y el recorrido del cable del pedal del acelerador y del embrague. El cilindro maestro Wilwood T-1 te proporcionar\u00e1 un sistema de frenado s\u00f3lido y seguro gracias a sus conductos de freno delantero y trasero separados. Todos los pedales tienen su propio muelle de torsi\u00f3n para devolverlos a su posici\u00f3n neutra y en ambos extremos de recorrido un perno de ajuste para configurar los topes finales correctos (excepto el pedal de freno).    <\/p>\n<p>Este producto contiene todas las piezas sin soldar para construir una caja de pedales completa para tu buggy crosskart. Y por completa queremos decir completa. Consulta la informaci\u00f3n que figura a continuaci\u00f3n para conocer el contenido del kit de caja de pedales. Se incluye el <a href=\"https:\/\/fxbuggy.com\/es\/shop\/planos-de-construccion\/plano-de-la-caja-de-pedales-para-el-buggy-crosskart\/\">plano de la caja de pedales<\/a> (copia impresa).   <\/p>\n","protected":false},"featured_media":6092,"comment_status":"open","ping_status":"closed","template":"","meta":{"_acf_changed":false,"_monsterinsights_skip_tracking":false,"_monsterinsights_sitenote_active":false,"_monsterinsights_sitenote_note":"","_monsterinsights_sitenote_category":0},"product_brand":[],"product_cat":[134,129],"product_tag":[],"class_list":{"0":"post-15291","1":"product","2":"type-product","3":"status-publish","4":"has-post-thumbnail","6":"product_cat-caja-de-pedales","7":"product_cat-kits-completos","9":"first","10":"instock","11":"featured","12":"taxable","13":"shipping-taxable","14":"purchasable","15":"product-type-variable","16":"has-default-attributes"},"acf":[],"_links":{"self":[{"href":"https:\/\/fxbuggy.com\/es\/wp-json\/wp\/v2\/product\/15291","targetHints":{"allow":["GET"]}}],"collection":[{"href":"https:\/\/fxbuggy.com\/es\/wp-json\/wp\/v2\/product"}],"about":[{"href":"https:\/\/fxbuggy.com\/es\/wp-json\/wp\/v2\/types\/product"}],"replies":[{"embeddable":true,"href":"https:\/\/fxbuggy.com\/es\/wp-json\/wp\/v2\/comments?post=15291"}],"wp:featuredmedia":[{"embeddable":true,"href":"https:\/\/fxbuggy.com\/es\/wp-json\/wp\/v2\/media\/6092"}],"wp:attachment":[{"href":"https:\/\/fxbuggy.com\/es\/wp-json\/wp\/v2\/media?parent=15291"}],"wp:term":[{"taxonomy":"product_brand","embeddable":true,"href":"https:\/\/fxbuggy.com\/es\/wp-json\/wp\/v2\/product_brand?post=15291"},{"taxonomy":"product_cat","embeddable":true,"href":"https:\/\/fxbuggy.com\/es\/wp-json\/wp\/v2\/product_cat?post=15291"},{"taxonomy":"product_tag","embeddable":true,"href":"https:\/\/fxbuggy.com\/es\/wp-json\/wp\/v2\/product_tag?post=15291"}],"curies":[{"name":"wp","href":"https:\/\/api.w.org\/{rel}","templated":true}]}}