{"id":15303,"date":"2020-02-10T07:39:06","date_gmt":"2020-02-10T06:39:06","guid":{"rendered":"https:\/\/fxbuggy.com\/shop\/sin categor\u00eda\/suspension-delantera-limas-laser-para-buggy-crosskart\/"},"modified":"2020-02-10T07:39:06","modified_gmt":"2020-02-10T06:39:06","slug":"suspension-delantera-limas-laser-para-buggy-crosskart","status":"publish","type":"product","link":"https:\/\/fxbuggy.com\/es\/shop\/limas-laser\/suspension-delantera-limas-laser-para-buggy-crosskart\/","title":{"rendered":"Suspensi\u00f3n delantera Limas l\u00e1ser para Buggy Crosskart"},"content":{"rendered":"<ul>\n<li>Construcci\u00f3n independiente de doble brazo en A<\/li>\n<li>Casquillos de bisagra de PU de baja fricci\u00f3n incl. juntas t\u00f3ricas en los brazos A <\/li>\n<li>Disponibles diferentes patrones de pernos de brida de rueda de ATV<\/li>\n<li>Ancho de v\u00eda: 1470 mm<\/li>\n<li>Recorrido de las ruedas: 215 mm<\/li>\n<li>Recorrido del amortiguador: 120 mm<\/li>\n<li>Camber de balanceo a tope: 4,5\u00ba<\/li>\n<li>Se han tenido en cuenta los principios de Scrub radius \/ caster y ackermann para obtener buenas propiedades de manipulaci\u00f3n<\/li>\n<\/ul>\n","protected":false},"excerpt":{"rendered":"<p>Estos son los archivos DXF para cortar con l\u00e1ser los componentes necesarios para construir la suspensi\u00f3n delantera de tu buggy crosskart. Este producto contiene los archivos DXF que se pueden cargar directamente en una cortadora l\u00e1ser. <\/p>\n<p>Esta suspensi\u00f3n delantera est\u00e1 especialmente dise\u00f1ada para uso todoterreno y proporciona una gran maniobrabilidad y buena tracci\u00f3n gracias a su formato independiente de doble brazo en A. Los montantes se basan en una pinza izquierda y derecha Wilwood ps-1 de montaje no flotante. En los planos se incluir\u00e1n dibujos detallados y un dibujo 1:1 para usar como plantilla para los brazos A inferior y superior. Los montantes est\u00e1n dise\u00f1ados para llantas de 12&#8243; e incluyen dibujos para diferentes patrones de tornillos. Se incluye un plano de dimensiones para el fabricante del amortiguador.    <\/p>\n<p>Este producto es descargable. Recibir\u00e1s archivos DXF, que podr\u00e1s descargar inmediatamente despu\u00e9s de la compra. Si a\u00fan no tienes el plano para construir la <a href=\"https:\/\/fxbuggy.com\/es\/shop\/planos-de-construccion\/plano-de-suspension-delantera-para-buggy-crosskart\/\">suspensi\u00f3n delantera, aseg\u00farate de pedir tambi\u00e9n los archivos PDF para construir la suspensi\u00f3n delantera<\/a>.  <\/p>\n","protected":false},"featured_media":7158,"comment_status":"open","ping_status":"closed","template":"","meta":{"_acf_changed":false,"_monsterinsights_skip_tracking":false,"_monsterinsights_sitenote_active":false,"_monsterinsights_sitenote_note":"","_monsterinsights_sitenote_category":0},"product_brand":[],"product_cat":[133],"product_tag":[],"class_list":{"0":"post-15303","1":"product","2":"type-product","3":"status-publish","4":"has-post-thumbnail","6":"product_cat-limas-laser","8":"first","9":"instock","10":"downloadable","11":"virtual","12":"taxable","13":"purchasable","14":"product-type-simple"},"acf":[],"_links":{"self":[{"href":"https:\/\/fxbuggy.com\/es\/wp-json\/wp\/v2\/product\/15303","targetHints":{"allow":["GET"]}}],"collection":[{"href":"https:\/\/fxbuggy.com\/es\/wp-json\/wp\/v2\/product"}],"about":[{"href":"https:\/\/fxbuggy.com\/es\/wp-json\/wp\/v2\/types\/product"}],"replies":[{"embeddable":true,"href":"https:\/\/fxbuggy.com\/es\/wp-json\/wp\/v2\/comments?post=15303"}],"wp:featuredmedia":[{"embeddable":true,"href":"https:\/\/fxbuggy.com\/es\/wp-json\/wp\/v2\/media\/7158"}],"wp:attachment":[{"href":"https:\/\/fxbuggy.com\/es\/wp-json\/wp\/v2\/media?parent=15303"}],"wp:term":[{"taxonomy":"product_brand","embeddable":true,"href":"https:\/\/fxbuggy.com\/es\/wp-json\/wp\/v2\/product_brand?post=15303"},{"taxonomy":"product_cat","embeddable":true,"href":"https:\/\/fxbuggy.com\/es\/wp-json\/wp\/v2\/product_cat?post=15303"},{"taxonomy":"product_tag","embeddable":true,"href":"https:\/\/fxbuggy.com\/es\/wp-json\/wp\/v2\/product_tag?post=15303"}],"curies":[{"name":"wp","href":"https:\/\/api.w.org\/{rel}","templated":true}]}}