{"id":15304,"date":"2020-01-30T12:10:36","date_gmt":"2020-01-30T11:10:36","guid":{"rendered":"https:\/\/fxbuggy.com\/shop\/sin categor\u00eda\/kit-de-buje-central-para-buggy-crosskart\/"},"modified":"2020-01-30T12:10:36","modified_gmt":"2020-01-30T11:10:36","slug":"kit-de-buje-central-para-buggy-crosskart","status":"publish","type":"product","link":"https:\/\/fxbuggy.com\/es\/shop\/suspension-trasera\/kit-de-buje-central-para-buggy-crosskart\/","title":{"rendered":"Kit de buje central para Buggy Crosskart"},"content":{"rendered":"<ul>\n<li>Cubo central de acero macizo de una pieza<\/li>\n<li>\u00d865 mm di\u00e1metro interior del cojinete<\/li>\n<li>Sistema tensor de cadena integrado de f\u00e1cil acceso<\/li>\n<li>Rueda de cadena 530, acero, 60 dientes<\/li>\n<li>Adecuado para una sola pinza de freno delantera izquierda Honda PC35<\/li>\n<li>Disco de freno central de \u00d8260 mm (acero arenado resistente a la abrasi\u00f3n)<\/li>\n<li>Las piezas que no necesitan soldarse se cincan<\/li>\n<li>Dise\u00f1ado para ejes de transmisi\u00f3n BMW E34 ampliamente disponibles<\/li>\n<\/ul>\n","protected":false},"excerpt":{"rendered":"<p>El buje central est\u00e1 dise\u00f1ado para llevar la potencia del motor de tu moto a los ejes de transmisi\u00f3n mediante un plato de 60 dientes 530. Tiene una construcci\u00f3n atornillada para la pinza de freno delantera izquierda de la Honda CBR PC35, disponible en todo el mundo. El cubo central completo con el plato, el disco de freno y la pinza de freno est\u00e1 soportado por 2 grandes rodamientos de bolas con un di\u00e1metro interior de \u00d865 mm. El conjunto se fija mediante 4 casquillos roscados a ambos lados, soldados a 2 placas del chasis. Gracias a estos casquillos roscados y a los agujeros ranurados, todo el conjunto del buje central es ajustable para tensar la cadena.    <\/p>\n<p>Este producto contiene todas las piezas sin soldar para construir el cubo central de tu buggy crosskart. Se incluye el plano (PDF). <\/p>\n","protected":false},"featured_media":6095,"comment_status":"open","ping_status":"closed","template":"","meta":{"_acf_changed":false,"_monsterinsights_skip_tracking":false,"_monsterinsights_sitenote_active":false,"_monsterinsights_sitenote_note":"","_monsterinsights_sitenote_category":0},"product_brand":[],"product_cat":[129,127],"product_tag":[],"class_list":{"0":"post-15304","1":"product","2":"type-product","3":"status-publish","4":"has-post-thumbnail","6":"product_cat-kits-completos","7":"product_cat-suspension-trasera","9":"first","10":"instock","11":"taxable","12":"shipping-taxable","13":"purchasable","14":"product-type-simple"},"acf":[],"_links":{"self":[{"href":"https:\/\/fxbuggy.com\/es\/wp-json\/wp\/v2\/product\/15304","targetHints":{"allow":["GET"]}}],"collection":[{"href":"https:\/\/fxbuggy.com\/es\/wp-json\/wp\/v2\/product"}],"about":[{"href":"https:\/\/fxbuggy.com\/es\/wp-json\/wp\/v2\/types\/product"}],"replies":[{"embeddable":true,"href":"https:\/\/fxbuggy.com\/es\/wp-json\/wp\/v2\/comments?post=15304"}],"wp:featuredmedia":[{"embeddable":true,"href":"https:\/\/fxbuggy.com\/es\/wp-json\/wp\/v2\/media\/6095"}],"wp:attachment":[{"href":"https:\/\/fxbuggy.com\/es\/wp-json\/wp\/v2\/media?parent=15304"}],"wp:term":[{"taxonomy":"product_brand","embeddable":true,"href":"https:\/\/fxbuggy.com\/es\/wp-json\/wp\/v2\/product_brand?post=15304"},{"taxonomy":"product_cat","embeddable":true,"href":"https:\/\/fxbuggy.com\/es\/wp-json\/wp\/v2\/product_cat?post=15304"},{"taxonomy":"product_tag","embeddable":true,"href":"https:\/\/fxbuggy.com\/es\/wp-json\/wp\/v2\/product_tag?post=15304"}],"curies":[{"name":"wp","href":"https:\/\/api.w.org\/{rel}","templated":true}]}}