{"id":15316,"date":"2020-02-10T07:43:04","date_gmt":"2020-02-10T06:43:04","guid":{"rendered":"https:\/\/fxbuggy.com\/shop\/sin categor\u00eda\/kit-completo-de-suspension-delantera-para-buggy-crosskart\/"},"modified":"2020-02-10T07:43:04","modified_gmt":"2020-02-10T06:43:04","slug":"kit-completo-de-suspension-delantera-para-buggy-crosskart","status":"publish","type":"product","link":"https:\/\/fxbuggy.com\/es\/shop\/suspension-delantera\/kit-completo-de-suspension-delantera-para-buggy-crosskart\/","title":{"rendered":"Kit completo de suspensi\u00f3n delantera para Buggy Crosskart"},"content":{"rendered":"<ul>\n<li>Suspensi\u00f3n independiente de doble horquilla<\/li>\n<li>Se han tenido en cuenta los principios de radio de fregado \/ fundici\u00f3n<\/li>\n<li>Geometr\u00eda de direcci\u00f3n Ackermann<\/li>\n<li>Cubos de rueda macizos de aluminio anodizado negro de una sola pieza<\/li>\n<li>Adecuado para llantas con patr\u00f3n de tornillos 110\/4<\/li>\n<li>Discos de freno de \u00d8205 mm (acero arenado resistente a la abrasi\u00f3n)<\/li>\n<li>Dise\u00f1ado para pinzas de freno Wilwood PS-1 (opcionales) (n\u00ba 120-5453 \/ n\u00ba 120-5456) y pastillas (n\u00ba 150-4091)<\/li>\n<li>Cojinetes de casquillo de bisagra de PU de baja fricci\u00f3n, incluidas juntas t\u00f3ricas en los brazos A<\/li>\n<li>Las piezas que no necesitan soldarse se cincan<\/li>\n<li>Ancho de v\u00eda: 1470 mm, cuando se utiliza con nuestro bastidor tubular<\/li>\n<li>Recorrido de las ruedas: 215 mm<\/li>\n<li>Recorrido del amortiguador: 120 mm<\/li>\n<li>Camber de balanceo a tope: 4,5\u00ba<\/li>\n<\/ul>\n","protected":false},"excerpt":{"rendered":"<p>Esta es la suspensi\u00f3n delantera completa para tu buggy crosskart. Esta suspensi\u00f3n delantera est\u00e1 especialmente dise\u00f1ada para uso todoterreno. La geometr\u00eda de doble brazo en A proporciona una buena tracci\u00f3n y una parte trasera de crosskart muy estable y f\u00e1cil de manejar. Debido a su curva de ca\u00edda negativa durante el recorrido de la suspensi\u00f3n, estas caracter\u00edsticas positivas subsisten en las curvas.   <\/p>\n<p>Los cubos de rueda son de aluminio de una sola pieza y tienen un acabado anodizado negro. El mecanismo de freno est\u00e1 dise\u00f1ado para una pinza Wilwood ps-1 izquierda y derecha con montaje flotante. Los montantes est\u00e1n dise\u00f1ados para llantas de 12&#8243; con un patr\u00f3n de tornillos 110\/4.  <\/p>\n<p>Se incluye el plano de construcci\u00f3n, as\u00ed como un dibujo 1:1 para utilizarlo como plantilla de soldadura para el brazo A inferior y superior.<\/p>\n","protected":false},"featured_media":6358,"comment_status":"open","ping_status":"closed","template":"","meta":{"_acf_changed":false,"_monsterinsights_skip_tracking":false,"_monsterinsights_sitenote_active":false,"_monsterinsights_sitenote_note":"","_monsterinsights_sitenote_category":0},"product_brand":[],"product_cat":[129,125],"product_tag":[],"class_list":{"0":"post-15316","1":"product","2":"type-product","3":"status-publish","4":"has-post-thumbnail","6":"product_cat-kits-completos","7":"product_cat-suspension-delantera","9":"first","10":"instock","11":"taxable","12":"shipping-taxable","13":"purchasable","14":"product-type-variable","15":"has-default-attributes"},"acf":[],"_links":{"self":[{"href":"https:\/\/fxbuggy.com\/es\/wp-json\/wp\/v2\/product\/15316","targetHints":{"allow":["GET"]}}],"collection":[{"href":"https:\/\/fxbuggy.com\/es\/wp-json\/wp\/v2\/product"}],"about":[{"href":"https:\/\/fxbuggy.com\/es\/wp-json\/wp\/v2\/types\/product"}],"replies":[{"embeddable":true,"href":"https:\/\/fxbuggy.com\/es\/wp-json\/wp\/v2\/comments?post=15316"}],"wp:featuredmedia":[{"embeddable":true,"href":"https:\/\/fxbuggy.com\/es\/wp-json\/wp\/v2\/media\/6358"}],"wp:attachment":[{"href":"https:\/\/fxbuggy.com\/es\/wp-json\/wp\/v2\/media?parent=15316"}],"wp:term":[{"taxonomy":"product_brand","embeddable":true,"href":"https:\/\/fxbuggy.com\/es\/wp-json\/wp\/v2\/product_brand?post=15316"},{"taxonomy":"product_cat","embeddable":true,"href":"https:\/\/fxbuggy.com\/es\/wp-json\/wp\/v2\/product_cat?post=15316"},{"taxonomy":"product_tag","embeddable":true,"href":"https:\/\/fxbuggy.com\/es\/wp-json\/wp\/v2\/product_tag?post=15316"}],"curies":[{"name":"wp","href":"https:\/\/api.w.org\/{rel}","templated":true}]}}