{"id":15317,"date":"2020-01-30T12:14:28","date_gmt":"2020-01-30T11:14:28","guid":{"rendered":"https:\/\/fxbuggy.com\/shop\/sin categor\u00eda\/plano-del-cubo-central-para-crosskart-buggy\/"},"modified":"2020-01-30T12:14:28","modified_gmt":"2020-01-30T11:14:28","slug":"plano-del-cubo-central-para-crosskart-buggy","status":"publish","type":"product","link":"https:\/\/fxbuggy.com\/es\/shop\/planos-de-construccion\/plano-del-cubo-central-para-crosskart-buggy\/","title":{"rendered":"Plano del cubo central para Crosskart Buggy"},"content":{"rendered":"<ul>\n<li>Construcci\u00f3n s\u00f3lida con \u00d865 mm de di\u00e1metro interior del cojinete<\/li>\n<li>Sistema tensor de cadena de f\u00e1cil acceso<\/li>\n<li>Plato 520 de aluminio (pregunta por el n\u00famero de dientes preferido)<\/li>\n<li>Dise\u00f1ado para la pinza de freno de doble pist\u00f3n delantera izquierda OEM Honda PC35<\/li>\n<li>Di\u00e1metro del disco de freno \u00d8260 mm<\/li>\n<li>Brida CV \u00d8100 mm. C\u00edrculo de paso: \u00d886 mm (6 x M10) <\/li>\n<li>Dise\u00f1ado para transmisiones BMW E34<\/li>\n<\/ul>\n","protected":false},"excerpt":{"rendered":"<p>Este es el plano t\u00e9cnico para construir el buje central de tu buggy crosskart. Este plano contiene 34 p\u00e1ginas con planos de montaje y fabricaci\u00f3n muy detallados, listas de piezas y descripciones. <\/p>\n<p>El buje central est\u00e1 dise\u00f1ado para llevar la potencia del motor de tu moto a los ejes de transmisi\u00f3n mediante una rueda de cadena 520. Tiene una construcci\u00f3n atornillada para la pinza de freno delantera izquierda de la Honda CBR PC35, disponible en todo el mundo. El cubo central completo con plato, disco de freno y pinza de freno est\u00e1 soportado por 2 grandes rodamientos de bolas con un di\u00e1metro interior de \u00d865 mm. El conjunto se fija mediante 4 casquillos roscados a ambos lados que est\u00e1n soldados a 2 placas del chasis. Gracias a estos casquillos roscados y a los orificios ranurados, el conjunto completo del buje central es ajustable para tensar la cadena.    <\/p>\n<p>Este plan es un archivo descargable. Recibir\u00e1s un archivo PDF que podr\u00e1s descargar inmediatamente despu\u00e9s de la compra.  Si quieres fabricar tus propias piezas, aseg\u00farate de pedir tambi\u00e9n <a href=\"https:\/\/fxbuggy.com\/es\/shop\/limas-laser\/suspension-trasera-limas-laser-para-buggy-crosskart\/?v=796834e7a283\">los archivos DXF de la suspensi\u00f3n trasera<\/a>.<\/p>\n","protected":false},"featured_media":6099,"comment_status":"open","ping_status":"closed","template":"","meta":{"_acf_changed":false,"_monsterinsights_skip_tracking":false,"_monsterinsights_sitenote_active":false,"_monsterinsights_sitenote_note":"","_monsterinsights_sitenote_category":0},"product_brand":[],"product_cat":[128],"product_tag":[],"class_list":{"0":"post-15317","1":"product","2":"type-product","3":"status-publish","4":"has-post-thumbnail","6":"product_cat-planos-de-construccion","8":"first","9":"instock","10":"downloadable","11":"virtual","12":"sold-individually","13":"taxable","14":"purchasable","15":"product-type-simple"},"acf":[],"_links":{"self":[{"href":"https:\/\/fxbuggy.com\/es\/wp-json\/wp\/v2\/product\/15317","targetHints":{"allow":["GET"]}}],"collection":[{"href":"https:\/\/fxbuggy.com\/es\/wp-json\/wp\/v2\/product"}],"about":[{"href":"https:\/\/fxbuggy.com\/es\/wp-json\/wp\/v2\/types\/product"}],"replies":[{"embeddable":true,"href":"https:\/\/fxbuggy.com\/es\/wp-json\/wp\/v2\/comments?post=15317"}],"wp:featuredmedia":[{"embeddable":true,"href":"https:\/\/fxbuggy.com\/es\/wp-json\/wp\/v2\/media\/6099"}],"wp:attachment":[{"href":"https:\/\/fxbuggy.com\/es\/wp-json\/wp\/v2\/media?parent=15317"}],"wp:term":[{"taxonomy":"product_brand","embeddable":true,"href":"https:\/\/fxbuggy.com\/es\/wp-json\/wp\/v2\/product_brand?post=15317"},{"taxonomy":"product_cat","embeddable":true,"href":"https:\/\/fxbuggy.com\/es\/wp-json\/wp\/v2\/product_cat?post=15317"},{"taxonomy":"product_tag","embeddable":true,"href":"https:\/\/fxbuggy.com\/es\/wp-json\/wp\/v2\/product_tag?post=15317"}],"curies":[{"name":"wp","href":"https:\/\/api.w.org\/{rel}","templated":true}]}}