{"id":15326,"date":"2020-01-31T07:55:08","date_gmt":"2020-01-31T06:55:08","guid":{"rendered":"https:\/\/fxbuggy.com\/shop\/sin categor\u00eda\/kit-bastidor-tubular-para-buggy-crosskart\/"},"modified":"2020-01-31T07:55:08","modified_gmt":"2020-01-31T06:55:08","slug":"kit-bastidor-tubular-para-buggy-crosskart","status":"publish","type":"product","link":"https:\/\/fxbuggy.com\/es\/shop\/kits-completos\/kit-bastidor-tubular-para-buggy-crosskart\/","title":{"rendered":"Kit bastidor tubular para Buggy Crosskart"},"content":{"rendered":"<ul>\n<li>Construcci\u00f3n robusta con tubos sin soldadura<\/li>\n<li>Espacio ajustable en el vano motor. (distancia entre ejes) <\/li>\n<li>Tubos principales sin soldadura \u00d840\u00d72,0, \u00d830\u00d72,0, \u00d828\u00d72,0 y \u00d822\u00d72,0 mm<\/li>\n<li>Casquillos silent blocks para el montaje del motor<\/li>\n<\/ul>\n","protected":false},"excerpt":{"rendered":"<h3>Construye una base s\u00f3lida con nuestro kit de armaz\u00f3n tubular<\/h3>\n<p>Emb\u00e1rcate en la construcci\u00f3n de tu buggy crosskart personalizado con nuestro kit de bastidor tubular de primera calidad. Dise\u00f1ado para ofrecer durabilidad y precisi\u00f3n, este kit incluye todo lo necesario para montar la estructura fundamental de tu buggy: el bastidor de la jaula antivuelco. <\/p>\n<h3>\u00bfPor qu\u00e9 elegir nuestro kit de bastidor tubular?<\/h3>\n<ul>\n<li><strong>Construcci\u00f3n robusta:<\/strong> Dise\u00f1ado con tubos sin soldadura, nuestro bastidor incorpora una resistente jaula antivuelco con una barra antivuelco principal estrat\u00e9gicamente situada detr\u00e1s del asiento para una seguridad y estabilidad \u00f3ptimas. El espacio ajustable del vano motor con casquillos silent block garantiza un ajuste perfecto para varios tipos de motor, mejorando la versatilidad de tu construcci\u00f3n. <\/li>\n<li><strong>Preparados con precisi\u00f3n:<\/strong> Todos los componentes est\u00e1n meticulosamente preparados para el montaje. Los tubos principales son de \u00d840 x 2,0 mm, los tubos secundarios de \u00d832 x 2,5 mm y los tubos de refuerzo de \u00d828 x 2,0 mm, todos precortados, doblados y listos para soldar. Esta preparaci\u00f3n de precisi\u00f3n te ahorra tiempo y aumenta la fiabilidad de tu montaje.  <\/li>\n<li><strong>Contenido completo del kit:<\/strong> El kit incluye todas las piezas sin soldar necesarias para construir el bastidor tubular de la jaula antivuelco, junto con los componentes esenciales de chapa. Tambi\u00e9n proporcionamos planos detallados de fabricaci\u00f3n y doblado para facilitar la instalaci\u00f3n de los brazos A y los soportes de los amortiguadores, garantizando que todo quede perfectamente alineado durante tu construcci\u00f3n. <\/li>\n<li><strong>Documentaci\u00f3n completa:<\/strong> Junto con los componentes f\u00edsicos, recibir\u00e1s una copia impresa del plano del armaz\u00f3n, que te guiar\u00e1 en cada paso del proceso de construcci\u00f3n.<\/li>\n<\/ul>\n<p><strong>El kit incluye:<\/strong><\/p>\n<ul>\n<li>Tubos principales, secundarios y de refuerzo precortados y doblados<\/li>\n<li>Todas las piezas de chapa necesarias<\/li>\n<li>Copia impresa del plano del bastidor con planos detallados de fabricaci\u00f3n y plegado<\/li>\n<\/ul>\n<p><strong>Empieza tu construcci\u00f3n con confianza:<\/strong> Con nuestro kit de bastidor tubular, no s\u00f3lo est\u00e1s comprando piezas; est\u00e1s invirtiendo en una soluci\u00f3n integral que prepara el terreno para un buggy crosskart de alto rendimiento. Tanto si eres un constructor experimentado como un reci\u00e9n llegado a la construcci\u00f3n de buggies, este kit te proporciona los componentes y la orientaci\u00f3n necesarios para garantizar una construcci\u00f3n sin problemas y con \u00e9xito. <\/p>\n<p>Prep\u00e1rate para transformar tu garaje en un taller y tus visiones en realidad. Pide hoy mismo tu kit y da el primer paso hacia la fabricaci\u00f3n de un duradero y emocionante buggy crosskart. <\/p>\n","protected":false},"featured_media":6121,"comment_status":"open","ping_status":"closed","template":"","meta":{"_acf_changed":false,"_monsterinsights_skip_tracking":false,"_monsterinsights_sitenote_active":false,"_monsterinsights_sitenote_note":"","_monsterinsights_sitenote_category":0},"product_brand":[],"product_cat":[132,129],"product_tag":[131],"class_list":{"0":"post-15326","1":"product","2":"type-product","3":"status-publish","4":"has-post-thumbnail","6":"product_cat-armazon-tubular","7":"product_cat-kits-completos","8":"product_tag-descuento-en-el-envio","10":"first","11":"onbackorder","12":"featured","13":"taxable","14":"shipping-taxable","15":"purchasable","16":"product-type-simple"},"acf":[],"_links":{"self":[{"href":"https:\/\/fxbuggy.com\/es\/wp-json\/wp\/v2\/product\/15326","targetHints":{"allow":["GET"]}}],"collection":[{"href":"https:\/\/fxbuggy.com\/es\/wp-json\/wp\/v2\/product"}],"about":[{"href":"https:\/\/fxbuggy.com\/es\/wp-json\/wp\/v2\/types\/product"}],"replies":[{"embeddable":true,"href":"https:\/\/fxbuggy.com\/es\/wp-json\/wp\/v2\/comments?post=15326"}],"wp:featuredmedia":[{"embeddable":true,"href":"https:\/\/fxbuggy.com\/es\/wp-json\/wp\/v2\/media\/6121"}],"wp:attachment":[{"href":"https:\/\/fxbuggy.com\/es\/wp-json\/wp\/v2\/media?parent=15326"}],"wp:term":[{"taxonomy":"product_brand","embeddable":true,"href":"https:\/\/fxbuggy.com\/es\/wp-json\/wp\/v2\/product_brand?post=15326"},{"taxonomy":"product_cat","embeddable":true,"href":"https:\/\/fxbuggy.com\/es\/wp-json\/wp\/v2\/product_cat?post=15326"},{"taxonomy":"product_tag","embeddable":true,"href":"https:\/\/fxbuggy.com\/es\/wp-json\/wp\/v2\/product_tag?post=15326"}],"curies":[{"name":"wp","href":"https:\/\/api.w.org\/{rel}","templated":true}]}}