{"id":15328,"date":"2020-02-10T10:35:32","date_gmt":"2020-02-10T09:35:32","guid":{"rendered":"https:\/\/fxbuggy.com\/shop\/sin categor\u00eda\/plano-de-montaje-de-la-palanca-de-cambios-del-buggy-crosskart\/"},"modified":"2020-02-10T10:35:32","modified_gmt":"2020-02-10T09:35:32","slug":"plano-de-montaje-de-la-palanca-de-cambios-del-buggy-crosskart","status":"publish","type":"product","link":"https:\/\/fxbuggy.com\/es\/shop\/planos-de-construccion\/plano-de-montaje-de-la-palanca-de-cambios-del-buggy-crosskart\/","title":{"rendered":"Plano de montaje de la palanca de cambios del Buggy Crosskart"},"content":{"rendered":"<ul>\n<li>Bisagra de baja fricci\u00f3n en la palanca de cambios<\/li>\n<li>Empu\u00f1adura ergon\u00f3mica de la palanca de cambios<\/li>\n<li>Cabeza de r\u00f3tula M5 en el lado de la caja de cambios<\/li>\n<li>Retornador de muelle opcional para cable de tracci\u00f3n<a href=\"https:\/\/fxbuggy.com\/contact\/\">(contacta con nosotros<\/a> para m\u00e1s informaci\u00f3n)<\/li>\n<li>Recorrido m\u00e1ximo de 24 mm cuando se utiliza el retornador de muelle. (sin retornador de muelle el recorrido estar\u00e1 limitado dentro de la caja de cambios) <\/li>\n<li>Soportes en ambos extremos del cable de tracci\u00f3n<\/li>\n<\/ul>\n","protected":false},"excerpt":{"rendered":"<p>Este es el plano t\u00e9cnico para construir la palanca de cambios de tu buggy crosskart. Este plano contiene 27 p\u00e1ginas con planos de montaje y fabricaci\u00f3n muy detallados, listas de piezas y descripciones. <\/p>\n<p>La palanca de cambios tiene una empu\u00f1adura ergon\u00f3mica de aluminio con un fuerte soporte de acero para trasladar el movimiento de la palanca de cambios al cable de tracci\u00f3n. En los planos tambi\u00e9n se incluyen soportes soldados para el cable de tracci\u00f3n. Las piezas de bisagra utilizadas para la palanca de cambios son las mismas que las del buje del brazo A, con m\u00e9todos de fabricaci\u00f3n de baja fricci\u00f3n pero de alta precisi\u00f3n para conseguir un cambio de marchas s\u00f3lido y fiable.  <\/p>\n<p>Este plan es un archivo descargable. Recibir\u00e1s un archivo PDF que podr\u00e1s descargar inmediatamente despu\u00e9s de la compra. <\/p>\n","protected":false},"featured_media":6362,"comment_status":"open","ping_status":"closed","template":"","meta":{"_acf_changed":false,"_monsterinsights_skip_tracking":false,"_monsterinsights_sitenote_active":false,"_monsterinsights_sitenote_note":"","_monsterinsights_sitenote_category":0},"product_brand":[],"product_cat":[128],"product_tag":[],"class_list":{"0":"post-15328","1":"product","2":"type-product","3":"status-publish","4":"has-post-thumbnail","6":"product_cat-planos-de-construccion","8":"first","9":"instock","10":"downloadable","11":"virtual","12":"sold-individually","13":"taxable","14":"purchasable","15":"product-type-simple"},"acf":[],"_links":{"self":[{"href":"https:\/\/fxbuggy.com\/es\/wp-json\/wp\/v2\/product\/15328","targetHints":{"allow":["GET"]}}],"collection":[{"href":"https:\/\/fxbuggy.com\/es\/wp-json\/wp\/v2\/product"}],"about":[{"href":"https:\/\/fxbuggy.com\/es\/wp-json\/wp\/v2\/types\/product"}],"replies":[{"embeddable":true,"href":"https:\/\/fxbuggy.com\/es\/wp-json\/wp\/v2\/comments?post=15328"}],"wp:featuredmedia":[{"embeddable":true,"href":"https:\/\/fxbuggy.com\/es\/wp-json\/wp\/v2\/media\/6362"}],"wp:attachment":[{"href":"https:\/\/fxbuggy.com\/es\/wp-json\/wp\/v2\/media?parent=15328"}],"wp:term":[{"taxonomy":"product_brand","embeddable":true,"href":"https:\/\/fxbuggy.com\/es\/wp-json\/wp\/v2\/product_brand?post=15328"},{"taxonomy":"product_cat","embeddable":true,"href":"https:\/\/fxbuggy.com\/es\/wp-json\/wp\/v2\/product_cat?post=15328"},{"taxonomy":"product_tag","embeddable":true,"href":"https:\/\/fxbuggy.com\/es\/wp-json\/wp\/v2\/product_tag?post=15328"}],"curies":[{"name":"wp","href":"https:\/\/api.w.org\/{rel}","templated":true}]}}