{"id":15341,"date":"2020-02-10T10:40:58","date_gmt":"2020-02-10T09:40:58","guid":{"rendered":"https:\/\/fxbuggy.com\/shop\/sin categor\u00eda\/kit-de-montaje-de-palanca-de-cambios-para-buggy-crosskart\/"},"modified":"2020-02-10T10:40:58","modified_gmt":"2020-02-10T09:40:58","slug":"kit-de-montaje-de-palanca-de-cambios-para-buggy-crosskart","status":"publish","type":"product","link":"https:\/\/fxbuggy.com\/es\/shop\/palanca-de-cambios\/kit-de-montaje-de-palanca-de-cambios-para-buggy-crosskart\/","title":{"rendered":"Kit de montaje de palanca de cambios para Buggy Crosskart"},"content":{"rendered":"<ul>\n<li>Bisagra de baja fricci\u00f3n en la palanca de cambios<\/li>\n<li>Empu\u00f1adura ergon\u00f3mica de la palanca de cambios<\/li>\n<li>Cable Push Pull de alta calidad y flexible<\/li>\n<li>Cabeza de r\u00f3tula M6 en el lado de la caja de cambios<\/li>\n<li>Retornador de muelle opcional para cable de tracci\u00f3n (contacta con nosotros para m\u00e1s informaci\u00f3n)<\/li>\n<li>Recorrido m\u00e1ximo de 24 mm cuando se utiliza el retornador de muelle. (sin retornador de muelle, el recorrido estar\u00e1 limitado por la caja de cambios) <\/li>\n<\/ul>\n","protected":false},"excerpt":{"rendered":"<p>\u00c9ste es el kit completo de montaje de la palanca de cambios para tu Buggy Crosskart. Este kit contiene todas las piezas para transferir tu movimiento de cambio a la caja de cambios. La palanca de cambios tiene una empu\u00f1adura ergon\u00f3mica de aluminio con un fuerte soporte de acero para trasladar tu movimiento de cambio de marchas al cable de empuje y tracci\u00f3n.   El pomo de la palanca de cambios tiene un aspecto muy duro y robusto.<\/p>\n<p>El pomo de la palanca de cambios est\u00e1 atornillado con un tornillo M10 a un casquillo que est\u00e1 soldado a la placa principal. La placa principal de la palanca de cambios es de acero de 8 mm en el que se ha aplicado una reducci\u00f3n de peso. <\/p>\n<p>La bisagra consta de un espaciador interior de acero, 2 cojinetes de pl\u00e1stico (POM), 2 juntas t\u00f3ricas y un casquillo de soldadura. Las bisagras utilizadas para la palanca de cambios son las mismas que en los brazos A. Las bisagras tienen baja fricci\u00f3n. Se ha utilizado un m\u00e9todo de fabricaci\u00f3n muy preciso para conseguir cambios de marcha s\u00f3lidos y fiables.   <\/p>\n<p>El cable de tracci\u00f3n de alta calidad tiene una gran capacidad de carga. El cable tiene un radio de curvatura muy peque\u00f1o y est\u00e1 garantizado hasta 1.000.000 de carreras. La parte interior del cable de tracci\u00f3n es de acero inoxidable reforzado. El cable es extremadamente suave y adecuado para altas frecuencias de desplazamiento.<\/p>\n<p>Tambi\u00e9n se incluyen en este kit los soportes para soldar el cable de empuje y tracci\u00f3n al bastidor.<\/p>\n<p>Se incluye el <a href=\"https:\/\/fxbuggy.com\/es\/shop\/planos-de-construccion\/plano-de-montaje-de-la-palanca-de-cambios-del-buggy-crosskart\/\">plano de montaje de la palanca de cambios<\/a> (copia impresa).<\/p>\n","protected":false},"featured_media":13436,"comment_status":"open","ping_status":"closed","template":"","meta":{"_acf_changed":false,"_monsterinsights_skip_tracking":false,"_monsterinsights_sitenote_active":false,"_monsterinsights_sitenote_note":"","_monsterinsights_sitenote_category":0},"product_brand":[],"product_cat":[129,124],"product_tag":[],"class_list":{"0":"post-15341","1":"product","2":"type-product","3":"status-publish","4":"has-post-thumbnail","6":"product_cat-kits-completos","7":"product_cat-palanca-de-cambios","9":"first","10":"instock","11":"taxable","12":"shipping-taxable","13":"purchasable","14":"product-type-simple"},"acf":[],"_links":{"self":[{"href":"https:\/\/fxbuggy.com\/es\/wp-json\/wp\/v2\/product\/15341","targetHints":{"allow":["GET"]}}],"collection":[{"href":"https:\/\/fxbuggy.com\/es\/wp-json\/wp\/v2\/product"}],"about":[{"href":"https:\/\/fxbuggy.com\/es\/wp-json\/wp\/v2\/types\/product"}],"replies":[{"embeddable":true,"href":"https:\/\/fxbuggy.com\/es\/wp-json\/wp\/v2\/comments?post=15341"}],"wp:featuredmedia":[{"embeddable":true,"href":"https:\/\/fxbuggy.com\/es\/wp-json\/wp\/v2\/media\/13436"}],"wp:attachment":[{"href":"https:\/\/fxbuggy.com\/es\/wp-json\/wp\/v2\/media?parent=15341"}],"wp:term":[{"taxonomy":"product_brand","embeddable":true,"href":"https:\/\/fxbuggy.com\/es\/wp-json\/wp\/v2\/product_brand?post=15341"},{"taxonomy":"product_cat","embeddable":true,"href":"https:\/\/fxbuggy.com\/es\/wp-json\/wp\/v2\/product_cat?post=15341"},{"taxonomy":"product_tag","embeddable":true,"href":"https:\/\/fxbuggy.com\/es\/wp-json\/wp\/v2\/product_tag?post=15341"}],"curies":[{"name":"wp","href":"https:\/\/api.w.org\/{rel}","templated":true}]}}