{"id":15345,"date":"2020-02-10T06:19:19","date_gmt":"2020-02-10T05:19:19","guid":{"rendered":"https:\/\/fxbuggy.com\/shop\/sin categor\u00eda\/kit-completo-de-suspension-trasera-para-buggy-crosskart\/"},"modified":"2020-02-10T06:19:19","modified_gmt":"2020-02-10T05:19:19","slug":"kit-completo-de-suspension-trasera-para-buggy-crosskart","status":"publish","type":"product","link":"https:\/\/fxbuggy.com\/es\/shop\/suspension-trasera\/kit-completo-de-suspension-trasera-para-buggy-crosskart\/","title":{"rendered":"Kit completo de suspensi\u00f3n trasera para Buggy Crosskart"},"content":{"rendered":"<ul>\n<li>Suspensi\u00f3n independiente de doble horquilla<\/li>\n<li>Cubo central de acero macizo de una pieza<\/li>\n<li>Dise\u00f1ado para ejes de transmisi\u00f3n BMW E34 ampliamente disponibles<\/li>\n<li>Bridas de rueda de acero macizo de una pieza<\/li>\n<li>Adecuado para llantas con patr\u00f3n de tornillos 110\/4<\/li>\n<li>Disco de freno central de \u00d8260 mm (acero arenado resistente a la abrasi\u00f3n)<\/li>\n<li>Cojinetes de casquillo de bisagra de PU de baja fricci\u00f3n, incluidas juntas t\u00f3ricas en los brazos A<\/li>\n<li>Sistema tensor de cadena incorporado<\/li>\n<li>Rueda de cadena 530, acero, 60 dientes<\/li>\n<li>Adecuado para una sola pinza de freno delantera izquierda Honda PC35<\/li>\n<li>Las piezas que no necesitan soldarse se cincan<\/li>\n<li>Ancho de v\u00eda: 1475 mm<\/li>\n<li>Recorrido de las ruedas: 241 mm<\/li>\n<li>Recorrido del amortiguador: 135 mm<\/li>\n<li>Balanceo \/ peralte a tope 6\u00ba<\/li>\n<\/ul>\n","protected":false},"excerpt":{"rendered":"<p>Esta es la suspensi\u00f3n trasera completa para tu buggy crosskart. Esta suspensi\u00f3n trasera est\u00e1 especialmente dise\u00f1ada para uso todoterreno. La geometr\u00eda de doble brazo en A proporciona una buena tracci\u00f3n y una parte trasera de karting de cross muy estable y f\u00e1cil de manejar. Debido a su curva de ca\u00edda negativa durante el recorrido de la suspensi\u00f3n, estas caracter\u00edsticas positivas subsisten en las curvas.   <\/p>\n<p>La suspensi\u00f3n trasera se basa en los ejes de transmisi\u00f3n est\u00e1ndar del BMW E34, con juntas atornilladas a ambos lados y disponibles en todo el mundo. Los cubos de las ruedas y el cubo central son de acero macizo de una sola pieza. El mecanismo de freno est\u00e1 dise\u00f1ado para una sola pinza de freno delantero Honda PC35. Los montantes est\u00e1n dise\u00f1ados para llantas de 12&#8243; con un patr\u00f3n de tornillos 110\/4.   <\/p>\n<p>Se incluye el plano de construcci\u00f3n, as\u00ed como un dibujo 1:1 para utilizarlo como plantilla de soldadura para el brazo A inferior y superior.<\/p>\n","protected":false},"featured_media":6348,"comment_status":"open","ping_status":"closed","template":"","meta":{"_acf_changed":false,"_monsterinsights_skip_tracking":false,"_monsterinsights_sitenote_active":false,"_monsterinsights_sitenote_note":"","_monsterinsights_sitenote_category":0},"product_brand":[],"product_cat":[129,127],"product_tag":[131],"class_list":{"0":"post-15345","1":"product","2":"type-product","3":"status-publish","4":"has-post-thumbnail","6":"product_cat-kits-completos","7":"product_cat-suspension-trasera","8":"product_tag-descuento-en-el-envio","10":"first","11":"instock","12":"featured","13":"taxable","14":"shipping-taxable","15":"purchasable","16":"product-type-simple"},"acf":[],"_links":{"self":[{"href":"https:\/\/fxbuggy.com\/es\/wp-json\/wp\/v2\/product\/15345","targetHints":{"allow":["GET"]}}],"collection":[{"href":"https:\/\/fxbuggy.com\/es\/wp-json\/wp\/v2\/product"}],"about":[{"href":"https:\/\/fxbuggy.com\/es\/wp-json\/wp\/v2\/types\/product"}],"replies":[{"embeddable":true,"href":"https:\/\/fxbuggy.com\/es\/wp-json\/wp\/v2\/comments?post=15345"}],"wp:featuredmedia":[{"embeddable":true,"href":"https:\/\/fxbuggy.com\/es\/wp-json\/wp\/v2\/media\/6348"}],"wp:attachment":[{"href":"https:\/\/fxbuggy.com\/es\/wp-json\/wp\/v2\/media?parent=15345"}],"wp:term":[{"taxonomy":"product_brand","embeddable":true,"href":"https:\/\/fxbuggy.com\/es\/wp-json\/wp\/v2\/product_brand?post=15345"},{"taxonomy":"product_cat","embeddable":true,"href":"https:\/\/fxbuggy.com\/es\/wp-json\/wp\/v2\/product_cat?post=15345"},{"taxonomy":"product_tag","embeddable":true,"href":"https:\/\/fxbuggy.com\/es\/wp-json\/wp\/v2\/product_tag?post=15345"}],"curies":[{"name":"wp","href":"https:\/\/api.w.org\/{rel}","templated":true}]}}