{"id":15346,"date":"2020-02-10T12:25:42","date_gmt":"2020-02-10T11:25:42","guid":{"rendered":"https:\/\/fxbuggy.com\/shop\/sin categor\u00eda\/plano-del-sistema-de-direccion-del-buggy-crosskart\/"},"modified":"2020-02-10T12:25:42","modified_gmt":"2020-02-10T11:25:42","slug":"plano-del-sistema-de-direccion-del-buggy-crosskart","status":"publish","type":"product","link":"https:\/\/fxbuggy.com\/es\/shop\/planos-de-construccion\/plano-del-sistema-de-direccion-del-buggy-crosskart\/","title":{"rendered":"Plano del sistema de direcci\u00f3n del Buggy Crosskart"},"content":{"rendered":"<ul>\n<li>Pi\u00f1\u00f3n y cremallera de relaci\u00f3n corta incl. protectores <\/li>\n<li>Conjunto de bisagras estable para curvas de 45\u00ba como m\u00e1ximo<\/li>\n<li>Placas de montaje del chasis para bisagras y cremallera de direcci\u00f3n<\/li>\n<li>Volante de 300 mm<\/li>\n<li>Barras de la columna de direcci\u00f3n y barras de la cremallera de direcci\u00f3n<\/li>\n<li>Cabezas de r\u00f3tula de gran desalineaci\u00f3n<\/li>\n<\/ul>\n","protected":false},"excerpt":{"rendered":"<p>Este es el plano t\u00e9cnico para construir el sistema de direcci\u00f3n de tu buggy crosskart. Este plano contiene 29 p\u00e1ginas con planos de montaje y fabricaci\u00f3n muy detallados, listas de piezas y descripciones. <\/p>\n<p>El sistema de direcci\u00f3n tiene una cremallera y un pi\u00f1\u00f3n de relaci\u00f3n corta que incluyen botas de protecci\u00f3n y un volante de 300 mm para cambiar r\u00e1pidamente de direcci\u00f3n. Se ha construido una bisagra de articulaci\u00f3n HD estable para los puntos de vuelco de la columna de direcci\u00f3n. El conjunto de bisagra, cremallera de direcci\u00f3n y volante incluye soportes de montaje y fijaciones en los planos. La columna de direcci\u00f3n est\u00e1 fabricada con tubos sin soldadura de \u00d824 x 3,0 mm. Varillas de direcci\u00f3n de tubos de \u00d822 x 2,0 mm. Cabezas de r\u00f3tula de alta alineaci\u00f3n en el lado del montante.     <\/p>\n<p>Este plan es un archivo descargable. Recibir\u00e1s un archivo PDF que podr\u00e1s descargar inmediatamente despu\u00e9s de la compra. <\/p>\n","protected":false},"featured_media":6377,"comment_status":"open","ping_status":"closed","template":"","meta":{"_acf_changed":false,"_monsterinsights_skip_tracking":false,"_monsterinsights_sitenote_active":false,"_monsterinsights_sitenote_note":"","_monsterinsights_sitenote_category":0},"product_brand":[],"product_cat":[128],"product_tag":[],"class_list":{"0":"post-15346","1":"product","2":"type-product","3":"status-publish","4":"has-post-thumbnail","6":"product_cat-planos-de-construccion","8":"first","9":"instock","10":"downloadable","11":"virtual","12":"sold-individually","13":"taxable","14":"purchasable","15":"product-type-simple"},"acf":[],"_links":{"self":[{"href":"https:\/\/fxbuggy.com\/es\/wp-json\/wp\/v2\/product\/15346","targetHints":{"allow":["GET"]}}],"collection":[{"href":"https:\/\/fxbuggy.com\/es\/wp-json\/wp\/v2\/product"}],"about":[{"href":"https:\/\/fxbuggy.com\/es\/wp-json\/wp\/v2\/types\/product"}],"replies":[{"embeddable":true,"href":"https:\/\/fxbuggy.com\/es\/wp-json\/wp\/v2\/comments?post=15346"}],"wp:featuredmedia":[{"embeddable":true,"href":"https:\/\/fxbuggy.com\/es\/wp-json\/wp\/v2\/media\/6377"}],"wp:attachment":[{"href":"https:\/\/fxbuggy.com\/es\/wp-json\/wp\/v2\/media?parent=15346"}],"wp:term":[{"taxonomy":"product_brand","embeddable":true,"href":"https:\/\/fxbuggy.com\/es\/wp-json\/wp\/v2\/product_brand?post=15346"},{"taxonomy":"product_cat","embeddable":true,"href":"https:\/\/fxbuggy.com\/es\/wp-json\/wp\/v2\/product_cat?post=15346"},{"taxonomy":"product_tag","embeddable":true,"href":"https:\/\/fxbuggy.com\/es\/wp-json\/wp\/v2\/product_tag?post=15346"}],"curies":[{"name":"wp","href":"https:\/\/api.w.org\/{rel}","templated":true}]}}