{"id":15357,"date":"2020-12-07T14:36:45","date_gmt":"2020-12-07T13:36:45","guid":{"rendered":"https:\/\/fxbuggy.com\/shop\/sin categor\u00eda\/cable-del-acelerador\/"},"modified":"2020-12-07T14:36:45","modified_gmt":"2020-12-07T13:36:45","slug":"cable-del-acelerador","status":"publish","type":"product","link":"https:\/\/fxbuggy.com\/es\/shop\/caja-de-pedales\/cable-del-acelerador\/","title":{"rendered":"Cable del acelerador"},"content":{"rendered":"","protected":false},"excerpt":{"rendered":"<p>Cable del acelerador completo con cable interior de \u00d81 mm y longitud total de 2500 mm. El cilindro del extremo es de \u00d86 x 6 mm.<\/p>\n<p>El cable se puede hacer m\u00e1s largo encajando a presi\u00f3n la horquilla en el cable. Ambos reguladores, incluida la contratuerca, te dar\u00e1n la posibilidad de ajustar con precisi\u00f3n el juego libre.<\/p>\n","protected":false},"featured_media":8441,"comment_status":"open","ping_status":"closed","template":"","meta":{"_acf_changed":false,"_monsterinsights_skip_tracking":false,"_monsterinsights_sitenote_active":false,"_monsterinsights_sitenote_note":"","_monsterinsights_sitenote_category":0},"product_brand":[],"product_cat":[134],"product_tag":[],"class_list":{"0":"post-15357","1":"product","2":"type-product","3":"status-publish","4":"has-post-thumbnail","6":"product_cat-caja-de-pedales","8":"first","9":"instock","10":"taxable","11":"shipping-taxable","12":"purchasable","13":"product-type-simple"},"acf":[],"_links":{"self":[{"href":"https:\/\/fxbuggy.com\/es\/wp-json\/wp\/v2\/product\/15357","targetHints":{"allow":["GET"]}}],"collection":[{"href":"https:\/\/fxbuggy.com\/es\/wp-json\/wp\/v2\/product"}],"about":[{"href":"https:\/\/fxbuggy.com\/es\/wp-json\/wp\/v2\/types\/product"}],"replies":[{"embeddable":true,"href":"https:\/\/fxbuggy.com\/es\/wp-json\/wp\/v2\/comments?post=15357"}],"wp:featuredmedia":[{"embeddable":true,"href":"https:\/\/fxbuggy.com\/es\/wp-json\/wp\/v2\/media\/8441"}],"wp:attachment":[{"href":"https:\/\/fxbuggy.com\/es\/wp-json\/wp\/v2\/media?parent=15357"}],"wp:term":[{"taxonomy":"product_brand","embeddable":true,"href":"https:\/\/fxbuggy.com\/es\/wp-json\/wp\/v2\/product_brand?post=15357"},{"taxonomy":"product_cat","embeddable":true,"href":"https:\/\/fxbuggy.com\/es\/wp-json\/wp\/v2\/product_cat?post=15357"},{"taxonomy":"product_tag","embeddable":true,"href":"https:\/\/fxbuggy.com\/es\/wp-json\/wp\/v2\/product_tag?post=15357"}],"curies":[{"name":"wp","href":"https:\/\/api.w.org\/{rel}","templated":true}]}}