{"id":15366,"date":"2020-03-10T07:22:08","date_gmt":"2020-03-10T06:22:08","guid":{"rendered":"https:\/\/fxbuggy.com\/shop\/sin categor\u00eda\/limas-laser-de-bastidor-para-buggy-crosskart\/"},"modified":"2020-03-10T07:22:08","modified_gmt":"2020-03-10T06:22:08","slug":"limas-laser-de-bastidor-para-buggy-crosskart","status":"publish","type":"product","link":"https:\/\/fxbuggy.com\/es\/shop\/limas-laser\/limas-laser-de-bastidor-para-buggy-crosskart\/","title":{"rendered":"Limas L\u00e1ser de Bastidor para Buggy Crosskart"},"content":{"rendered":"<ul>\n<li>Construcci\u00f3n robusta con tubos sin soldadura<\/li>\n<li>Espacio ajustable en el vano motor. (distancia entre ejes) <\/li>\n<li>Tubos principales sin soldadura \u00d840&#215;2,0, \u00d830&#215;2,0, \u00d828&#215;2,0 y \u00d822&#215;2,0 mm<\/li>\n<li>Casquillos silent blocks para el montaje del motor<\/li>\n<\/ul>\n","protected":false},"excerpt":{"rendered":"<p>Estos son los archivos DXF para cortar con l\u00e1ser los componentes necesarios para construir el bastidor tubular de tu buggy crosskart. Este producto contiene los archivos DXF que se pueden cargar directamente en una cortadora l\u00e1ser. <\/p>\n<p>El bastidor tiene una construcci\u00f3n resistente con tubos sin soldadura y 1 barra antivuelco principal justo detr\u00e1s del asiento. Tiene un espacio ajustable en el vano motor con casquillos silent block para el montaje del motor. En el <a href=\"https:\/\/fxbuggy.com\/es\/shop\/planos-de-construccion\/plano-de-bastidor-tubular-para-buggy-crosskart\/\">plano del bastidor del buggy<\/a> hay planos detallados de fabricaci\u00f3n y flexi\u00f3n, incluidos los puntos de montaje del brazo A y los amortiguadores. Los tubos principales son de \u00d840 x 2,0 con tubos secundarios de \u00d832 x 2,5 y tubos de refuerzo de \u00d828 x 2,0.   <\/p>\n<p>Este producto es descargable. Recibir\u00e1s archivos DXF, que podr\u00e1s descargar inmediatamente despu\u00e9s de la compra. Si a\u00fan no tienes el plano para construir el bastidor, aseg\u00farate de pedir tambi\u00e9n los <a href=\"https:\/\/fxbuggy.com\/es\/shop\/planos-de-construccion\/plano-de-bastidor-tubular-para-buggy-crosskart\/\">archivos PDF para construir el bastidor del buggy<\/a>.  <\/p>\n","protected":false},"featured_media":7153,"comment_status":"open","ping_status":"closed","template":"","meta":{"_acf_changed":false,"_monsterinsights_skip_tracking":false,"_monsterinsights_sitenote_active":false,"_monsterinsights_sitenote_note":"","_monsterinsights_sitenote_category":0},"product_brand":[],"product_cat":[133],"product_tag":[],"class_list":{"0":"post-15366","1":"product","2":"type-product","3":"status-publish","4":"has-post-thumbnail","6":"product_cat-limas-laser","8":"first","9":"instock","10":"downloadable","11":"virtual","12":"sold-individually","13":"taxable","14":"purchasable","15":"product-type-simple"},"acf":[],"_links":{"self":[{"href":"https:\/\/fxbuggy.com\/es\/wp-json\/wp\/v2\/product\/15366","targetHints":{"allow":["GET"]}}],"collection":[{"href":"https:\/\/fxbuggy.com\/es\/wp-json\/wp\/v2\/product"}],"about":[{"href":"https:\/\/fxbuggy.com\/es\/wp-json\/wp\/v2\/types\/product"}],"replies":[{"embeddable":true,"href":"https:\/\/fxbuggy.com\/es\/wp-json\/wp\/v2\/comments?post=15366"}],"wp:featuredmedia":[{"embeddable":true,"href":"https:\/\/fxbuggy.com\/es\/wp-json\/wp\/v2\/media\/7153"}],"wp:attachment":[{"href":"https:\/\/fxbuggy.com\/es\/wp-json\/wp\/v2\/media?parent=15366"}],"wp:term":[{"taxonomy":"product_brand","embeddable":true,"href":"https:\/\/fxbuggy.com\/es\/wp-json\/wp\/v2\/product_brand?post=15366"},{"taxonomy":"product_cat","embeddable":true,"href":"https:\/\/fxbuggy.com\/es\/wp-json\/wp\/v2\/product_cat?post=15366"},{"taxonomy":"product_tag","embeddable":true,"href":"https:\/\/fxbuggy.com\/es\/wp-json\/wp\/v2\/product_tag?post=15366"}],"curies":[{"name":"wp","href":"https:\/\/api.w.org\/{rel}","templated":true}]}}