{"id":15375,"date":"2020-12-11T11:24:17","date_gmt":"2020-12-11T10:24:17","guid":{"rendered":"https:\/\/fxbuggy.com\/shop\/sin categor\u00eda\/tubos-de-bastidor-cortados-con-laser-y-doblados\/"},"modified":"2020-12-11T11:24:17","modified_gmt":"2020-12-11T10:24:17","slug":"tubos-de-bastidor-cortados-con-laser-y-doblados","status":"publish","type":"product","link":"https:\/\/fxbuggy.com\/es\/shop\/armazon-tubular\/tubos-de-bastidor-cortados-con-laser-y-doblados\/","title":{"rendered":"Tubos de bastidor, cortados con l\u00e1ser y doblados"},"content":{"rendered":"","protected":false},"excerpt":{"rendered":"<p>Kit de bastidor de jaula antivuelco Tubelar con todos los tubos curvados y precortados con l\u00e1ser con todas las muescas. No se necesita cutter, \u00a1s\u00f3lo encajar y soldar!<\/p>\n<p>Las posiciones de montaje del brazo A tienen muescas para encajar la chapa exactamente en el lugar correcto.<\/p>\n<p>El bastidor tiene una construcci\u00f3n robusta con tubos sin soldadura y 1 barra antivuelco principal justo detr\u00e1s del asiento. Tiene un espacio ajustable en el vano motor. Incluye planos detallados de la fase de montaje.<\/p>\n<p>Los tubos principales son de \u00d840 x 2,0 mm, con tubos secundarios de \u00d832 x 2,5 mm y tubos de refuerzo de \u00d828 x 2,0 mm.<\/p>\n<p>Este producto contiene todos los tubos sin soldar para construir un bastidor tubular de jaula antivuelco para tu buggy crosskart. Todos los tubos principales est\u00e1n precortados, doblados y listos para soldar. Se incluye el <a href=\"https:\/\/fxbuggy.com\/es\/shop\/planos-de-construccion\/plano-de-bastidor-tubular-para-buggy-crosskart\/\">plano del marco<\/a> (copia impresa).<\/p>\n","protected":false},"featured_media":8464,"comment_status":"open","ping_status":"closed","template":"","meta":{"_acf_changed":false,"_monsterinsights_skip_tracking":false,"_monsterinsights_sitenote_active":false,"_monsterinsights_sitenote_note":"","_monsterinsights_sitenote_category":0},"product_brand":[],"product_cat":[132],"product_tag":[131],"class_list":{"0":"post-15375","1":"product","2":"type-product","3":"status-publish","4":"has-post-thumbnail","6":"product_cat-armazon-tubular","7":"product_tag-descuento-en-el-envio","9":"first","10":"onbackorder","11":"taxable","12":"shipping-taxable","13":"purchasable","14":"product-type-simple"},"acf":[],"_links":{"self":[{"href":"https:\/\/fxbuggy.com\/es\/wp-json\/wp\/v2\/product\/15375","targetHints":{"allow":["GET"]}}],"collection":[{"href":"https:\/\/fxbuggy.com\/es\/wp-json\/wp\/v2\/product"}],"about":[{"href":"https:\/\/fxbuggy.com\/es\/wp-json\/wp\/v2\/types\/product"}],"replies":[{"embeddable":true,"href":"https:\/\/fxbuggy.com\/es\/wp-json\/wp\/v2\/comments?post=15375"}],"wp:featuredmedia":[{"embeddable":true,"href":"https:\/\/fxbuggy.com\/es\/wp-json\/wp\/v2\/media\/8464"}],"wp:attachment":[{"href":"https:\/\/fxbuggy.com\/es\/wp-json\/wp\/v2\/media?parent=15375"}],"wp:term":[{"taxonomy":"product_brand","embeddable":true,"href":"https:\/\/fxbuggy.com\/es\/wp-json\/wp\/v2\/product_brand?post=15375"},{"taxonomy":"product_cat","embeddable":true,"href":"https:\/\/fxbuggy.com\/es\/wp-json\/wp\/v2\/product_cat?post=15375"},{"taxonomy":"product_tag","embeddable":true,"href":"https:\/\/fxbuggy.com\/es\/wp-json\/wp\/v2\/product_tag?post=15375"}],"curies":[{"name":"wp","href":"https:\/\/api.w.org\/{rel}","templated":true}]}}