{"id":15388,"date":"2020-12-07T14:18:11","date_gmt":"2020-12-07T13:18:11","guid":{"rendered":"https:\/\/fxbuggy.com\/shop\/sin categor\u00eda\/kit-cilindro-maestro-y-deposito-wilwood-tm1\/"},"modified":"2020-12-07T14:18:11","modified_gmt":"2020-12-07T13:18:11","slug":"kit-cilindro-maestro-y-deposito-wilwood-tm1","status":"publish","type":"product","link":"https:\/\/fxbuggy.com\/es\/shop\/caja-de-pedales\/kit-cilindro-maestro-y-deposito-wilwood-tm1\/","title":{"rendered":"Kit cilindro maestro y dep\u00f3sito Wilwood TM1"},"content":{"rendered":"","protected":false},"excerpt":{"rendered":"<p>Kit de cilindro maestro Wilwood TM1 (n\u00ba 260-11097) que incluye 2 kits de dep\u00f3sito Wilwood (n\u00ba 260-11098) para un sistema de funcionamiento completo. Este es el juego completo para garantizar que toda la fuerza de frenado se env\u00eda desde el pedal a los conductos de freno. El cilindro maestro Wilwood TM1 tiene un di\u00e1metro interior de 15,875 mm (0,625&#8243;) y un recorrido de 33 mm (1,3&#8243;). El dep\u00f3sito Wilwood tiene aproximadamente 0,20 litros (12,6 cu \/ pulgada) cada uno. Este kit contiene dos dep\u00f3sitos, incluidos los latiguillos, las abrazaderas y los soportes de montaje.     <\/p>\n","protected":false},"featured_media":8438,"comment_status":"open","ping_status":"closed","template":"","meta":{"_acf_changed":false,"_monsterinsights_skip_tracking":false,"_monsterinsights_sitenote_active":false,"_monsterinsights_sitenote_note":"","_monsterinsights_sitenote_category":0},"product_brand":[],"product_cat":[134],"product_tag":[],"class_list":{"0":"post-15388","1":"product","2":"type-product","3":"status-publish","4":"has-post-thumbnail","6":"product_cat-caja-de-pedales","8":"first","9":"instock","10":"taxable","11":"shipping-taxable","12":"purchasable","13":"product-type-simple"},"acf":[],"_links":{"self":[{"href":"https:\/\/fxbuggy.com\/es\/wp-json\/wp\/v2\/product\/15388","targetHints":{"allow":["GET"]}}],"collection":[{"href":"https:\/\/fxbuggy.com\/es\/wp-json\/wp\/v2\/product"}],"about":[{"href":"https:\/\/fxbuggy.com\/es\/wp-json\/wp\/v2\/types\/product"}],"replies":[{"embeddable":true,"href":"https:\/\/fxbuggy.com\/es\/wp-json\/wp\/v2\/comments?post=15388"}],"wp:featuredmedia":[{"embeddable":true,"href":"https:\/\/fxbuggy.com\/es\/wp-json\/wp\/v2\/media\/8438"}],"wp:attachment":[{"href":"https:\/\/fxbuggy.com\/es\/wp-json\/wp\/v2\/media?parent=15388"}],"wp:term":[{"taxonomy":"product_brand","embeddable":true,"href":"https:\/\/fxbuggy.com\/es\/wp-json\/wp\/v2\/product_brand?post=15388"},{"taxonomy":"product_cat","embeddable":true,"href":"https:\/\/fxbuggy.com\/es\/wp-json\/wp\/v2\/product_cat?post=15388"},{"taxonomy":"product_tag","embeddable":true,"href":"https:\/\/fxbuggy.com\/es\/wp-json\/wp\/v2\/product_tag?post=15388"}],"curies":[{"name":"wp","href":"https:\/\/api.w.org\/{rel}","templated":true}]}}