{"id":15390,"date":"2020-12-11T14:39:57","date_gmt":"2020-12-11T13:39:57","guid":{"rendered":"https:\/\/fxbuggy.com\/shop\/sin categor\u00eda\/conjunto-de-la-cremallera-de-direccion\/"},"modified":"2020-12-11T14:39:57","modified_gmt":"2020-12-11T13:39:57","slug":"conjunto-de-la-cremallera-de-direccion","status":"publish","type":"product","link":"https:\/\/fxbuggy.com\/es\/shop\/direccion\/conjunto-de-la-cremallera-de-direccion\/","title":{"rendered":"Conjunto de la cremallera de direcci\u00f3n"},"content":{"rendered":"<ul>\n<li>Relaci\u00f3n corta (relaci\u00f3n: 1,2)<\/li>\n<li>Recorrido total de 120 mm (60 mm a cada lado)<\/li>\n<li>460 mm de ancho total<\/li>\n<li>Juntas M10x1,25<\/li>\n<li>9\/16\u2033 30 dientes estriados<\/li>\n<\/ul>\n","protected":false},"excerpt":{"rendered":"<p>El conjunto de cremallera de direcci\u00f3n incluye la <a href=\"https:\/\/fxbuggy.com\/es\/shop\/direccion\/cremallera-de-direccion-solo-cremallera\/\">cremallera de direcci\u00f3n<\/a> (03-0012-00000) m\u00e1s los accesorios para montar una cremallera de direcci\u00f3n completa para tu buggy todoterreno.<\/p>\n<p>Se trata de una caja de direcci\u00f3n de relaci\u00f3n corta ideal para aplicaciones de buggy todoterreno. La relaci\u00f3n es 1:2 y la cremallera de direcci\u00f3n proporciona un recorrido total de 120 mm. (60 mm a cada lado). La anchura desde ambas bolas de articulaci\u00f3n es de 460 mm. Las conexiones de la cremallera de direcci\u00f3n tienen rosca M10x1,25. (Se adapta al casquillo roscado incluido: 01-5000-00018). El estriado de la columna de direcci\u00f3n es de 9\/16&#8243; y tiene 30 dientes.     <\/p>\n<p>Este conjunto completo de cremallera de direcci\u00f3n incluye 2 soportes de pl\u00e1stico PA y una placa de montaje de acero que se puede soldar a cualquier bastidor de buggy. Este conjunto contiene una conexi\u00f3n de columna de direcci\u00f3n que encaja en el eje estriado de la cremallera de direcci\u00f3n. Se incluyen los casquillos de uni\u00f3n de la cremallera de direcci\u00f3n con n\u00famero de pieza 01-5000-00018.  <\/p>\n<p>Este conjunto de cremallera de direcci\u00f3n puede soldarse a cualquier columna de direcci\u00f3n met\u00e1lica.<\/p>\n","protected":false},"featured_media":8474,"comment_status":"open","ping_status":"closed","template":"","meta":{"_acf_changed":false,"_monsterinsights_skip_tracking":false,"_monsterinsights_sitenote_active":false,"_monsterinsights_sitenote_note":"","_monsterinsights_sitenote_category":0},"product_brand":[],"product_cat":[126],"product_tag":[],"class_list":{"0":"post-15390","1":"product","2":"type-product","3":"status-publish","4":"has-post-thumbnail","6":"product_cat-direccion","8":"first","9":"instock","10":"taxable","11":"shipping-taxable","12":"purchasable","13":"product-type-simple"},"acf":[],"_links":{"self":[{"href":"https:\/\/fxbuggy.com\/es\/wp-json\/wp\/v2\/product\/15390","targetHints":{"allow":["GET"]}}],"collection":[{"href":"https:\/\/fxbuggy.com\/es\/wp-json\/wp\/v2\/product"}],"about":[{"href":"https:\/\/fxbuggy.com\/es\/wp-json\/wp\/v2\/types\/product"}],"replies":[{"embeddable":true,"href":"https:\/\/fxbuggy.com\/es\/wp-json\/wp\/v2\/comments?post=15390"}],"wp:featuredmedia":[{"embeddable":true,"href":"https:\/\/fxbuggy.com\/es\/wp-json\/wp\/v2\/media\/8474"}],"wp:attachment":[{"href":"https:\/\/fxbuggy.com\/es\/wp-json\/wp\/v2\/media?parent=15390"}],"wp:term":[{"taxonomy":"product_brand","embeddable":true,"href":"https:\/\/fxbuggy.com\/es\/wp-json\/wp\/v2\/product_brand?post=15390"},{"taxonomy":"product_cat","embeddable":true,"href":"https:\/\/fxbuggy.com\/es\/wp-json\/wp\/v2\/product_cat?post=15390"},{"taxonomy":"product_tag","embeddable":true,"href":"https:\/\/fxbuggy.com\/es\/wp-json\/wp\/v2\/product_tag?post=15390"}],"curies":[{"name":"wp","href":"https:\/\/api.w.org\/{rel}","templated":true}]}}