{"id":15395,"date":"2020-12-11T15:24:11","date_gmt":"2020-12-11T14:24:11","guid":{"rendered":"https:\/\/fxbuggy.com\/shop\/sin categor\u00eda\/conjunto-palanca-de-cambios\/"},"modified":"2020-12-11T15:24:11","modified_gmt":"2020-12-11T14:24:11","slug":"conjunto-palanca-de-cambios","status":"publish","type":"product","link":"https:\/\/fxbuggy.com\/es\/shop\/palanca-de-cambios\/conjunto-palanca-de-cambios\/","title":{"rendered":"Conjunto palanca de cambios"},"content":{"rendered":"","protected":false},"excerpt":{"rendered":"<p>Conjunto completo de palanca de cambios con bisagra de baja fricci\u00f3n y palanca de cambios ergon\u00f3mica. La palanca de cambios tiene una empu\u00f1adura ergon\u00f3mica de aluminio con un fuerte soporte de acero para traducir tu movimiento de cambio de marchas en el cable de empuje y tracci\u00f3n.  El pomo de la palanca de cambios tiene un aspecto muy duro y robusto. El pomo de la palanca de cambios est\u00e1 atornillado con un tornillo M10 a un casquillo que est\u00e1 soldado a la placa principal. La placa principal de la palanca de cambios es de acero de 8 mm en el que se ha aplicado una reducci\u00f3n de peso. <\/p>\n<p>La bisagra consta de un espaciador interior de acero, 2 cojinetes de pl\u00e1stico (POM), 2 juntas t\u00f3ricas y un casquillo de soldadura. Las bisagras utilizadas para la palanca de cambios son las mismas que en los brazos A. Las bisagras tienen baja fricci\u00f3n. Se ha utilizado un m\u00e9todo de fabricaci\u00f3n muy preciso para conseguir cambios de marcha s\u00f3lidos y fiables.   <\/p>\n<p>Se incluye el <a href=\"https:\/\/fxbuggy.com\/es\/shop\/planos-de-construccion\/plano-de-montaje-de-la-palanca-de-cambios-del-buggy-crosskart\/\">plano de montaje de la palanca de cambios<\/a> (copia impresa).<\/p>\n","protected":false},"featured_media":11739,"comment_status":"open","ping_status":"closed","template":"","meta":{"_acf_changed":false,"_monsterinsights_skip_tracking":false,"_monsterinsights_sitenote_active":false,"_monsterinsights_sitenote_note":"","_monsterinsights_sitenote_category":0},"product_brand":[],"product_cat":[124],"product_tag":[],"class_list":{"0":"post-15395","1":"product","2":"type-product","3":"status-publish","4":"has-post-thumbnail","6":"product_cat-palanca-de-cambios","8":"first","9":"instock","10":"taxable","11":"shipping-taxable","12":"purchasable","13":"product-type-simple"},"acf":[],"_links":{"self":[{"href":"https:\/\/fxbuggy.com\/es\/wp-json\/wp\/v2\/product\/15395","targetHints":{"allow":["GET"]}}],"collection":[{"href":"https:\/\/fxbuggy.com\/es\/wp-json\/wp\/v2\/product"}],"about":[{"href":"https:\/\/fxbuggy.com\/es\/wp-json\/wp\/v2\/types\/product"}],"replies":[{"embeddable":true,"href":"https:\/\/fxbuggy.com\/es\/wp-json\/wp\/v2\/comments?post=15395"}],"wp:featuredmedia":[{"embeddable":true,"href":"https:\/\/fxbuggy.com\/es\/wp-json\/wp\/v2\/media\/11739"}],"wp:attachment":[{"href":"https:\/\/fxbuggy.com\/es\/wp-json\/wp\/v2\/media?parent=15395"}],"wp:term":[{"taxonomy":"product_brand","embeddable":true,"href":"https:\/\/fxbuggy.com\/es\/wp-json\/wp\/v2\/product_brand?post=15395"},{"taxonomy":"product_cat","embeddable":true,"href":"https:\/\/fxbuggy.com\/es\/wp-json\/wp\/v2\/product_cat?post=15395"},{"taxonomy":"product_tag","embeddable":true,"href":"https:\/\/fxbuggy.com\/es\/wp-json\/wp\/v2\/product_tag?post=15395"}],"curies":[{"name":"wp","href":"https:\/\/api.w.org\/{rel}","templated":true}]}}