{"id":15399,"date":"2021-03-03T18:45:03","date_gmt":"2021-03-03T17:45:03","guid":{"rendered":"https:\/\/fxbuggy.com\/shop\/sin categor\u00eda\/kit-de-brazos-en-a-de-la-suspension-trasera-juego-de-4\/"},"modified":"2021-03-03T18:45:03","modified_gmt":"2021-03-03T17:45:03","slug":"kit-de-brazos-en-a-de-la-suspension-trasera-juego-de-4","status":"publish","type":"product","link":"https:\/\/fxbuggy.com\/es\/shop\/suspension-trasera\/kit-de-brazos-en-a-de-la-suspension-trasera-juego-de-4\/","title":{"rendered":"Kit de brazos en A de la suspensi\u00f3n trasera (juego de 4)"},"content":{"rendered":"","protected":false},"excerpt":{"rendered":"<p>Kit completo para construir los 4 brazos A de la suspensi\u00f3n trasera. El kit consta de todos los tubos cortados con l\u00e1ser del brazo A, sin necesidad de rectificado adicional. Tambi\u00e9n se incluye una plantilla 1:1 en papel para hacer el trabajo bien y r\u00e1pido. Se incluyen todas las piezas de chapa utilizadas para los refuerzos y la fijaci\u00f3n del chasis. Para los 4 brazos A se incluyen los casquillos roscados, las contratuercas y las r\u00f3tulas de 1\/2&#8243; de alta resistencia y gran desalineaci\u00f3n.<\/p>\n","protected":false},"featured_media":9035,"comment_status":"closed","ping_status":"closed","template":"","meta":{"_acf_changed":false,"_monsterinsights_skip_tracking":false,"_monsterinsights_sitenote_active":false,"_monsterinsights_sitenote_note":"","_monsterinsights_sitenote_category":0},"product_brand":[],"product_cat":[127],"product_tag":[],"class_list":{"0":"post-15399","1":"product","2":"type-product","3":"status-publish","4":"has-post-thumbnail","6":"product_cat-suspension-trasera","8":"first","9":"instock","10":"taxable","11":"shipping-taxable","12":"purchasable","13":"product-type-simple"},"acf":[],"_links":{"self":[{"href":"https:\/\/fxbuggy.com\/es\/wp-json\/wp\/v2\/product\/15399","targetHints":{"allow":["GET"]}}],"collection":[{"href":"https:\/\/fxbuggy.com\/es\/wp-json\/wp\/v2\/product"}],"about":[{"href":"https:\/\/fxbuggy.com\/es\/wp-json\/wp\/v2\/types\/product"}],"replies":[{"embeddable":true,"href":"https:\/\/fxbuggy.com\/es\/wp-json\/wp\/v2\/comments?post=15399"}],"wp:featuredmedia":[{"embeddable":true,"href":"https:\/\/fxbuggy.com\/es\/wp-json\/wp\/v2\/media\/9035"}],"wp:attachment":[{"href":"https:\/\/fxbuggy.com\/es\/wp-json\/wp\/v2\/media?parent=15399"}],"wp:term":[{"taxonomy":"product_brand","embeddable":true,"href":"https:\/\/fxbuggy.com\/es\/wp-json\/wp\/v2\/product_brand?post=15399"},{"taxonomy":"product_cat","embeddable":true,"href":"https:\/\/fxbuggy.com\/es\/wp-json\/wp\/v2\/product_cat?post=15399"},{"taxonomy":"product_tag","embeddable":true,"href":"https:\/\/fxbuggy.com\/es\/wp-json\/wp\/v2\/product_tag?post=15399"}],"curies":[{"name":"wp","href":"https:\/\/api.w.org\/{rel}","templated":true}]}}